{"id":1000,"date":"2018-10-01T18:44:23","date_gmt":"2018-10-01T16:44:23","guid":{"rendered":"http:\/\/villa-corse.fr\/?page_id=1000"},"modified":"2020-02-02T20:24:37","modified_gmt":"2020-02-02T19:24:37","slug":"behind-the-door","status":"publish","type":"page","link":"https:\/\/dalmassy.fr\/en\/behind-the-door\/","title":{"rendered":"Behind the Door"},"content":{"rendered":"<p>[et_pb_section fb_built=&#8221;1&#8243; fullwidth=&#8221;on&#8221; _builder_version=&#8221;3.22&#8243;][et_pb_fullwidth_image src=&#8221;https:\/\/dalmassy.fr\/wp-content\/uploads\/2019\/11\/Jean-pierre-dalmassy-1024&#215;678.jpg&#8221; _builder_version=&#8221;4.0.8&#8243; hover_enabled=&#8221;0&#8243;][\/et_pb_fullwidth_image][\/et_pb_section][et_pb_section fb_built=&#8221;1&#8243; inner_shadow=&#8221;on&#8221; _builder_version=&#8221;3.22&#8243; background_color=&#8221;rgba(62,99,109,0.58)&#8221; use_background_color_gradient=&#8221;on&#8221; background_color_gradient_start=&#8221;#000000&#8243; background_color_gradient_end=&#8221;#bababa&#8221; parallax=&#8221;on&#8221; parallax_method=&#8221;off&#8221;][et_pb_row column_structure=&#8221;1_4,3_4&#8243; _builder_version=&#8221;3.25&#8243; background_size=&#8221;initial&#8221; background_position=&#8221;top_left&#8221; background_repeat=&#8221;repeat&#8221;][et_pb_column type=&#8221;1_4&#8243; _builder_version=&#8221;3.25&#8243; custom_padding=&#8221;|||&#8221; custom_padding__hover=&#8221;|||&#8221;][et_pb_image src=&#8221;http:\/\/dalmassy.fr\/wp-content\/uploads\/2020\/01\/Agatha.jpg&#8221; align_tablet=&#8221;center&#8221; align_phone=&#8221;&#8221; align_last_edited=&#8221;on|desktop&#8221; _builder_version=&#8221;4.0.8&#8243; always_center_on_mobile=&#8221;on&#8221;][\/et_pb_image][et_pb_text _builder_version=&#8221;3.27.4&#8243;]<strong>Musiciens:<\/strong><br \/>\nMarc Ben Hamou piano<br \/>\nMarc Peillon basse<br \/>\nJean Pierre Dalmassy batterie<\/p>\n<p><strong>Label:<\/strong><br \/>\nSergent Major<\/p>\n<p><strong>Distribution:<\/strong><br \/>\nNocturne<\/p>\n<p><strong>Titres :<\/strong><br \/>\n1 Abandonn\u00e9s de Dieu<br \/>\n2 Behind the Door<br \/>\n3 Dure Journ\u00e9e<br \/>\n4 Charlotte B\u00e9b\u00e9 D&#8217;Amour<br \/>\n5 J\u00e9r\u00e9mie Fa-Sol<br \/>\n6 Uctopia<br \/>\n7 Les Chaussettes de la Factrice<br \/>\n8 Petits Pas<br \/>\n9 King Monk<br \/>\n10 Caravan[\/et_pb_text][\/et_pb_column][et_pb_column type=&#8221;3_4&#8243; _builder_version=&#8221;3.25&#8243; custom_padding=&#8221;|||&#8221; custom_padding__hover=&#8221;|||&#8221;][et_pb_text admin_label=&#8221;Text&#8221; _builder_version=&#8221;3.27.4&#8243; background_size=&#8221;initial&#8221; background_position=&#8221;top_left&#8221; background_repeat=&#8221;repeat&#8221; text_orientation=&#8221;center&#8221; module_alignment=&#8221;center&#8221; custom_margin=&#8221;||10px|&#8221; animation_style=&#8221;fade&#8221;]<\/p>\n<h1>Album jazz Agatha &#8220;Behind the Door&#8221;<\/h1>\n<p>&nbsp;<\/p>\n<p>Pour son 3em album le groupe Agatha, nous propose une musique des plus moderne, en passant par le jazz, le latin survolant la musique classique et le contrepoint.<\/p>\n<p>\u00abBehind The Door\u00bb un titre \u00e9vocateur de la transcendance et de l&#8217;\u00e9motion. Le myst\u00e8re de cette porte qui s&#8217;ouvre, titre apr\u00e8s titre, d\u00e9voile les compositions originales du pianiste Marc Ben Hamou. Au jeu inspir\u00e9 des plus grands (Martial Solal et Glenn Gould). Fluidit\u00e9 de l&#8217; instant ou l&#8217; harmonie se pose sur une rythmique soud\u00e9e, d&#8217;une pr\u00e9cision redoutable, un tapis pour une improvisation maitris\u00e9e, contr\u00f4l\u00e9e le cri de l&#8217;archet comme une voie se d\u00e9chire, le son et le swing de notre contrebassiste Marc Peillon touchent notre moi profond. L&#8217;interaction de la basse et de la batterie de J Pierre Dalmassy est une vraie alchimie. Un drive subtil, fougue et virtuosit\u00e9, un sens du touch\u00e9 pour une recherche sonore dans une qu\u00eate d&#8217;un tout absolu.<\/p>\n<p>Le trio Agatha s&#8217;en donne a c\u0153ur joie pour le plaisir de l&#8217;auditeur. Quelle belle qui\u00e9tude pour l&#8217;\u00e2me et les sens. Le visuel (magnifique) de l&#8217;album \u00e9tant en ad\u00e9quation avec cet univers tout personnel. AGATHA une envie de jouer et de partager ?!<\/p>\n<p>&nbsp;[\/et_pb_text][et_pb_image src=&#8221;http:\/\/dalmassy.fr\/wp-content\/uploads\/2020\/01\/BenHamouPeillonDalmassy2.jpg&#8221; align=&#8221;center&#8221; align_tablet=&#8221;center&#8221; align_phone=&#8221;&#8221; align_last_edited=&#8221;on|desktop&#8221; _builder_version=&#8221;4.0.8&#8243; always_center_on_mobile=&#8221;on&#8221;][\/et_pb_image][et_pb_image src=&#8221;http:\/\/dalmassy.fr\/wp-content\/uploads\/2020\/01\/Marc-peillon.jpg&#8221; align=&#8221;center&#8221; align_tablet=&#8221;center&#8221; align_phone=&#8221;&#8221; align_last_edited=&#8221;on|desktop&#8221; _builder_version=&#8221;4.0.8&#8243; always_center_on_mobile=&#8221;on&#8221;][\/et_pb_image][\/et_pb_column][\/et_pb_row][et_pb_row module_id=&#8221;textaccueil&#8221; _builder_version=&#8221;3.25&#8243; background_color=&#8221;rgba(0,0,0,0.91)&#8221; use_background_color_gradient=&#8221;on&#8221; background_color_gradient_start=&#8221;#191919&#8243; background_color_gradient_end=&#8221;#260300&#8243; background_size=&#8221;initial&#8221; background_position=&#8221;top_left&#8221; background_repeat=&#8221;repeat&#8221; custom_margin=&#8221;||30px|&#8221; custom_padding=&#8221;15px|0px|0px|0px&#8221;][et_pb_column type=&#8221;4_4&#8243; _builder_version=&#8221;3.25&#8243; custom_padding=&#8221;|||&#8221; custom_padding__hover=&#8221;|||&#8221;][et_pb_audio audio=&#8221;http:\/\/dalmassy.fr\/wp-content\/uploads\/2020\/01\/04-Charlotte-Bebe-DAmour.mp3&#8243; title=&#8221;Charlotte B\u00e9b\u00e9 D&#8217;Amour&#8221; artist_name=&#8221;Agatha&#8221; album_name=&#8221;Behind the Door&#8221; image_url=&#8221;http:\/\/villa-corse.fr\/wp-content\/uploads\/2018\/09\/Agatha.jpg&#8221; _builder_version=&#8221;4.0.8&#8243; background_layout=&#8221;light&#8221;][\/et_pb_audio][et_pb_audio audio=&#8221;http:\/\/dalmassy.fr\/wp-content\/uploads\/2020\/01\/05-Jeremie-Fa-Sol.mp3&#8243; title=&#8221;J\u00e9r\u00e9mie Fa-Sol&#8221; artist_name=&#8221;Agatha&#8221; album_name=&#8221;Behind the Door&#8221; image_url=&#8221;http:\/\/villa-corse.fr\/wp-content\/uploads\/2018\/09\/Agatha.jpg&#8221; _builder_version=&#8221;4.0.8&#8243; background_layout=&#8221;light&#8221;][\/et_pb_audio][et_pb_audio audio=&#8221;http:\/\/dalmassy.fr\/wp-content\/uploads\/2020\/01\/06-Uctopia.mp3&#8243; title=&#8221;Uctopia&#8221; artist_name=&#8221;Agatha&#8221; album_name=&#8221;Agatha %22Behind the Door%22&#8243; _builder_version=&#8221;4.0.8&#8243; background_layout=&#8221;light&#8221;][\/et_pb_audio][\/et_pb_column][\/et_pb_row][\/et_pb_section]<\/p>\n","protected":false},"excerpt":{"rendered":"<p>[et_pb_section fb_built=&#8221;1&#8243; fullwidth=&#8221;on&#8221; _builder_version=&#8221;3.22&#8243;][et_pb_fullwidth_image src=&#8221;https:\/\/dalmassy.fr\/wp-content\/uploads\/2019\/11\/Jean-pierre-dalmassy-1024&#215;678.jpg&#8221; _builder_version=&#8221;4.0.8&#8243; hover_enabled=&#8221;0&#8243;][\/et_pb_fullwidth_image][\/et_pb_section][et_pb_section fb_built=&#8221;1&#8243; inner_shadow=&#8221;on&#8221; _builder_version=&#8221;3.22&#8243; background_color=&#8221;rgba(62,99,109,0.58)&#8221; use_background_color_gradient=&#8221;on&#8221; background_color_gradient_start=&#8221;#000000&#8243; background_color_gradient_end=&#8221;#bababa&#8221; parallax=&#8221;on&#8221; parallax_method=&#8221;off&#8221;][et_pb_row column_structure=&#8221;1_4,3_4&#8243; _builder_version=&#8221;3.25&#8243; background_size=&#8221;initial&#8221; background_position=&#8221;top_left&#8221; background_repeat=&#8221;repeat&#8221;][et_pb_column type=&#8221;1_4&#8243; _builder_version=&#8221;3.25&#8243; custom_padding=&#8221;|||&#8221; custom_padding__hover=&#8221;|||&#8221;][et_pb_image src=&#8221;http:\/\/dalmassy.fr\/wp-content\/uploads\/2020\/01\/Agatha.jpg&#8221; align_tablet=&#8221;center&#8221; align_phone=&#8221;&#8221; align_last_edited=&#8221;on|desktop&#8221; _builder_version=&#8221;4.0.8&#8243; always_center_on_mobile=&#8221;on&#8221;][\/et_pb_image][et_pb_text _builder_version=&#8221;3.27.4&#8243;]Musiciens: Marc Ben Hamou piano Marc Peillon basse Jean Pierre Dalmassy batterie Label: Sergent Major Distribution: Nocturne Titres : 1 Abandonn\u00e9s de Dieu 2 [&hellip;]<\/p>\n","protected":false},"author":1,"featured_media":0,"parent":0,"menu_order":0,"comment_status":"closed","ping_status":"closed","template":"","meta":{"_et_pb_use_builder":"on","_et_pb_old_content":"","_et_gb_content_width":""},"_links":{"self":[{"href":"https:\/\/dalmassy.fr\/en\/wp-json\/wp\/v2\/pages\/1000"}],"collection":[{"href":"https:\/\/dalmassy.fr\/en\/wp-json\/wp\/v2\/pages"}],"about":[{"href":"https:\/\/dalmassy.fr\/en\/wp-json\/wp\/v2\/types\/page"}],"author":[{"embeddable":true,"href":"https:\/\/dalmassy.fr\/en\/wp-json\/wp\/v2\/users\/1"}],"replies":[{"embeddable":true,"href":"https:\/\/dalmassy.fr\/en\/wp-json\/wp\/v2\/comments?post=1000"}],"version-history":[{"count":11,"href":"https:\/\/dalmassy.fr\/en\/wp-json\/wp\/v2\/pages\/1000\/revisions"}],"predecessor-version":[{"id":2158,"href":"https:\/\/dalmassy.fr\/en\/wp-json\/wp\/v2\/pages\/1000\/revisions\/2158"}],"wp:attachment":[{"href":"https:\/\/dalmassy.fr\/en\/wp-json\/wp\/v2\/media?parent=1000"}],"curies":[{"name":"wp","href":"https:\/\/api.w.org\/{rel}","templated":true}]}}