{"id":1316,"date":"2019-10-08T15:19:34","date_gmt":"2019-10-08T13:19:34","guid":{"rendered":"http:\/\/dalmassy.fr\/panier\/"},"modified":"2020-01-24T20:04:46","modified_gmt":"2020-01-24T19:04:46","slug":"panier","status":"publish","type":"page","link":"https:\/\/dalmassy.fr\/en\/panier\/","title":{"rendered":"Panier"},"content":{"rendered":"[et_pb_section fb_built=&#8221;1&#8243; admin_label=&#8221;section&#8221; _builder_version=&#8221;3.22&#8243;][et_pb_row admin_label=&#8221;row&#8221; _builder_version=&#8221;3.25&#8243; background_size=&#8221;initial&#8221; background_position=&#8221;top_left&#8221; background_repeat=&#8221;repeat&#8221;][et_pb_column type=&#8221;4_4&#8243; _builder_version=&#8221;3.25&#8243; custom_padding=&#8221;|||&#8221; custom_padding__hover=&#8221;|||&#8221;][et_pb_text admin_label=&#8221;Text&#8221; _builder_version=&#8221;4.0.8&#8243; text_font=&#8221;|700|||||||&#8221; text_text_color=&#8221;#000000&#8243; background_size=&#8221;initial&#8221; background_position=&#8221;top_left&#8221; background_repeat=&#8221;repeat&#8221;]\n[\/et_pb_text][et_pb_text _builder_version=&#8221;4.0.8&#8243; text_font=&#8221;|||on|||||&#8221; text_text_color=&#8221;#000000&#8243; header_font=&#8221;|||on|||||&#8221; header_text_color=&#8221;#000000&#8243; hover_enabled=&#8221;0&#8243; text_text_shadow_style=&#8221;preset1&#8243; text_text_shadow_color=&#8221;#e02b20&#8243; header_text_shadow_style=&#8221;preset1&#8243; header_text_shadow_color=&#8221;#e02b20&#8243;]<p><strong>NOUS UTILISONS PAYPAL POUR NOS PAIEMENTS EN LIGNE. PayPal.<\/strong><\/p>\n<p>Le service Paypal allie un cryptage des donn\u00e9es et une technologie antifraude.<\/p>\n<p><img loading=\"lazy\" class=\"wp-image-1875 alignnone \" src=\"https:\/\/i0.wp.com\/dalmassy.fr\/wp-content\/uploads\/2020\/01\/paiement_securise_grande_3765de50-b3f4-45b2-8f23-4fbc4e5ed76b_large_copie_0.png?resize=409%2C128&#038;ssl=1\" alt=\"\" width=\"409\" height=\"128\" srcset=\"https:\/\/i0.wp.com\/dalmassy.fr\/wp-content\/uploads\/2020\/01\/paiement_securise_grande_3765de50-b3f4-45b2-8f23-4fbc4e5ed76b_large_copie_0.png?w=479&amp;ssl=1 479w, https:\/\/i0.wp.com\/dalmassy.fr\/wp-content\/uploads\/2020\/01\/paiement_securise_grande_3765de50-b3f4-45b2-8f23-4fbc4e5ed76b_large_copie_0.png?resize=300%2C94&amp;ssl=1 300w\" sizes=\"(max-width: 409px) 100vw, 409px\" data-recalc-dims=\"1\" \/><\/p>\n<p><strong>PAIEMENT 100 % SECURISE<br \/><\/strong><br \/>Pour la s\u00e9curit\u00e9 \u00e0 100 % de vos paiements par carte bancaire, nous utilisons le terminal de paiement s\u00e9curis\u00e9 \u00e9dit\u00e9 par la soci\u00e9t\u00e9 Stripe.<\/p>\n<p><img loading=\"lazy\" class=\"wp-image-1874 alignnone size-full\" src=\"https:\/\/i0.wp.com\/dalmassy.fr\/wp-content\/uploads\/2020\/01\/logo-paiement-securise.png?resize=322%2C156&#038;ssl=1\" alt=\"\" width=\"322\" height=\"156\" srcset=\"https:\/\/i0.wp.com\/dalmassy.fr\/wp-content\/uploads\/2020\/01\/logo-paiement-securise.png?w=322&amp;ssl=1 322w, https:\/\/i0.wp.com\/dalmassy.fr\/wp-content\/uploads\/2020\/01\/logo-paiement-securise.png?resize=300%2C145&amp;ssl=1 300w\" sizes=\"(max-width: 322px) 100vw, 322px\" data-recalc-dims=\"1\" \/><\/p>\n<p>Lorsque vous choisissez de payer par carte bancaire, vos donn\u00e9es sont automatiquement envoy\u00e9es vers le serveur 100% s\u00e9curis\u00e9 de\u00a0<strong>Stripe<\/strong>, au moyen d\u2019une connexion chiffr\u00e9e et s\u00e9curis\u00e9e, qui garantit la confidentialit\u00e9 de toutes les informations concernant votre transaction.<\/p>\n[\/et_pb_text][\/et_pb_column][\/et_pb_row][\/et_pb_section]","protected":false},"excerpt":{"rendered":"<p>[et_pb_section fb_built=&#8221;1&#8243; admin_label=&#8221;section&#8221; _builder_version=&#8221;3.22&#8243;][et_pb_row admin_label=&#8221;row&#8221; _builder_version=&#8221;3.25&#8243; background_size=&#8221;initial&#8221; background_position=&#8221;top_left&#8221; background_repeat=&#8221;repeat&#8221;][et_pb_column type=&#8221;4_4&#8243; _builder_version=&#8221;3.25&#8243; custom_padding=&#8221;|||&#8221; custom_padding__hover=&#8221;|||&#8221;][et_pb_text admin_label=&#8221;Text&#8221; _builder_version=&#8221;4.0.8&#8243; text_font=&#8221;|700|||||||&#8221; text_text_color=&#8221;#000000&#8243; background_size=&#8221;initial&#8221; background_position=&#8221;top_left&#8221; background_repeat=&#8221;repeat&#8221;][\/et_pb_text][et_pb_text _builder_version=&#8221;4.0.8&#8243; text_font=&#8221;|||on|||||&#8221; text_text_color=&#8221;#000000&#8243; header_font=&#8221;|||on|||||&#8221; header_text_color=&#8221;#000000&#8243; hover_enabled=&#8221;0&#8243; text_text_shadow_style=&#8221;preset1&#8243; text_text_shadow_color=&#8221;#e02b20&#8243; header_text_shadow_style=&#8221;preset1&#8243; header_text_shadow_color=&#8221;#e02b20&#8243;] NOUS UTILISONS PAYPAL POUR NOS PAIEMENTS EN LIGNE. PayPal. Le service Paypal allie un cryptage des donn\u00e9es et une technologie antifraude. PAIEMENT 100 % SECURISEPour [&hellip;]<\/p>\n","protected":false},"author":1,"featured_media":0,"parent":0,"menu_order":0,"comment_status":"closed","ping_status":"closed","template":"","meta":{"_et_pb_use_builder":"on","_et_pb_old_content":"<!-- wp:shortcode -->[woocommerce_cart]<!-- \/wp:shortcode -->","_et_gb_content_width":""},"_links":{"self":[{"href":"https:\/\/dalmassy.fr\/en\/wp-json\/wp\/v2\/pages\/1316"}],"collection":[{"href":"https:\/\/dalmassy.fr\/en\/wp-json\/wp\/v2\/pages"}],"about":[{"href":"https:\/\/dalmassy.fr\/en\/wp-json\/wp\/v2\/types\/page"}],"author":[{"embeddable":true,"href":"https:\/\/dalmassy.fr\/en\/wp-json\/wp\/v2\/users\/1"}],"replies":[{"embeddable":true,"href":"https:\/\/dalmassy.fr\/en\/wp-json\/wp\/v2\/comments?post=1316"}],"version-history":[{"count":7,"href":"https:\/\/dalmassy.fr\/en\/wp-json\/wp\/v2\/pages\/1316\/revisions"}],"predecessor-version":[{"id":1884,"href":"https:\/\/dalmassy.fr\/en\/wp-json\/wp\/v2\/pages\/1316\/revisions\/1884"}],"wp:attachment":[{"href":"https:\/\/dalmassy.fr\/en\/wp-json\/wp\/v2\/media?parent=1316"}],"curies":[{"name":"wp","href":"https:\/\/api.w.org\/{rel}","templated":true}]}}