{"id":1366,"date":"2019-12-10T15:17:47","date_gmt":"2019-12-10T14:17:47","guid":{"rendered":"http:\/\/dalmassy.fr\/?page_id=1366"},"modified":"2025-03-08T18:31:24","modified_gmt":"2025-03-08T17:31:24","slug":"cours-de-batterie-a-telecharger","status":"publish","type":"page","link":"https:\/\/dalmassy.fr\/en\/cours-de-batterie-a-telecharger\/","title":{"rendered":"Boutique"},"content":{"rendered":"<p>[et_pb_section fb_built=&#8221;1&#8243; fullwidth=&#8221;on&#8221; admin_label=&#8221;Header Section&#8221; _builder_version=&#8221;3.22&#8243; background_color=&#8221;#000000&#8243; custom_padding=&#8221;|||&#8221; locked=&#8221;off&#8221; collapsed=&#8221;on&#8221;][et_pb_fullwidth_header title=&#8221;Boutique&#8221; text_orientation=&#8221;center&#8221; background_overlay_color=&#8221;rgba(0,0,0,0.4)&#8221; content_max_width_last_edited=&#8221;off|desktop&#8221; admin_label=&#8221;Contents&#8221; _builder_version=&#8221;4.0.8&#8243; title_font=&#8221;Oswald|||on|&#8221; title_text_align=&#8221;center&#8221; title_font_size=&#8221;80px&#8221; title_letter_spacing=&#8221;0.05em&#8221; title_line_height=&#8221;1.5em&#8221; subhead_font=&#8221;Nunito|600|||||||&#8221; subhead_font_size=&#8221;20px&#8221; subhead_line_height=&#8221;1.9em&#8221; background_color=&#8221;rgba(255, 255, 255, 0)&#8221; background_image=&#8221;http:\/\/dalmassy.fr\/wp-content\/uploads\/2019\/11\/Jean-pierre-dalmassy.jpg&#8221; parallax=&#8221;on&#8221; parallax_method=&#8221;on&#8221; custom_button_one=&#8221;on&#8221; button_one_text_size=&#8221;15px&#8221; button_one_bg_color=&#8221;#dca57d&#8221; button_one_border_width=&#8221;10px&#8221; button_one_border_color=&#8221;#dca57d&#8221; button_one_border_radius=&#8221;0px&#8221; button_one_letter_spacing=&#8221;3px&#8221; button_one_font=&#8221;Oswald|||on|&#8221; button_one_use_icon=&#8221;off&#8221; custom_margin=&#8221;|||&#8221; custom_padding=&#8221;5%||5%|&#8221; animation_style=&#8221;fade&#8221; animation_starting_opacity=&#8221;50%&#8221; animation_speed_curve=&#8221;ease-in&#8221; title_font_size_tablet=&#8221;60px&#8221; title_font_size_phone=&#8221;40px&#8221; title_font_size_last_edited=&#8221;on|phone&#8221; button_one_border_color_hover=&#8221;#c99872&#8243; button_one_border_radius_hover=&#8221;0px&#8221; button_one_letter_spacing_hover=&#8221;3px&#8221; button_one_bg_color_hover=&#8221;#c99872&#8243; button_one_text_size__hover_enabled=&#8221;off&#8221; button_two_text_size__hover_enabled=&#8221;off&#8221; button_one_text_color__hover_enabled=&#8221;off&#8221; button_two_text_color__hover_enabled=&#8221;off&#8221; button_one_border_width__hover_enabled=&#8221;off&#8221; button_two_border_width__hover_enabled=&#8221;off&#8221; button_one_border_color__hover_enabled=&#8221;on&#8221; button_one_border_color__hover=&#8221;#c99872&#8243; button_two_border_color__hover_enabled=&#8221;off&#8221; button_one_border_radius__hover_enabled=&#8221;on&#8221; button_one_border_radius__hover=&#8221;0px&#8221; button_two_border_radius__hover_enabled=&#8221;off&#8221; button_one_letter_spacing__hover_enabled=&#8221;on&#8221; button_one_letter_spacing__hover=&#8221;3px&#8221; button_two_letter_spacing__hover_enabled=&#8221;off&#8221; button_one_bg_color__hover_enabled=&#8221;on&#8221; button_one_bg_color__hover=&#8221;#c99872&#8243; button_two_bg_color__hover_enabled=&#8221;off&#8221;][\/et_pb_fullwidth_header][\/et_pb_section][et_pb_section fb_built=&#8221;1&#8243; _builder_version=&#8221;4.9.1&#8243; _module_preset=&#8221;default&#8221; background_color=&#8221;#d6d6d6&#8243; min_height=&#8221;192.4px&#8221; custom_padding=&#8221;||0px|||&#8221;][et_pb_row _builder_version=&#8221;4.9.1&#8243; _module_preset=&#8221;default&#8221;][et_pb_column type=&#8221;4_4&#8243; _builder_version=&#8221;4.9.1&#8243; _module_preset=&#8221;default&#8221;][et_pb_text _builder_version=&#8221;4.9.1&#8243; _module_preset=&#8221;default&#8221; background_color=&#8221;rgba(0,0,0,0.91)&#8221; use_background_color_gradient=&#8221;on&#8221; background_color_gradient_start=&#8221;#191919&#8243; background_color_gradient_end=&#8221;#260300&#8243; background_size=&#8221;initial&#8221; background_position=&#8221;top_left&#8221; background_repeat=&#8221;repeat&#8221; animation_style=&#8221;fade&#8221;]<\/p>\n<h2 style=\"text-align: center;\"><span style=\"color: #000000;\"><\/span><\/h2>\n<h2 style=\"text-align: center;\"><span style=\"color: #ffffff;\">Bienvenue dans la Boutique Drumprivil\u00e8ge<\/span><\/h2>\n<p style=\"text-align: center;\"><span style=\"color: #ffff00;\"><u><span style=\"text-decoration: line-through;\">__________________________<\/span><\/u><\/span><\/p>\n<p><span style=\"color: #000000;\"><\/span><\/p>\n<p>[\/et_pb_text][\/et_pb_column][\/et_pb_row][et_pb_row _builder_version=&#8221;4.9.1&#8243; _module_preset=&#8221;default&#8221;][et_pb_column type=&#8221;4_4&#8243; _builder_version=&#8221;4.9.1&#8243; _module_preset=&#8221;default&#8221;][et_pb_text _builder_version=&#8221;4.9.1&#8243; _module_preset=&#8221;default&#8221; background_color=&#8221;#230500&#8243; hover_enabled=&#8221;0&#8243; sticky_enabled=&#8221;0&#8243;]<\/p>\n<h3 style=\"text-align: center;\"><span style=\"color: #ff0000;\"><\/span><\/h3>\n<h3 style=\"text-align: center;\"><span style=\"color: #ff0000;\">M\u00e9thode de Batterie <\/span><\/h3>\n<h3 style=\"text-align: center;\"><span style=\"color: #ff0000;\">D\u00e9butant, Moyen, Interm\u00e9diaire, Avanc\u00e9<\/span><\/h3>\n<p style=\"text-align: center;\"><span style=\"color: #ff0000;\"><\/span><\/p>\n<p style=\"text-align: center;\"><strong>D\u00e9veloppez Votre Jeu de Batterie avec Mes M\u00e9thodes Exclusives ! <\/strong><\/p>\n<p style=\"text-align: center;\">Vous souhaitez perfectionner vos breaks, enrichir votre groove ou explorer de nouveaux styles ?<\/p>\n<p style=\"text-align: center;\">D\u00e9couvrez mes <strong>m\u00e9thodes de batterie<\/strong> sp\u00e9cialement con\u00e7ues pour les batteurs de tous niveaux !<\/p>\n<p style=\"text-align: center;\">\u2705 <strong>Breaks en double croches et sextolets<\/strong> \u2013 Fluidit\u00e9 et pr\u00e9cision<br \/>\u2705 <strong>Rythmes de base Rock &#038; Funk<\/strong> \u2013 Groove et ind\u00e9pendance<br \/>\u2705 <strong>Ghost Notes<\/strong> \u2013 Donnez de la finesse et du relief \u00e0 votre jeu<br \/>\u2705 <strong>Latin Fusion<\/strong> \u2013 \u00c9largissez votre vocabulaire rythmique<\/p>\n<p style=\"text-align: center;\">Chaque m\u00e9thode est claire et progressive .<\/p>\n<p style=\"text-align: center;\">Accompagn\u00e9e d&#8217;exemples pour une <strong>application imm\u00e9diate<\/strong> sur votre batterie.<\/p>\n<h3 style=\"text-align: center;\"><span style=\"color: #ff0000;\"><strong>T\u00e9l\u00e9chargez-les d\u00e8s maintenant <\/strong><\/span><\/h3>\n<h3 style=\"text-align: center;\"><span style=\"color: #ff0000;\"><strong>et boostez votre niveau !<\/strong><\/span><span style=\"color: #ff0000;\"><strong><\/strong><\/span><\/h3>\n<p><span style=\"color: #ff0000;\"><strong><\/strong><\/span><\/p>\n<p>[\/et_pb_text][\/et_pb_column][\/et_pb_row][\/et_pb_section][et_pb_section fb_built=&#8221;1&#8243; _builder_version=&#8221;4.9.1&#8243; _module_preset=&#8221;default&#8221; background_color=&#8221;#d8d8d8&#8243;][et_pb_row _builder_version=&#8221;4.9.1&#8243; _module_preset=&#8221;default&#8221;][et_pb_column type=&#8221;4_4&#8243; _builder_version=&#8221;4.9.1&#8243; _module_preset=&#8221;default&#8221;][et_pb_shop type=&#8221;product_category&#8221; posts_number=&#8221;5&#8243; include_categories=&#8221;67,108&#8243; columns_number=&#8221;3&#8243; sale_badge_color=&#8221;#E09900&#8243; icon_hover_color=&#8221;#E02B20&#8243; _builder_version=&#8221;4.9.1&#8243; _module_preset=&#8221;default&#8221; title_text_color=&#8221;#000000&#8243; price_text_color=&#8221;#E02B20&#8243; sale_badge_text_color=&#8221;#FFFFFF&#8221; sale_price_text_color=&#8221;#E02B20&#8243; rating_text_color=&#8221;#EDF000&#8243; animation_style=&#8221;fade&#8221; border_color_all=&#8221;#8300E9&#8243;][\/et_pb_shop][\/et_pb_column][\/et_pb_row][\/et_pb_section][et_pb_section fb_built=&#8221;1&#8243; admin_label=&#8221;Products Section&#8221; _builder_version=&#8221;4.0.8&#8243; use_background_color_gradient=&#8221;on&#8221; background_color_gradient_start=&#8221;#d6d6d6&#8243; background_color_gradient_end=&#8221;#d6d6d6&#8243; min_height=&#8221;2498.2px&#8221; custom_margin=&#8221;-145px||-83px|||&#8221; custom_padding=&#8221;113px|0px|15px|0px||&#8221; animation_style=&#8221;fade&#8221; collapsed=&#8221;off&#8221;][et_pb_row _builder_version=&#8221;4.9.1&#8243; _module_preset=&#8221;default&#8221;][et_pb_column type=&#8221;4_4&#8243; _builder_version=&#8221;4.9.1&#8243; _module_preset=&#8221;default&#8221;][et_pb_text _builder_version=&#8221;4.9.1&#8243; _module_preset=&#8221;default&#8221; background_color=&#8221;#230500&#8243; custom_margin=&#8221;-28px|||||&#8221;]<\/p>\n<h3 style=\"text-align: center;\"><span style=\"color: #ff0000;\">Pour R\u00e9server votre Stage: <\/span><\/h3>\n<h3 style=\"text-align: center;\"><span style=\"color: #ff0000;\">Choisissez un Accompte\u00a0<\/span><\/h3>\n<p>[\/et_pb_text][\/et_pb_column][\/et_pb_row][et_pb_row column_structure=&#8221;1_2,1_2&#8243; _builder_version=&#8221;4.9.1&#8243; _module_preset=&#8221;default&#8221;][et_pb_column type=&#8221;1_2&#8243; _builder_version=&#8221;4.9.1&#8243; _module_preset=&#8221;default&#8221; background_enable_color=&#8221;off&#8221; border_color_all=&#8221;#E02B20&#8243;][et_pb_wc_description product=&#8221;8016&#8243; _builder_version=&#8221;4.9.1&#8243; _module_preset=&#8221;default&#8221; body_text_color=&#8221;#FFFFFF&#8221; ul_text_color=&#8221;#FFFFFF&#8221; header_text_color=&#8221;#FFFFFF&#8221; background_enable_color=&#8221;off&#8221; background_layout=&#8221;dark&#8221; animation_style=&#8221;slide&#8221; border_width_all=&#8221;4px&#8221; border_color_all=&#8221;#0C71C3&#8243; border_style_all=&#8221;inset&#8221;][\/et_pb_wc_description][et_pb_wc_add_to_cart product=&#8221;8016&#8243; _builder_version=&#8221;4.9.1&#8243; _module_preset=&#8221;default&#8221; fields_text_color=&#8221;#E02B20&#8243; fields_focus_text_color=&#8221;#FFFFFF&#8221; body_text_color=&#8221;#E02B20&#8243; background_color=&#8221;#230500&#8243; custom_button=&#8221;on&#8221; button_text_color=&#8221;#E02B20&#8243; background_layout=&#8221;dark&#8221;][\/et_pb_wc_add_to_cart][et_pb_wc_description product=&#8221;8028&#8243; _builder_version=&#8221;4.9.1&#8243; _module_preset=&#8221;default&#8221; body_text_color=&#8221;#FFFFFF&#8221; ul_text_color=&#8221;#FFFFFF&#8221; header_text_color=&#8221;#FFFFFF&#8221; background_enable_color=&#8221;off&#8221; background_layout=&#8221;dark&#8221; animation_style=&#8221;slide&#8221; border_width_all=&#8221;4px&#8221; border_color_all=&#8221;#0C71C3&#8243; border_style_all=&#8221;inset&#8221;][\/et_pb_wc_description][et_pb_wc_add_to_cart product=&#8221;8016&#8243; _builder_version=&#8221;4.9.1&#8243; _module_preset=&#8221;default&#8221; fields_text_color=&#8221;#E02B20&#8243; fields_focus_text_color=&#8221;#FFFFFF&#8221; body_text_color=&#8221;#E02B20&#8243; background_color=&#8221;#230500&#8243; custom_button=&#8221;on&#8221; button_text_color=&#8221;#E02B20&#8243; background_layout=&#8221;dark&#8221;][\/et_pb_wc_add_to_cart][\/et_pb_column][et_pb_column type=&#8221;1_2&#8243; _builder_version=&#8221;4.9.1&#8243; _module_preset=&#8221;default&#8221; background_enable_color=&#8221;off&#8221; border_color_all=&#8221;#E02B20&#8243;][et_pb_wc_description product=&#8221;8021&#8243; _builder_version=&#8221;4.9.1&#8243; _module_preset=&#8221;default&#8221; body_text_color=&#8221;#FFFFFF&#8221; ul_text_color=&#8221;#FFFFFF&#8221; header_text_color=&#8221;#FFFFFF&#8221; background_enable_color=&#8221;off&#8221; background_layout=&#8221;dark&#8221; animation_style=&#8221;slide&#8221; border_width_all=&#8221;4px&#8221; border_color_all=&#8221;#0C71C3&#8243; border_style_all=&#8221;inset&#8221;][\/et_pb_wc_description][et_pb_wc_add_to_cart product=&#8221;8016&#8243; _builder_version=&#8221;4.9.1&#8243; _module_preset=&#8221;default&#8221; fields_text_color=&#8221;#E02B20&#8243; fields_focus_text_color=&#8221;#FFFFFF&#8221; body_text_color=&#8221;#E02B20&#8243; background_color=&#8221;#230500&#8243; custom_button=&#8221;on&#8221; button_text_color=&#8221;#E02B20&#8243; background_layout=&#8221;dark&#8221;][\/et_pb_wc_add_to_cart][et_pb_wc_description product=&#8221;2439&#8243; _builder_version=&#8221;4.9.1&#8243; _module_preset=&#8221;default&#8221; body_text_color=&#8221;#FFFFFF&#8221; ul_text_color=&#8221;#FFFFFF&#8221; header_text_color=&#8221;#FFFFFF&#8221; background_enable_color=&#8221;off&#8221; background_layout=&#8221;dark&#8221; animation_style=&#8221;slide&#8221; border_width_all=&#8221;4px&#8221; border_color_all=&#8221;#0C71C3&#8243; border_style_all=&#8221;inset&#8221;][\/et_pb_wc_description][et_pb_wc_add_to_cart product=&#8221;8016&#8243; _builder_version=&#8221;4.9.1&#8243; _module_preset=&#8221;default&#8221; fields_text_color=&#8221;#E02B20&#8243; fields_focus_text_color=&#8221;#FFFFFF&#8221; body_text_color=&#8221;#E02B20&#8243; background_color=&#8221;#230500&#8243; custom_button=&#8221;on&#8221; button_text_color=&#8221;#E02B20&#8243; background_layout=&#8221;dark&#8221;][\/et_pb_wc_add_to_cart][\/et_pb_column][\/et_pb_row][\/et_pb_section]<\/p>\n","protected":false},"excerpt":{"rendered":"<p>[et_pb_section fb_built=&#8221;1&#8243; fullwidth=&#8221;on&#8221; admin_label=&#8221;Header Section&#8221; _builder_version=&#8221;3.22&#8243; background_color=&#8221;#000000&#8243; custom_padding=&#8221;|||&#8221; locked=&#8221;off&#8221; collapsed=&#8221;on&#8221;][et_pb_fullwidth_header title=&#8221;Boutique&#8221; text_orientation=&#8221;center&#8221; background_overlay_color=&#8221;rgba(0,0,0,0.4)&#8221; content_max_width_last_edited=&#8221;off|desktop&#8221; admin_label=&#8221;Contents&#8221; _builder_version=&#8221;4.0.8&#8243; title_font=&#8221;Oswald|||on|&#8221; title_text_align=&#8221;center&#8221; title_font_size=&#8221;80px&#8221; title_letter_spacing=&#8221;0.05em&#8221; title_line_height=&#8221;1.5em&#8221; subhead_font=&#8221;Nunito|600|||||||&#8221; subhead_font_size=&#8221;20px&#8221; subhead_line_height=&#8221;1.9em&#8221; background_color=&#8221;rgba(255, 255, 255, 0)&#8221; background_image=&#8221;http:\/\/dalmassy.fr\/wp-content\/uploads\/2019\/11\/Jean-pierre-dalmassy.jpg&#8221; parallax=&#8221;on&#8221; parallax_method=&#8221;on&#8221; custom_button_one=&#8221;on&#8221; button_one_text_size=&#8221;15px&#8221; button_one_bg_color=&#8221;#dca57d&#8221; button_one_border_width=&#8221;10px&#8221; button_one_border_color=&#8221;#dca57d&#8221; button_one_border_radius=&#8221;0px&#8221; button_one_letter_spacing=&#8221;3px&#8221; button_one_font=&#8221;Oswald|||on|&#8221; button_one_use_icon=&#8221;off&#8221; custom_margin=&#8221;|||&#8221; custom_padding=&#8221;5%||5%|&#8221; animation_style=&#8221;fade&#8221; animation_starting_opacity=&#8221;50%&#8221; animation_speed_curve=&#8221;ease-in&#8221; title_font_size_tablet=&#8221;60px&#8221; title_font_size_phone=&#8221;40px&#8221; title_font_size_last_edited=&#8221;on|phone&#8221; button_one_border_color_hover=&#8221;#c99872&#8243; button_one_border_radius_hover=&#8221;0px&#8221; button_one_letter_spacing_hover=&#8221;3px&#8221; button_one_bg_color_hover=&#8221;#c99872&#8243; button_one_text_size__hover_enabled=&#8221;off&#8221; button_two_text_size__hover_enabled=&#8221;off&#8221; button_one_text_color__hover_enabled=&#8221;off&#8221; [&hellip;]<\/p>\n","protected":false},"author":1,"featured_media":0,"parent":0,"menu_order":0,"comment_status":"closed","ping_status":"closed","template":"page-template-blank.php","meta":{"_et_pb_use_builder":"on","_et_pb_old_content":"","_et_gb_content_width":""},"_links":{"self":[{"href":"https:\/\/dalmassy.fr\/en\/wp-json\/wp\/v2\/pages\/1366"}],"collection":[{"href":"https:\/\/dalmassy.fr\/en\/wp-json\/wp\/v2\/pages"}],"about":[{"href":"https:\/\/dalmassy.fr\/en\/wp-json\/wp\/v2\/types\/page"}],"author":[{"embeddable":true,"href":"https:\/\/dalmassy.fr\/en\/wp-json\/wp\/v2\/users\/1"}],"replies":[{"embeddable":true,"href":"https:\/\/dalmassy.fr\/en\/wp-json\/wp\/v2\/comments?post=1366"}],"version-history":[{"count":123,"href":"https:\/\/dalmassy.fr\/en\/wp-json\/wp\/v2\/pages\/1366\/revisions"}],"predecessor-version":[{"id":8500,"href":"https:\/\/dalmassy.fr\/en\/wp-json\/wp\/v2\/pages\/1366\/revisions\/8500"}],"wp:attachment":[{"href":"https:\/\/dalmassy.fr\/en\/wp-json\/wp\/v2\/media?parent=1366"}],"curies":[{"name":"wp","href":"https:\/\/api.w.org\/{rel}","templated":true}]}}