{"id":40,"date":"2017-06-13T14:30:10","date_gmt":"2017-06-13T12:30:10","guid":{"rendered":"http:\/\/villa-corse.fr\/?page_id=40"},"modified":"2020-01-11T15:23:55","modified_gmt":"2020-01-11T14:23:55","slug":"tzar-paanphum-project","status":"publish","type":"page","link":"https:\/\/dalmassy.fr\/en\/tzar-paanphum-project\/","title":{"rendered":"Tzar Paanphum Project"},"content":{"rendered":"<p>[et_pb_section fb_built=&#8221;1&#8243; fullwidth=&#8221;on&#8221; _builder_version=&#8221;3.22&#8243;][et_pb_fullwidth_image src=&#8221;http:\/\/dalmassy.fr\/wp-content\/uploads\/2019\/11\/Jean-pierre-dalmassy.jpg&#8221; _builder_version=&#8221;4.0.8&#8243;][\/et_pb_fullwidth_image][\/et_pb_section][et_pb_section fb_built=&#8221;1&#8243; inner_shadow=&#8221;on&#8221; _builder_version=&#8221;4.0.8&#8243; background_color=&#8221;rgba(62,99,109,0.58)&#8221; use_background_color_gradient=&#8221;on&#8221; background_color_gradient_start=&#8221;#efefef&#8221; background_color_gradient_end=&#8221;#bababa&#8221; parallax=&#8221;on&#8221; parallax_method=&#8221;off&#8221;][et_pb_row module_id=&#8221;textaccueil&#8221; _builder_version=&#8221;3.25&#8243; background_color=&#8221;rgba(0,0,0,0.91)&#8221; use_background_color_gradient=&#8221;on&#8221; background_color_gradient_start=&#8221;#191919&#8243; background_color_gradient_end=&#8221;#260300&#8243; background_size=&#8221;initial&#8221; background_position=&#8221;top_left&#8221; background_repeat=&#8221;repeat&#8221; custom_margin=&#8221;||30px|&#8221; custom_padding=&#8221;0px|0px|0px|0px&#8221;][et_pb_column type=&#8221;4_4&#8243; _builder_version=&#8221;3.25&#8243; custom_padding=&#8221;|||&#8221; custom_padding__hover=&#8221;|||&#8221;][et_pb_text _builder_version=&#8221;3.27.4&#8243; text_font=&#8221;Montserrat||||&#8221; text_text_color=&#8221;#ffffff&#8221; text_font_size=&#8221;15&#8243; header_text_color=&#8221;#ffffff&#8221; background_size=&#8221;initial&#8221; background_position=&#8221;top_left&#8221; background_repeat=&#8221;repeat&#8221; background_layout=&#8221;dark&#8221; module_alignment=&#8221;left&#8221; custom_padding=&#8221;30px|30px|30px|30px&#8221; animation_style=&#8221;fade&#8221; animation_duration=&#8221;2000ms&#8221; border_style=&#8221;solid&#8221;]<\/p>\n<h2 style=\"text-align: center;\">Tzar Paanphum Project<\/h2>\n<p>[\/et_pb_text][et_pb_image src=&#8221;http:\/\/dalmassy.fr\/wp-content\/uploads\/2020\/01\/tzar-photo.jpg&#8221; _builder_version=&#8221;4.0.8&#8243;][\/et_pb_image][et_pb_image src=&#8221;http:\/\/dalmassy.fr\/wp-content\/uploads\/2020\/01\/Norbert-lallemand-1024&#215;681.jpg&#8221; _builder_version=&#8221;4.0.8&#8243; hover_enabled=&#8221;0&#8243;][\/et_pb_image][\/et_pb_column][\/et_pb_row][et_pb_row module_id=&#8221;textaccueil&#8221; _builder_version=&#8221;3.25&#8243; background_color=&#8221;rgba(0,0,0,0.91)&#8221; use_background_color_gradient=&#8221;on&#8221; background_color_gradient_start=&#8221;#191919&#8243; background_color_gradient_end=&#8221;#260300&#8243; background_size=&#8221;initial&#8221; background_position=&#8221;top_left&#8221; background_repeat=&#8221;repeat&#8221; custom_margin=&#8221;||30px|&#8221; custom_padding=&#8221;0px|0px|0px|0px&#8221;][et_pb_column type=&#8221;4_4&#8243; _builder_version=&#8221;3.25&#8243; custom_padding=&#8221;|||&#8221; custom_padding__hover=&#8221;|||&#8221;][et_pb_text _builder_version=&#8221;3.27.4&#8243; text_font=&#8221;Montserrat||||&#8221; text_text_color=&#8221;#ffffff&#8221; text_font_size=&#8221;15&#8243; background_size=&#8221;initial&#8221; background_position=&#8221;top_left&#8221; background_repeat=&#8221;repeat&#8221; module_alignment=&#8221;left&#8221; custom_padding=&#8221;30px|30px|30px|30px&#8221; animation_style=&#8221;fade&#8221; animation_duration=&#8221;2000ms&#8221; text_font_size_tablet=&#8221;13px&#8221; text_font_size_phone=&#8221;12px&#8221; text_font_size_last_edited=&#8221;on|phone&#8221;]<\/p>\n<ul>\n<li><strong>Jean Pierre, peux-tu nous parler de ta collaboration avec la bassiste Tzar Paanphum?<\/strong><\/li>\n<\/ul>\n<p>Cela fait maintenant 15 ans que l&#8217;on travaille ensemble.<br \/>\nOn a enregistr\u00e9 un tr\u00e8s bel album &lt;&lt;Le R\u00eave de la For\u00eat&gt;&gt;<br \/>\navec le pianiste am\u00e9ricain Jeff Gardner (Eddie Gomez, Gary Peacock, Rick Margitza,<br \/>\nGilberto Gil, etc).<br \/>\nOn a commenc\u00e9 ensuite a cr\u00e9er un duo original pour le pr\u00e9senter dans nos Masterclass.<br \/>\nL&#8217;id\u00e9e, c&#8217;\u00e9tait de jouer des morceaux avec un th\u00e8me, une improvisation a la basse, un solo a la batterie, des grooves latin, Funk, blues, Jazz, World Music etc.<br \/>\nOn a particip\u00e9 au stage international Tam Tam de Jean Fran\u00e7ois Miguel avec Walfredo Reyes Jr et une s\u00e9rie de Drum Night avec Dom Famularo, F\u00e9lix Sabal Leco etc.<br \/>\nTzar est un incroyable bassiste, c&#8217;est un grand technicien et surtout un m\u00e9lodiste.<br \/>\nIl a acquit, gr\u00e2ce a son exp\u00e9rience de sc\u00e8ne et de studio en Asie (John Scofield, Steve Gadd,<br \/>\nPaco Sery, etc) un groove tr\u00e8s solide.<br \/>\nC&#8217;est une l\u00e9gende en Tha\u00eflande.<\/p>\n<ul>\n<li><strong>Comment as tu rencontrer le guitariste Norbert lallemand (Nono)?<\/strong><\/li>\n<\/ul>\n<p>Tr\u00e8s jeune a Nice, on a commenc\u00e9 a jouer ensemble du Jazz Fusion,<br \/>\non a mont\u00e9 plusieurs groupes pour jouer dans tout les clubs de la r\u00e9gion.<br \/>\nC&#8217;est un guitariste passionn\u00e9 de son, virtuose, chaque note est pens\u00e9e toujours au service de la musique.<br \/>\nIl a beaucoup d&#8217;inspiration et de ma\u00eetrise dans tous les styles (Rock Fusion, Jazz, Latin, Blues).<br \/>\nIl a aussi une grande exp\u00e9rience de la sc\u00e8ne (Z\u00e9nith,Olympia etc).<br \/>\nNono a accompagn\u00e9 beaucoup d&#8217;artistes Fran\u00e7ais et Internationaux.<br \/>\nC&#8217;est un guitariste g\u00e9nial.<\/p>\n<ul>\n<li><strong>Comment avez vous eu l&#8217;id\u00e9e de cr\u00e9er ce nouveau Groupe \u00abTzar Paanphum Project\u00bb?<\/strong><\/li>\n<\/ul>\n<p>On \u00e9tait tr\u00e8s inquiet avec Tzar.<br \/>\nOn connaissait parfaitement la difficult\u00e9 de trouver un 3eme musicien, sa disponibilit\u00e9, le niveau technique et l&#8217;envie de participer a un nouveau projet.<br \/>\nOn a eu beaucoup de chance.<br \/>\nNono venait de terminer une tourn\u00e9e de 7 ans.<br \/>\nUn soir de juin en regardant Facebook, il m&#8217;a envoy\u00e9 un petit message \u00abil \u00e9tait libre et il me demandait des nouvelles\u00bb.<br \/>\nUne nouvelle aventure commen\u00e7ait.<\/p>\n<ul>\n<li><strong>Vous avez enregistr\u00e9 un album ?<\/strong><\/li>\n<\/ul>\n<p>Pour le moment on a enregistr\u00e9 4 titres.<br \/>\nLes compositions de Tzar sont une invitation aux voyages,<br \/>\nun m\u00e9lange de la culture asiatique et europ\u00e9enne (Jazz, latin et Fusion am\u00e9ricaine).<br \/>\nAvec Tzar nous avions d\u00e9j\u00e0 cr\u00e9er les grooves.<br \/>\nNono a utilis\u00e9 plusieurs guitares et effets pour donner une couleur sur chaque morceau.<br \/>\nOn a aussi beaucoup travailler ensemble pour trouver un son de groupe.<br \/>\nL&#8217;enregistrement est Live pour garder la spontan\u00e9it\u00e9, une fra\u00eecheur dans le jeu de chaque musicien.<br \/>\nNotre musique c&#8217;est le partage de plusieurs culture,<br \/>\nl&#8217;\u00e9motion d&#8217;un sentiment,<br \/>\nle parfum d&#8217;un voyage,<br \/>\nune g\u00e9n\u00e9rosit\u00e9 du c\u0153ur.<\/p>\n<p>Il y a encore beaucoup de choses a dire, mais le mieux c&#8217;est de l&#8217;\u00e9couter.[\/et_pb_text][\/et_pb_column][\/et_pb_row][et_pb_row column_structure=&#8221;1_2,1_2&#8243; _builder_version=&#8221;3.25&#8243; background_size=&#8221;initial&#8221; background_position=&#8221;top_left&#8221; background_repeat=&#8221;repeat&#8221;][et_pb_column type=&#8221;1_2&#8243; _builder_version=&#8221;3.25&#8243; custom_padding=&#8221;|||&#8221; custom_padding__hover=&#8221;|||&#8221;][et_pb_image src=&#8221;http:\/\/villa-corse.fr\/wp-content\/uploads\/2017\/06\/166888_104723319604126_7910246_n.jpg&#8221; url=&#8221;http:\/\/www.laboitenoiredumusicien.com\/marques\/vic-firth-vicfirth\/&#8221; align=&#8221;center&#8221; align_tablet=&#8221;center&#8221; align_phone=&#8221;&#8221; align_last_edited=&#8221;on|desktop&#8221; _builder_version=&#8221;4.0.8&#8243; animation_style=&#8221;slide&#8221; animation_direction=&#8221;left&#8221; animation_duration=&#8221;500ms&#8221; animation_intensity_slide=&#8221;10%&#8221;][\/et_pb_image][et_pb_image src=&#8221;http:\/\/villa-corse.fr\/wp-content\/uploads\/2017\/06\/S\u00e9quence-020-Copier.bmp&#8221; url=&#8221;http:\/\/www.laboitenoiredumusicien.com\/marques\/vic-firth-vicfirth\/&#8221; align=&#8221;center&#8221; align_tablet=&#8221;center&#8221; align_phone=&#8221;&#8221; align_last_edited=&#8221;on|desktop&#8221; _builder_version=&#8221;4.0.8&#8243; animation_style=&#8221;slide&#8221; animation_direction=&#8221;left&#8221; animation_duration=&#8221;500ms&#8221; animation_intensity_slide=&#8221;10%&#8221; animation=&#8221;left&#8221; border_style=&#8221;solid&#8221; sticky=&#8221;off&#8221;][\/et_pb_image][\/et_pb_column][et_pb_column type=&#8221;1_2&#8243; _builder_version=&#8221;3.25&#8243; custom_padding=&#8221;|||&#8221; custom_padding__hover=&#8221;|||&#8221;][et_pb_image src=&#8221;http:\/\/villa-corse.fr\/wp-content\/uploads\/2017\/06\/LAFARE-23-nov-2013DA-1.jpg&#8221; url=&#8221;http:\/\/www.laboitenoiredumusicien.com\/marques\/sabian-sabian\/&#8221; align_tablet=&#8221;center&#8221; align_phone=&#8221;&#8221; align_last_edited=&#8221;on|desktop&#8221; _builder_version=&#8221;3.23&#8243; animation_style=&#8221;slide&#8221; animation_direction=&#8221;left&#8221; animation_duration=&#8221;500ms&#8221; animation_intensity_slide=&#8221;10%&#8221; animation=&#8221;left&#8221; border_style=&#8221;solid&#8221; sticky=&#8221;off&#8221;][\/et_pb_image][\/et_pb_column][\/et_pb_row][\/et_pb_section]<\/p>\n","protected":false},"excerpt":{"rendered":"<p>[et_pb_section fb_built=&#8221;1&#8243; fullwidth=&#8221;on&#8221; _builder_version=&#8221;3.22&#8243;][et_pb_fullwidth_image src=&#8221;http:\/\/dalmassy.fr\/wp-content\/uploads\/2019\/11\/Jean-pierre-dalmassy.jpg&#8221; _builder_version=&#8221;4.0.8&#8243;][\/et_pb_fullwidth_image][\/et_pb_section][et_pb_section fb_built=&#8221;1&#8243; inner_shadow=&#8221;on&#8221; _builder_version=&#8221;4.0.8&#8243; background_color=&#8221;rgba(62,99,109,0.58)&#8221; use_background_color_gradient=&#8221;on&#8221; background_color_gradient_start=&#8221;#efefef&#8221; background_color_gradient_end=&#8221;#bababa&#8221; parallax=&#8221;on&#8221; parallax_method=&#8221;off&#8221;][et_pb_row module_id=&#8221;textaccueil&#8221; _builder_version=&#8221;3.25&#8243; background_color=&#8221;rgba(0,0,0,0.91)&#8221; use_background_color_gradient=&#8221;on&#8221; background_color_gradient_start=&#8221;#191919&#8243; background_color_gradient_end=&#8221;#260300&#8243; background_size=&#8221;initial&#8221; background_position=&#8221;top_left&#8221; background_repeat=&#8221;repeat&#8221; custom_margin=&#8221;||30px|&#8221; custom_padding=&#8221;0px|0px|0px|0px&#8221;][et_pb_column type=&#8221;4_4&#8243; _builder_version=&#8221;3.25&#8243; custom_padding=&#8221;|||&#8221; custom_padding__hover=&#8221;|||&#8221;][et_pb_text _builder_version=&#8221;3.27.4&#8243; text_font=&#8221;Montserrat||||&#8221; text_text_color=&#8221;#ffffff&#8221; text_font_size=&#8221;15&#8243; header_text_color=&#8221;#ffffff&#8221; background_size=&#8221;initial&#8221; background_position=&#8221;top_left&#8221; background_repeat=&#8221;repeat&#8221; background_layout=&#8221;dark&#8221; module_alignment=&#8221;left&#8221; custom_padding=&#8221;30px|30px|30px|30px&#8221; animation_style=&#8221;fade&#8221; animation_duration=&#8221;2000ms&#8221; border_style=&#8221;solid&#8221;] Tzar Paanphum Project [\/et_pb_text][et_pb_image src=&#8221;http:\/\/dalmassy.fr\/wp-content\/uploads\/2020\/01\/tzar-photo.jpg&#8221; _builder_version=&#8221;4.0.8&#8243;][\/et_pb_image][et_pb_image src=&#8221;http:\/\/dalmassy.fr\/wp-content\/uploads\/2020\/01\/Norbert-lallemand-1024&#215;681.jpg&#8221; _builder_version=&#8221;4.0.8&#8243; hover_enabled=&#8221;0&#8243;][\/et_pb_image][\/et_pb_column][\/et_pb_row][et_pb_row module_id=&#8221;textaccueil&#8221; _builder_version=&#8221;3.25&#8243; [&hellip;]<\/p>\n","protected":false},"author":1,"featured_media":0,"parent":0,"menu_order":0,"comment_status":"closed","ping_status":"closed","template":"","meta":{"_et_pb_use_builder":"on","_et_pb_old_content":"","_et_gb_content_width":""},"_links":{"self":[{"href":"https:\/\/dalmassy.fr\/en\/wp-json\/wp\/v2\/pages\/40"}],"collection":[{"href":"https:\/\/dalmassy.fr\/en\/wp-json\/wp\/v2\/pages"}],"about":[{"href":"https:\/\/dalmassy.fr\/en\/wp-json\/wp\/v2\/types\/page"}],"author":[{"embeddable":true,"href":"https:\/\/dalmassy.fr\/en\/wp-json\/wp\/v2\/users\/1"}],"replies":[{"embeddable":true,"href":"https:\/\/dalmassy.fr\/en\/wp-json\/wp\/v2\/comments?post=40"}],"version-history":[{"count":5,"href":"https:\/\/dalmassy.fr\/en\/wp-json\/wp\/v2\/pages\/40\/revisions"}],"predecessor-version":[{"id":1779,"href":"https:\/\/dalmassy.fr\/en\/wp-json\/wp\/v2\/pages\/40\/revisions\/1779"}],"wp:attachment":[{"href":"https:\/\/dalmassy.fr\/en\/wp-json\/wp\/v2\/media?parent=40"}],"curies":[{"name":"wp","href":"https:\/\/api.w.org\/{rel}","templated":true}]}}