{"id":450,"date":"2017-12-04T11:01:39","date_gmt":"2017-12-04T10:01:39","guid":{"rendered":"http:\/\/villa-corse.fr\/?page_id=450"},"modified":"2026-01-31T20:05:06","modified_gmt":"2026-01-31T19:05:06","slug":"master-class","status":"publish","type":"page","link":"https:\/\/dalmassy.fr\/en\/master-class\/","title":{"rendered":"Master Class"},"content":{"rendered":"<p>[et_pb_section fb_built=&#8221;1&#8243; fullwidth=&#8221;on&#8221; _builder_version=&#8221;3.22&#8243;][et_pb_fullwidth_image src=&#8221;https:\/\/dalmassy.fr\/wp-content\/uploads\/2017\/06\/DSC1514-2-1.jpg&#8221; admin_label=&#8221;Image en pleine largeur&#8221; _builder_version=&#8221;4.0.8&#8243;][\/et_pb_fullwidth_image][\/et_pb_section][et_pb_section fb_built=&#8221;1&#8243; inner_shadow=&#8221;on&#8221; _builder_version=&#8221;3.22&#8243; background_color=&#8221;rgba(62,99,109,0.58)&#8221; use_background_color_gradient=&#8221;on&#8221; background_color_gradient_start=&#8221;#efefef&#8221; background_color_gradient_end=&#8221;#bababa&#8221; parallax=&#8221;on&#8221; parallax_method=&#8221;off&#8221;][et_pb_row module_id=&#8221;textaccueil&#8221; _builder_version=&#8221;3.25&#8243; background_color=&#8221;rgba(0,0,0,0.91)&#8221; use_background_color_gradient=&#8221;on&#8221; background_color_gradient_start=&#8221;#191919&#8243; background_color_gradient_end=&#8221;#260300&#8243; background_size=&#8221;initial&#8221; background_position=&#8221;top_left&#8221; background_repeat=&#8221;repeat&#8221; custom_margin=&#8221;||30px|&#8221; custom_padding=&#8221;15px|0px|0px|0px&#8221;][et_pb_column type=&#8221;4_4&#8243; _builder_version=&#8221;3.25&#8243; custom_padding=&#8221;|||&#8221; custom_padding__hover=&#8221;|||&#8221;][et_pb_text admin_label=&#8221;Text&#8221; _builder_version=&#8221;4.9.1&#8243; background_size=&#8221;initial&#8221; background_position=&#8221;top_left&#8221; background_repeat=&#8221;repeat&#8221; text_orientation=&#8221;center&#8221; module_alignment=&#8221;center&#8221; custom_margin=&#8221;|40px|20px|40px&#8221; animation_style=&#8221;fade&#8221; hover_enabled=&#8221;0&#8243; sticky_enabled=&#8221;0&#8243;]<\/p>\n<h1><\/h1>\n<h3 class=\"western\"><span style=\"color: #ffcc00;\"><strong>Masterclass avec Jean-Pierre Dalmassy<\/strong><\/span><\/h3>\n<p><span style=\"color: #ffcc00;\"><strong><\/strong><\/span><\/p>\n<h4 class=\"western\"><span style=\"color: #ffcc00;\"><strong>Une exp\u00e9rience unique aux c\u00f4t\u00e9s des plus grands<\/strong><\/span><\/h4>\n<p><strong><\/strong><\/p>\n<p>Jean-Pierre Dalmassy a partag\u00e9 la sc\u00e8ne et l\u2019affiche avec de nombreux artistes de renomm\u00e9e mondiale, tels que :<br \/><strong>Enrike Pla, Dennis Chambers, Andr\u00e9 Ceccarelli, Russ Miller, F\u00e9lix Sabal Lecco, Dom Famularo, Lo\u00efc Pontieux, Julio Figueroa, Walfredo Reyes Jr, Marc Mond\u00e9sir, Simon Philips, Gary Novak, Dave Weckl, Thomas Lang, Mike Terrana, Carmine Appice, Will Calhoun, Cindy Blackman, Virgil Donati, Peter Erskine, Billy Cobham, Gavin Harrison,<\/strong> et bien d\u2019autres encore.<\/p>\n<p>&nbsp;<\/p>\n<p><img loading=\"lazy\" class=\"wp-image-1452 alignnone size-medium\" src=\"https:\/\/i0.wp.com\/dalmassy.fr\/wp-content\/uploads\/2019\/12\/Masterclass-Stage-tam-Tam-2010-300x225-300x225.jpg?resize=300%2C225\" alt=\"\" width=\"300\" height=\"225\" data-recalc-dims=\"1\" \/><\/p>\n<p>&nbsp;<\/p>\n<p>Stage international Tam Tam (JF Miguel)<\/p>\n<h3 class=\"western\"><span style=\"color: #ffcc00;\"><strong>Une p\u00e9dagogie inspir\u00e9e des plus grands batteurs<\/strong><\/span><\/h3>\n<p><strong><\/strong><\/p>\n<p>Au fil des ann\u00e9es, Jean-Pierre a affin\u00e9 ses masterclasses en s\u2019inspirant des plus grands noms de la batterie.<\/p>\n<p>Il a perfectionn\u00e9 son style et d\u00e9velopp\u00e9 une approche p\u00e9dagogique unique, adapt\u00e9e \u00e0 chaque batteur.<\/p>\n<p>Ses solos sont une v\u00e9ritable invitation au voyage, une exp\u00e9rience musicale immersive o\u00f9 la technique rencontre l\u2019\u00e9motion.<\/p>\n<p>P\u00e9dagogue confirm\u00e9 et passionn\u00e9, il est \u00e0 l\u2019\u00e9coute des diff\u00e9rents styles et accompagne chaque batteur dans son \u00e9volution.<\/p>\n<p><span style=\"color: #ffcc00;\"><strong>Ce que vous apprendrez en masterclass :<\/strong><\/span><br \/>\u2705 Am\u00e9liorer votre technique et votre ind\u00e9pendance<br \/>\u2705 Travailler votre tempo et votre groove<br \/>\u2705 D\u00e9velopper votre personnalit\u00e9 musicale<br \/>\u2705 Comprendre les subtilit\u00e9s des diff\u00e9rents styles<\/p>\n<p>Jean-Pierre Dalmassy est un artiste atypique, g\u00e9n\u00e9reux et sensible. Son moteur ?<\/p>\n<p><span style=\"color: #ffcc00;\"><strong>Partager sa passion et donner l\u2019envie de jouer de la batterie<\/strong>.<\/span><\/p>\n<p>Son talent r\u00e9v\u00e8le une philosophie essentielle :<span style=\"color: #ffcc00;\"> <strong>&#8220;L\u2019Humilit\u00e9 au service de la musique&#8221;.<\/strong><\/span><\/p>\n<p>[\/et_pb_text][\/et_pb_column][\/et_pb_row][et_pb_row module_id=&#8221;textaccueil&#8221; _builder_version=&#8221;3.25&#8243; background_color=&#8221;rgba(0,0,0,0.91)&#8221; use_background_color_gradient=&#8221;on&#8221; background_color_gradient_start=&#8221;#191919&#8243; background_color_gradient_end=&#8221;#260300&#8243; background_size=&#8221;initial&#8221; background_position=&#8221;top_left&#8221; background_repeat=&#8221;repeat&#8221; custom_margin=&#8221;||30px|&#8221; custom_padding=&#8221;15px|0px|0px|0px&#8221;][et_pb_column type=&#8221;4_4&#8243; _builder_version=&#8221;3.25&#8243; custom_padding=&#8221;|||&#8221; custom_padding__hover=&#8221;|||&#8221;][et_pb_text admin_label=&#8221;Text&#8221; _builder_version=&#8221;4.9.1&#8243; background_size=&#8221;initial&#8221; background_position=&#8221;top_left&#8221; background_repeat=&#8221;repeat&#8221; text_orientation=&#8221;center&#8221; module_alignment=&#8221;center&#8221; custom_margin=&#8221;|70px|-20px|70px&#8221; animation_style=&#8221;fade&#8221; hover_enabled=&#8221;0&#8243; sticky_enabled=&#8221;0&#8243;]<\/p>\n<h3 class=\"western\"><\/h3>\n<h3 class=\"western\"><span style=\"color: #ffcc00;\"><strong>Un voyage au c\u0153ur du rythme<\/strong><\/span><\/h3>\n<p>Pour enrichir son jeu et sa p\u00e9dagogie, Jean-Pierre est parti \u00e0 la rencontre des racines du rythme \u00e0 travers le monde :<\/p>\n<p><span style=\"color: #ffcc00;\"><strong>Afrique<\/strong><\/span> : \u00c9tude du <em>Rythme Tribal<\/em><br \/><span style=\"color: #ffcc00;\"><strong>Cuba<\/strong><\/span> : Formation avec Maria Marguarita Pounc\u00e9 Hernandez (<em>professeure d\u2019El Negro Hernandez,<\/em><em> \u00e9tudes sup\u00e9rieures au Conservatoire de La Havane<\/em>) et Enrique Pla (<em>batteur du groupe Irakere<\/em>)<br \/><span style=\"color: #ffcc00;\"><strong>Louisiane<\/strong><\/span> : Exploration des origines du Jazz<br \/><span style=\"color: #ffcc00;\"><strong>Asie<\/strong><\/span> : Perfectionnement du sens du d\u00e9tail et de la pr\u00e9cision<br \/><span style=\"color: #ffcc00;\"><strong>Am\u00e9rique du Sud<\/strong><\/span> : Exp\u00e9rimentation des rythmes de Trinidad, Venezuela, Tobago, Mexique&#8230;<\/p>\n<p><img loading=\"lazy\" class=\"wp-image-1457 alignnone size-medium\" src=\"https:\/\/i0.wp.com\/dalmassy.fr\/wp-content\/uploads\/2019\/12\/Maria-et-Enrik\u00e9-mes-deux-Profs-et-Amis-300x225-300x225.jpg?resize=300%2C225\" alt=\"\" width=\"300\" height=\"225\" data-recalc-dims=\"1\" \/><\/p>\n<p>Maria et Enrique Pla mes Professeurs de la Havane (Cuba)<\/p>\n<p><span style=\"color: #ffcc00;\"><strong>&#8220;Voir, entendre, sentir, comprendre l\u2019origine du rythme&#8221;<\/strong><\/span><\/p>\n<h3 class=\"western\"><strong>Un style unique :<span style=\"color: #ffcc00;\"> Latin Jazz Fusion<\/span><\/strong><\/h3>\n<p>Jean-Pierre Dalmassy est un artiste passionn\u00e9, un chercheur et un innovateur sur son instrument.<\/p>\n<p>Son style <strong>Latin Jazz Fusion<\/strong> est une synth\u00e8se de :<\/p>\n<p><span style=\"color: #ffcc00;\"><strong>Une technique ma\u00eetris\u00e9e et une virtuosit\u00e9 expressive<\/strong><\/span><br \/><span style=\"color: #ffcc00;\"><strong>Une sensibilit\u00e9 musicale unique et un travail du toucher sur les cymbales<\/strong><\/span><\/p>\n<p><span style=\"color: #ffcc00;\"><strong>Une exploration approfondie des toms et de la cloche au pied dans les rythmes br\u00e9siliens et cubains<\/strong><\/span><br \/><span style=\"color: #ffcc00;\"><strong>Une approche moderne et authentique du groove Fusion.<\/strong><\/span><\/p>\n<p>&nbsp;<\/p>\n<p>&nbsp;<\/p>\n<h2><\/h2>\n<p>[\/et_pb_text][\/et_pb_column][\/et_pb_row][et_pb_row module_id=&#8221;textaccueil&#8221; _builder_version=&#8221;3.25&#8243; background_color=&#8221;rgba(0,0,0,0.91)&#8221; use_background_color_gradient=&#8221;on&#8221; background_color_gradient_start=&#8221;#191919&#8243; background_color_gradient_end=&#8221;#260300&#8243; background_size=&#8221;initial&#8221; background_position=&#8221;top_left&#8221; background_repeat=&#8221;repeat&#8221; custom_margin=&#8221;||30px|&#8221; custom_padding=&#8221;15px|0px|0px|0px&#8221;][et_pb_column type=&#8221;4_4&#8243; _builder_version=&#8221;3.25&#8243; custom_padding=&#8221;|||&#8221; custom_padding__hover=&#8221;|||&#8221;][et_pb_text admin_label=&#8221;Text&#8221; _builder_version=&#8221;4.9.1&#8243; background_size=&#8221;initial&#8221; background_position=&#8221;top_left&#8221; background_repeat=&#8221;repeat&#8221; text_orientation=&#8221;center&#8221; module_alignment=&#8221;center&#8221; custom_margin=&#8221;||10px|&#8221; animation_style=&#8221;fade&#8221; hover_enabled=&#8221;0&#8243; sticky_enabled=&#8221;0&#8243;]<\/p>\n<p>&nbsp;<\/p>\n<h3 class=\"western\"><strong>Galerie :<span style=\"color: #ffcc00;\"> Un parcours aux c\u00f4t\u00e9s des plus grands ?<\/span><\/strong><\/h3>\n<p>Jean-Pierre Dalmassy est un<span style=\"color: #ffcc00;\"> <strong>artiste passionn\u00e9<\/strong><\/span>, un <span style=\"color: #ffcc00;\"><strong>chercheur<\/strong><\/span> et un <span style=\"color: #ffcc00;\"><strong>innovateur<\/strong><\/span> sur son instrument.<\/p>\n<p><span style=\"color: #ffcc00;\"><strong>D\u00e9couvrez en images les moments forts de sa carri\u00e8re :<\/strong><\/span><\/p>\n<p><span style=\"color: #ffcc00;\"><strong>&#8220;Voir, entendre, sentir, comprendre l\u2019origine du rythme&#8221;<\/strong><\/span><\/p>\n<p>[\/et_pb_text][\/et_pb_column][\/et_pb_row][et_pb_row module_id=&#8221;textaccueil&#8221; _builder_version=&#8221;3.25&#8243; background_color=&#8221;rgba(0,0,0,0.91)&#8221; use_background_color_gradient=&#8221;on&#8221; background_color_gradient_start=&#8221;#191919&#8243; background_color_gradient_end=&#8221;#260300&#8243; background_size=&#8221;initial&#8221; background_position=&#8221;top_left&#8221; background_repeat=&#8221;repeat&#8221; custom_margin=&#8221;||30px|&#8221; custom_padding=&#8221;35px|20px|0px|20px&#8221;][et_pb_column type=&#8221;4_4&#8243; _builder_version=&#8221;3.25&#8243; custom_padding=&#8221;|||&#8221; custom_padding__hover=&#8221;|||&#8221;][et_pb_gallery gallery_ids=&#8221;1075,1076,1077,1078,1088,1081,1091,1083&#8243; posts_number=&#8221;8&#8243; zoom_icon_color=&#8221;#ffffff&#8221; _builder_version=&#8221;3.17.1&#8243; animation_style=&#8221;fade&#8221; pagination_font_size_tablet=&#8221;51&#8243; pagination_line_height_tablet=&#8221;2&#8243;][\/et_pb_gallery][\/et_pb_column][\/et_pb_row][\/et_pb_section]<\/p>\n","protected":false},"excerpt":{"rendered":"<p>[et_pb_section fb_built=&#8221;1&#8243; fullwidth=&#8221;on&#8221; _builder_version=&#8221;3.22&#8243;][et_pb_fullwidth_image src=&#8221;https:\/\/dalmassy.fr\/wp-content\/uploads\/2017\/06\/DSC1514-2-1.jpg&#8221; admin_label=&#8221;Image en pleine largeur&#8221; _builder_version=&#8221;4.0.8&#8243;][\/et_pb_fullwidth_image][\/et_pb_section][et_pb_section fb_built=&#8221;1&#8243; inner_shadow=&#8221;on&#8221; _builder_version=&#8221;3.22&#8243; background_color=&#8221;rgba(62,99,109,0.58)&#8221; use_background_color_gradient=&#8221;on&#8221; background_color_gradient_start=&#8221;#efefef&#8221; background_color_gradient_end=&#8221;#bababa&#8221; parallax=&#8221;on&#8221; parallax_method=&#8221;off&#8221;][et_pb_row module_id=&#8221;textaccueil&#8221; _builder_version=&#8221;3.25&#8243; background_color=&#8221;rgba(0,0,0,0.91)&#8221; use_background_color_gradient=&#8221;on&#8221; background_color_gradient_start=&#8221;#191919&#8243; background_color_gradient_end=&#8221;#260300&#8243; background_size=&#8221;initial&#8221; background_position=&#8221;top_left&#8221; background_repeat=&#8221;repeat&#8221; custom_margin=&#8221;||30px|&#8221; custom_padding=&#8221;15px|0px|0px|0px&#8221;][et_pb_column type=&#8221;4_4&#8243; _builder_version=&#8221;3.25&#8243; custom_padding=&#8221;|||&#8221; custom_padding__hover=&#8221;|||&#8221;][et_pb_text admin_label=&#8221;Text&#8221; _builder_version=&#8221;4.9.1&#8243; background_size=&#8221;initial&#8221; background_position=&#8221;top_left&#8221; background_repeat=&#8221;repeat&#8221; text_orientation=&#8221;center&#8221; module_alignment=&#8221;center&#8221; custom_margin=&#8221;|40px|20px|40px&#8221; animation_style=&#8221;fade&#8221; hover_enabled=&#8221;0&#8243; sticky_enabled=&#8221;0&#8243;] Masterclass avec Jean-Pierre Dalmassy Une exp\u00e9rience unique aux c\u00f4t\u00e9s des [&hellip;]<\/p>\n","protected":false},"author":1,"featured_media":0,"parent":0,"menu_order":0,"comment_status":"closed","ping_status":"closed","template":"","meta":{"_et_pb_use_builder":"on","_et_pb_old_content":"","_et_gb_content_width":""},"_links":{"self":[{"href":"https:\/\/dalmassy.fr\/en\/wp-json\/wp\/v2\/pages\/450"}],"collection":[{"href":"https:\/\/dalmassy.fr\/en\/wp-json\/wp\/v2\/pages"}],"about":[{"href":"https:\/\/dalmassy.fr\/en\/wp-json\/wp\/v2\/types\/page"}],"author":[{"embeddable":true,"href":"https:\/\/dalmassy.fr\/en\/wp-json\/wp\/v2\/users\/1"}],"replies":[{"embeddable":true,"href":"https:\/\/dalmassy.fr\/en\/wp-json\/wp\/v2\/comments?post=450"}],"version-history":[{"count":21,"href":"https:\/\/dalmassy.fr\/en\/wp-json\/wp\/v2\/pages\/450\/revisions"}],"predecessor-version":[{"id":8699,"href":"https:\/\/dalmassy.fr\/en\/wp-json\/wp\/v2\/pages\/450\/revisions\/8699"}],"wp:attachment":[{"href":"https:\/\/dalmassy.fr\/en\/wp-json\/wp\/v2\/media?parent=450"}],"curies":[{"name":"wp","href":"https:\/\/api.w.org\/{rel}","templated":true}]}}