{"id":67,"date":"2017-06-15T11:11:28","date_gmt":"2017-06-15T09:11:28","guid":{"rendered":"http:\/\/villa-corse.fr\/?page_id=67"},"modified":"2025-12-22T09:22:31","modified_gmt":"2025-12-22T08:22:31","slug":"sponsors","status":"publish","type":"page","link":"https:\/\/dalmassy.fr\/en\/sponsors\/","title":{"rendered":"Sponsors"},"content":{"rendered":"<p>[et_pb_section fb_built=&#8221;1&#8243; fullwidth=&#8221;on&#8221; _builder_version=&#8221;3.22&#8243;][et_pb_fullwidth_image src=&#8221;https:\/\/dalmassy.fr\/wp-content\/uploads\/2017\/06\/DSC1514-2-1.jpg&#8221; _builder_version=&#8221;4.0.8&#8243;][\/et_pb_fullwidth_image][\/et_pb_section][et_pb_section fb_built=&#8221;1&#8243; _builder_version=&#8221;3.22&#8243; use_background_color_gradient=&#8221;on&#8221; background_color_gradient_start=&#8221;#efefef&#8221; background_color_gradient_end=&#8221;#bababa&#8221; parallax=&#8221;on&#8221; parallax_method=&#8221;off&#8221;][et_pb_row column_structure=&#8221;1_4,3_4&#8243; _builder_version=&#8221;4.9.1&#8243; background_color=&#8221;rgba(66,66,66,0.91)&#8221; use_background_color_gradient=&#8221;on&#8221; background_color_gradient_start=&#8221;#191919&#8243; background_color_gradient_end=&#8221;#260300&#8243; background_size=&#8221;initial&#8221; background_position=&#8221;top_left&#8221; background_repeat=&#8221;repeat&#8221; animation_style=&#8221;fade&#8221; animation_duration=&#8221;2000ms&#8221; link_option_url=&#8221;https:\/\/pearldrum.com\/eu\/artist\/jean-pierre-dalmassy\/13941&#8243;][et_pb_column type=&#8221;1_4&#8243; _builder_version=&#8221;3.25&#8243; custom_padding=&#8221;|||&#8221; custom_padding__hover=&#8221;|||&#8221;][et_pb_image src=&#8221;http:\/\/dalmassy.fr\/wp-content\/uploads\/2019\/12\/jpdalmassy-Evans-150&#215;150.jpg&#8221; url=&#8221;https:\/\/pearldrum.com\/eu\/artist\/jean-pierre-dalmassy\/13941&#8243; align=&#8221;center&#8221; force_fullwidth=&#8221;on&#8221; align_tablet=&#8221;center&#8221; align_phone=&#8221;&#8221; align_last_edited=&#8221;on|desktop&#8221; _builder_version=&#8221;4.9.1&#8243; custom_margin=&#8221;|||15px&#8221; custom_margin_tablet=&#8221;|||0px&#8221; custom_margin_phone=&#8221;&#8221; custom_margin_last_edited=&#8221;on|phone&#8221; animation_style=&#8221;slide&#8221; animation_direction=&#8221;left&#8221; animation_duration=&#8221;500ms&#8221; animation_intensity_slide=&#8221;10%&#8221; border_width_all=&#8221;0px&#8221; border_color_all=&#8221;#ffffff&#8221; border_style_all=&#8221;solid&#8221; use_border_color=&#8221;on&#8221; border_style=&#8221;solid&#8221; animation=&#8221;left&#8221; sticky=&#8221;off&#8221;][\/et_pb_image][\/et_pb_column][et_pb_column type=&#8221;3_4&#8243; _builder_version=&#8221;3.25&#8243; custom_padding=&#8221;|||&#8221; custom_padding__hover=&#8221;|||&#8221;][et_pb_text _builder_version=&#8221;4.9.1&#8243; link_font=&#8221;||||||||&#8221; background_size=&#8221;initial&#8221; background_position=&#8221;top_left&#8221; background_repeat=&#8221;repeat&#8221; module_alignment=&#8221;left&#8221; custom_margin_tablet=&#8221;|||15px&#8221; custom_margin_phone=&#8221;||0px&#8221; custom_margin_last_edited=&#8221;on|phone&#8221; custom_padding_tablet=&#8221;&#8221; custom_padding_phone=&#8221;||15px&#8221; custom_padding_last_edited=&#8221;on|phone&#8221; link_option_url=&#8221;https:\/\/pearldrum.com\/eu\/artist\/jean-pierre-dalmassy\/13941&#8243;]<\/p>\n<h4 style=\"text-align: center;\"><\/h4>\n<p>&nbsp;<\/p>\n<h2><a href=\"https:\/\/pearldrum.com\/eu\/artist\/jean-pierre-dalmassy\/13941\">Artiste Pearl europe<\/a><\/h2>\n<p><a href=\"https:\/\/pearldrum.com\/eu\/artist\/jean-pierre-dalmassy\/13941\">Cliquer ici pour voir le\u00a0CV et l&#8217;interview<\/a><\/p>\n<p>[\/et_pb_text][\/et_pb_column][\/et_pb_row][et_pb_row _builder_version=&#8221;3.25&#8243; background_size=&#8221;initial&#8221; background_position=&#8221;top_left&#8221; background_repeat=&#8221;repeat&#8221;][et_pb_column type=&#8221;4_4&#8243; _builder_version=&#8221;3.25&#8243; custom_padding=&#8221;|||&#8221; custom_padding__hover=&#8221;|||&#8221;][et_pb_divider show_divider=&#8221;off&#8221; _builder_version=&#8221;3.2&#8243;][\/et_pb_divider][\/et_pb_column][\/et_pb_row][et_pb_row column_structure=&#8221;1_4,3_4&#8243; _builder_version=&#8221;3.25&#8243; background_color=&#8221;rgba(66,66,66,0.91)&#8221; use_background_color_gradient=&#8221;on&#8221; background_color_gradient_start=&#8221;#191919&#8243; background_color_gradient_end=&#8221;#260300&#8243; background_size=&#8221;initial&#8221; background_position=&#8221;top_left&#8221; background_repeat=&#8221;repeat&#8221; animation_style=&#8221;fade&#8221; animation_duration=&#8221;2000ms&#8221;][et_pb_column type=&#8221;1_4&#8243; _builder_version=&#8221;3.25&#8243; custom_padding=&#8221;|||&#8221; custom_padding__hover=&#8221;|||&#8221;][et_pb_image src=&#8221;https:\/\/dalmassy.fr\/wp-content\/uploads\/2020\/01\/Pearl-1-150&#215;150.png&#8221; url=&#8221;https:\/\/pearldrum.com\/eu\/artist\/jean-pierre-dalmassy\/13941&#8243; align_tablet=&#8221;center&#8221; align_phone=&#8221;&#8221; align_last_edited=&#8221;on|desktop&#8221; _builder_version=&#8221;4.0.8&#8243; animation_style=&#8221;slide&#8221; animation_direction=&#8221;left&#8221; animation_duration=&#8221;500ms&#8221; animation_intensity_slide=&#8221;10%&#8221; border_style=&#8221;solid&#8221; animation=&#8221;left&#8221; sticky=&#8221;off&#8221;][\/et_pb_image][\/et_pb_column][et_pb_column type=&#8221;3_4&#8243; _builder_version=&#8221;3.25&#8243; custom_padding=&#8221;|||&#8221; custom_padding__hover=&#8221;|||&#8221;][et_pb_text _builder_version=&#8221;4.9.1&#8243; text_font=&#8221;||||||||&#8221; background_size=&#8221;initial&#8221; background_position=&#8221;top_left&#8221; background_repeat=&#8221;repeat&#8221; module_alignment=&#8221;left&#8221; custom_margin=&#8221;|20px||&#8221; custom_margin_tablet=&#8221;|||15px&#8221; custom_margin_phone=&#8221;|||15px&#8221; custom_margin_last_edited=&#8221;on|phone&#8221; custom_padding=&#8221;||&#8221; custom_padding_tablet=&#8221;&#8221; custom_padding_phone=&#8221;||15px&#8221; custom_padding_last_edited=&#8221;on|tablet&#8221; border_style=&#8221;solid&#8221;]<\/p>\n<h4><\/h4>\n<h4><\/h4>\n<h4><strong><a href=\"https:\/\/www.laboitenoiredumusicien.com\/artistes\/jean-pierre-dalmassy-a302\/\">Pearl<\/a><\/strong><\/h4>\n<p><a href=\"https:\/\/www.laboitenoiredumusicien.com\/artistes\/jean-pierre-dalmassy-a302\/\">Cela fait maintenant plus de 12 ans que je joue sur la marque Pearl,que j utilise les cymbales Sabian, les baguettes Vic Firth et les peaux Evans.\u00a0Les qualit\u00e9s de ma batterie Pearl Pr\u00e9mium Fusion, la finition, les fixations, la beaut\u00e9 de cet instrument, une facilit\u00e9 \u00a0incroyable pour jouer dessus. Mais le plus important le Son, sur sc\u00e8ne et en studio un son chaud, une belle attaque et surtout la Pr\u00e9cision.<\/a><\/p>\n<p>[\/et_pb_text][\/et_pb_column][\/et_pb_row][et_pb_row _builder_version=&#8221;3.25&#8243; background_size=&#8221;initial&#8221; background_position=&#8221;top_left&#8221; background_repeat=&#8221;repeat&#8221;][et_pb_column type=&#8221;4_4&#8243; _builder_version=&#8221;3.25&#8243; custom_padding=&#8221;|||&#8221; custom_padding__hover=&#8221;|||&#8221;][et_pb_divider show_divider=&#8221;off&#8221; _builder_version=&#8221;3.2&#8243;][\/et_pb_divider][\/et_pb_column][\/et_pb_row][et_pb_row column_structure=&#8221;1_4,3_4&#8243; _builder_version=&#8221;3.25&#8243; background_color=&#8221;rgba(66,66,66,0.91)&#8221; use_background_color_gradient=&#8221;on&#8221; background_color_gradient_start=&#8221;#191919&#8243; background_color_gradient_end=&#8221;#260300&#8243; background_size=&#8221;initial&#8221; background_position=&#8221;top_left&#8221; background_repeat=&#8221;repeat&#8221; animation_style=&#8221;fade&#8221; animation_duration=&#8221;2000ms&#8221;][et_pb_column type=&#8221;1_4&#8243; _builder_version=&#8221;3.25&#8243; custom_padding=&#8221;|||&#8221; custom_padding__hover=&#8221;|||&#8221;][et_pb_image src=&#8221;https:\/\/dalmassy.fr\/wp-content\/uploads\/2020\/01\/sabian1-150&#215;150.png&#8221; url=&#8221;https:\/\/www.laboitenoiredumusicien.com\/artistes\/jean-pierre-dalmassy-a302\/&#8221; align_tablet=&#8221;center&#8221; align_phone=&#8221;&#8221; align_last_edited=&#8221;on|desktop&#8221; _builder_version=&#8221;4.9.1&#8243; animation_style=&#8221;slide&#8221; animation_direction=&#8221;left&#8221; animation_duration=&#8221;500ms&#8221; animation_intensity_slide=&#8221;10%&#8221; use_border_color=&#8221;off&#8221; border_color=&#8221;#ffffff&#8221; border_style=&#8221;solid&#8221; animation=&#8221;left&#8221; sticky=&#8221;off&#8221;][\/et_pb_image][\/et_pb_column][et_pb_column type=&#8221;3_4&#8243; _builder_version=&#8221;3.25&#8243; custom_padding=&#8221;|||&#8221; custom_padding__hover=&#8221;|||&#8221;][et_pb_text _builder_version=&#8221;4.9.1&#8243; background_size=&#8221;initial&#8221; background_position=&#8221;top_left&#8221; background_repeat=&#8221;repeat&#8221; module_alignment=&#8221;left&#8221; custom_margin=&#8221;|20px||&#8221; custom_margin_tablet=&#8221;|||15px&#8221; custom_margin_phone=&#8221;&#8221; custom_margin_last_edited=&#8221;on|phone&#8221; custom_padding_tablet=&#8221;&#8221; custom_padding_phone=&#8221;||15px&#8221; custom_padding_last_edited=&#8221;on|desktop&#8221; border_style=&#8221;solid&#8221;]<\/p>\n<h4><a href=\"https:\/\/www.laboitenoiredumusicien.com\/artistes\/jean-pierre-dalmassy-a302\/\"><strong>Sabian<\/strong><\/a><\/h4>\n<p><a href=\"https:\/\/www.laboitenoiredumusicien.com\/artistes\/jean-pierre-dalmassy-a302\/\">Pour les cymbales Sabian c\u2019est avant tout le choix du son et des effets .Pour la ride \u00e9volution en 20 pas trop de r\u00e9sonance, une jolie brillance claire et un bon ping. Les crash de la s\u00e9rie HHX sont puissantes et pas trop envahissantes. Une attaque pr\u00e9cise pour le charleston 14 Stage HHX et un bon rendu du d\u00e9tail du jeu des baguettes. Tr\u00e8s moderne.<\/a><\/p>\n<p>[\/et_pb_text][\/et_pb_column][\/et_pb_row][et_pb_row _builder_version=&#8221;3.25&#8243; background_size=&#8221;initial&#8221; background_position=&#8221;top_left&#8221; background_repeat=&#8221;repeat&#8221;][et_pb_column type=&#8221;4_4&#8243; _builder_version=&#8221;3.25&#8243; custom_padding=&#8221;|||&#8221; custom_padding__hover=&#8221;|||&#8221;][et_pb_divider show_divider=&#8221;off&#8221; _builder_version=&#8221;3.2&#8243;][\/et_pb_divider][\/et_pb_column][\/et_pb_row][et_pb_row column_structure=&#8221;1_4,3_4&#8243; _builder_version=&#8221;3.25&#8243; background_color=&#8221;rgba(66,66,66,0.91)&#8221; use_background_color_gradient=&#8221;on&#8221; background_color_gradient_start=&#8221;#191919&#8243; background_color_gradient_end=&#8221;#260300&#8243; background_size=&#8221;initial&#8221; background_position=&#8221;top_left&#8221; background_repeat=&#8221;repeat&#8221; animation_style=&#8221;fade&#8221; animation_duration=&#8221;2000ms&#8221;][et_pb_column type=&#8221;1_4&#8243; _builder_version=&#8221;3.25&#8243; custom_padding=&#8221;|||&#8221; custom_padding__hover=&#8221;|||&#8221;][et_pb_image src=&#8221;https:\/\/dalmassy.fr\/wp-content\/uploads\/2020\/01\/vic-firth-1-150&#215;150.jpg&#8221; url=&#8221;https:\/\/vicfirth.com\/blogs\/artist\/jean-pierre-dalmassy-vf?srsltid=AfmBOopXxqaw4NiwoEjcojgURS8iHm0IaYuG3bN6Epb_4ExZ70JVG576&#8243; align_tablet=&#8221;center&#8221; align_phone=&#8221;&#8221; align_last_edited=&#8221;on|desktop&#8221; _builder_version=&#8221;4.9.1&#8243; animation_style=&#8221;slide&#8221; animation_direction=&#8221;left&#8221; animation_duration=&#8221;500ms&#8221; animation_intensity_slide=&#8221;10%&#8221; hover_enabled=&#8221;0&#8243; use_border_color=&#8221;off&#8221; border_color=&#8221;#ffffff&#8221; border_style=&#8221;solid&#8221; animation=&#8221;left&#8221; sticky=&#8221;off&#8221; sticky_enabled=&#8221;0&#8243;][\/et_pb_image][\/et_pb_column][et_pb_column type=&#8221;3_4&#8243; _builder_version=&#8221;3.25&#8243; custom_padding=&#8221;|||&#8221; custom_padding__hover=&#8221;|||&#8221;][et_pb_text _builder_version=&#8221;4.9.1&#8243; background_size=&#8221;initial&#8221; background_position=&#8221;top_left&#8221; background_repeat=&#8221;repeat&#8221; module_alignment=&#8221;left&#8221; custom_margin=&#8221;|20px||&#8221; custom_margin_tablet=&#8221;|||15px&#8221; custom_margin_phone=&#8221;&#8221; custom_margin_last_edited=&#8221;on|tablet&#8221; custom_padding_tablet=&#8221;&#8221; custom_padding_phone=&#8221;||15px&#8221; custom_padding_last_edited=&#8221;on|phone&#8221; border_style=&#8221;solid&#8221;]<\/p>\n<h4><a href=\"https:\/\/vicfirth.zildjian.com\/jean-pierre-dalmassy-vf.html\"><strong>Vic Firth<\/strong><\/a><\/h4>\n<p><a href=\"https:\/\/vicfirth.zildjian.com\/jean-pierre-dalmassy-vf.html\">Mon choix :c\u2019est la qualit\u00e9 du bois. La solidit\u00e9 et le son de l\u2019olive sur la ride. Tr\u00e8s important pour les batteurs qui recherche le Touch\u00e9. J\u2019utilise le mod\u00e8le Am\u00e9rican classic 5A et 5B suivant le style et l\u2019attaque de mon jeu. Un mod\u00e8le incroyable pour moi, tr\u00e8s facile pour le fris\u00e9 et les roulements.<\/a><\/p>\n<p>[\/et_pb_text][\/et_pb_column][\/et_pb_row][et_pb_row _builder_version=&#8221;3.25&#8243; background_size=&#8221;initial&#8221; background_position=&#8221;top_left&#8221; background_repeat=&#8221;repeat&#8221;][et_pb_column type=&#8221;4_4&#8243; _builder_version=&#8221;3.25&#8243; custom_padding=&#8221;|||&#8221; custom_padding__hover=&#8221;|||&#8221;][et_pb_divider show_divider=&#8221;off&#8221; _builder_version=&#8221;3.2&#8243;][\/et_pb_divider][\/et_pb_column][\/et_pb_row][et_pb_row column_structure=&#8221;1_4,3_4&#8243; _builder_version=&#8221;3.25&#8243; background_color=&#8221;rgba(66,66,66,0.91)&#8221; use_background_color_gradient=&#8221;on&#8221; background_color_gradient_start=&#8221;#191919&#8243; background_color_gradient_end=&#8221;#260300&#8243; background_size=&#8221;initial&#8221; background_position=&#8221;top_left&#8221; background_repeat=&#8221;repeat&#8221; animation_style=&#8221;fade&#8221; animation_duration=&#8221;2000ms&#8221;][et_pb_column type=&#8221;1_4&#8243; _builder_version=&#8221;3.25&#8243; custom_padding=&#8221;|||&#8221; custom_padding__hover=&#8221;|||&#8221;][et_pb_image src=&#8221;https:\/\/dalmassy.fr\/wp-content\/uploads\/2019\/12\/logo-evans-noir-Copie1.png&#8221; url=&#8221;https:\/\/www.daddario.com\/products\/accessories\/&#8221; align_tablet=&#8221;center&#8221; align_phone=&#8221;&#8221; align_last_edited=&#8221;on|desktop&#8221; _builder_version=&#8221;4.0.8&#8243; custom_margin=&#8221;|||10px&#8221; animation_style=&#8221;slide&#8221; animation_direction=&#8221;left&#8221; animation_duration=&#8221;500ms&#8221; animation_intensity_slide=&#8221;10%&#8221; use_border_color=&#8221;off&#8221; border_color=&#8221;#ffffff&#8221; border_style=&#8221;solid&#8221; animation=&#8221;left&#8221; sticky=&#8221;off&#8221;][\/et_pb_image][\/et_pb_column][et_pb_column type=&#8221;3_4&#8243; _builder_version=&#8221;3.25&#8243; custom_padding=&#8221;|||&#8221; custom_padding__hover=&#8221;|||&#8221;][et_pb_text _builder_version=&#8221;4.0.8&#8243; background_size=&#8221;initial&#8221; background_position=&#8221;top_left&#8221; background_repeat=&#8221;repeat&#8221; module_alignment=&#8221;left&#8221; custom_margin=&#8221;|20px||&#8221; custom_margin_tablet=&#8221;|||15px&#8221; custom_margin_phone=&#8221;&#8221; custom_margin_last_edited=&#8221;on|tablet&#8221; custom_padding_tablet=&#8221;&#8221; custom_padding_phone=&#8221;||15px&#8221; custom_padding_last_edited=&#8221;on|phone&#8221; border_style=&#8221;solid&#8221;]<\/p>\n<h4><strong><a href=\"http:\/\/www.laboitenoiredumusicien.com\/marques\/evans-evans\/ \">Evans<\/a><\/strong><\/h4>\n<p>Une r\u00e9f\u00e9rence pour la qualit\u00e9, la solidit\u00e9 et un Son \u00e9norme. J\u2019utilise les G2 pour les futs. Cela me donne de la profondeur avec ma batterie et un son rond avec une belle attaque et de belles nuances. G1 pour la caisse claire Pearl sensitive, elle claque bien, le timbre est pr\u00e9cis et l\u2019after Beat puissant. \u00c9quilibr\u00e9 dans les m\u00e9diums.<\/p>\n<p>Pour la peaux de grosse caisse EMAD 2 Un son grave et une belle attaque pour mon style Fusion.\u00a0Pour tous les batteurs, c\u2019est vraiment un r\u00eave d\u2019\u00eatre sponsoris\u00e9. Il y a le travail sur l\u2019instrument,la passion de la musique et aussi il faut une part de chance.<\/p>\n<p>[\/et_pb_text][\/et_pb_column][\/et_pb_row][et_pb_row _builder_version=&#8221;3.25&#8243;][et_pb_column type=&#8221;4_4&#8243; _builder_version=&#8221;3.25&#8243; custom_padding=&#8221;|||&#8221; custom_padding__hover=&#8221;|||&#8221;][et_pb_divider show_divider=&#8221;off&#8221; _builder_version=&#8221;3.2&#8243;][\/et_pb_divider][\/et_pb_column][\/et_pb_row][et_pb_row column_structure=&#8221;1_4,3_4&#8243; _builder_version=&#8221;3.25&#8243; background_color=&#8221;rgba(66,66,66,0.91)&#8221; use_background_color_gradient=&#8221;on&#8221; background_color_gradient_start=&#8221;#191919&#8243; background_color_gradient_end=&#8221;#260300&#8243; background_size=&#8221;initial&#8221; background_position=&#8221;top_left&#8221; background_repeat=&#8221;repeat&#8221; animation_style=&#8221;fade&#8221; animation_duration=&#8221;2000ms&#8221;][et_pb_column type=&#8221;1_4&#8243; _builder_version=&#8221;3.25&#8243; custom_padding=&#8221;|||&#8221; custom_padding__hover=&#8221;|||&#8221;][et_pb_image src=&#8221;https:\/\/dalmassy.fr\/wp-content\/uploads\/2019\/12\/laboitenoiredumusicien-Copie.png&#8221; url=&#8221;https:\/\/www.laboitenoiredumusicien.com\/artistes\/jean-pierre-dalmassy-a302\/&#8221; align_tablet=&#8221;center&#8221; align_phone=&#8221;&#8221; align_last_edited=&#8221;on|desktop&#8221; _builder_version=&#8221;4.9.1&#8243; custom_margin=&#8221;|||10px&#8221; animation_style=&#8221;slide&#8221; animation_direction=&#8221;left&#8221; animation_duration=&#8221;500ms&#8221; animation_intensity_slide=&#8221;10%&#8221; use_border_color=&#8221;off&#8221; border_color=&#8221;#ffffff&#8221; border_style=&#8221;solid&#8221; animation=&#8221;left&#8221; sticky=&#8221;off&#8221;][\/et_pb_image][\/et_pb_column][et_pb_column type=&#8221;3_4&#8243; _builder_version=&#8221;3.25&#8243; custom_padding=&#8221;|||&#8221; custom_padding__hover=&#8221;|||&#8221;][et_pb_text _builder_version=&#8221;4.9.1&#8243; background_size=&#8221;initial&#8221; background_position=&#8221;top_left&#8221; background_repeat=&#8221;repeat&#8221; module_alignment=&#8221;left&#8221; custom_margin=&#8221;|20px||&#8221; custom_margin_tablet=&#8221;|||15px&#8221; custom_margin_phone=&#8221;&#8221; custom_margin_last_edited=&#8221;on|tablet&#8221; custom_padding_tablet=&#8221;&#8221; custom_padding_phone=&#8221;||15px&#8221; custom_padding_last_edited=&#8221;on|phone&#8221; border_style=&#8221;solid&#8221;]<\/p>\n<h4><strong><a href=\"https:\/\/www.laboitenoiredumusicien.com\/artistes\/jean-pierre-dalmassy-a302\/\">La Boite Noire du Musicien Artiste Jean Pierre Dalmassy<\/a><\/strong><\/h4>\n<p>[\/et_pb_text][\/et_pb_column][\/et_pb_row][\/et_pb_section]<\/p>\n","protected":false},"excerpt":{"rendered":"<p>[et_pb_section fb_built=&#8221;1&#8243; fullwidth=&#8221;on&#8221; _builder_version=&#8221;3.22&#8243;][et_pb_fullwidth_image src=&#8221;https:\/\/dalmassy.fr\/wp-content\/uploads\/2017\/06\/DSC1514-2-1.jpg&#8221; _builder_version=&#8221;4.0.8&#8243;][\/et_pb_fullwidth_image][\/et_pb_section][et_pb_section fb_built=&#8221;1&#8243; _builder_version=&#8221;3.22&#8243; use_background_color_gradient=&#8221;on&#8221; background_color_gradient_start=&#8221;#efefef&#8221; background_color_gradient_end=&#8221;#bababa&#8221; parallax=&#8221;on&#8221; parallax_method=&#8221;off&#8221;][et_pb_row column_structure=&#8221;1_4,3_4&#8243; _builder_version=&#8221;4.9.1&#8243; background_color=&#8221;rgba(66,66,66,0.91)&#8221; use_background_color_gradient=&#8221;on&#8221; background_color_gradient_start=&#8221;#191919&#8243; background_color_gradient_end=&#8221;#260300&#8243; background_size=&#8221;initial&#8221; background_position=&#8221;top_left&#8221; background_repeat=&#8221;repeat&#8221; animation_style=&#8221;fade&#8221; animation_duration=&#8221;2000ms&#8221; link_option_url=&#8221;https:\/\/pearldrum.com\/eu\/artist\/jean-pierre-dalmassy\/13941&#8243;][et_pb_column type=&#8221;1_4&#8243; _builder_version=&#8221;3.25&#8243; custom_padding=&#8221;|||&#8221; custom_padding__hover=&#8221;|||&#8221;][et_pb_image src=&#8221;http:\/\/dalmassy.fr\/wp-content\/uploads\/2019\/12\/jpdalmassy-Evans-150&#215;150.jpg&#8221; url=&#8221;https:\/\/pearldrum.com\/eu\/artist\/jean-pierre-dalmassy\/13941&#8243; align=&#8221;center&#8221; force_fullwidth=&#8221;on&#8221; align_tablet=&#8221;center&#8221; align_phone=&#8221;&#8221; align_last_edited=&#8221;on|desktop&#8221; _builder_version=&#8221;4.9.1&#8243; custom_margin=&#8221;|||15px&#8221; custom_margin_tablet=&#8221;|||0px&#8221; custom_margin_phone=&#8221;&#8221; custom_margin_last_edited=&#8221;on|phone&#8221; animation_style=&#8221;slide&#8221; animation_direction=&#8221;left&#8221; animation_duration=&#8221;500ms&#8221; animation_intensity_slide=&#8221;10%&#8221; border_width_all=&#8221;0px&#8221; border_color_all=&#8221;#ffffff&#8221; border_style_all=&#8221;solid&#8221; use_border_color=&#8221;on&#8221; border_style=&#8221;solid&#8221; animation=&#8221;left&#8221; sticky=&#8221;off&#8221;][\/et_pb_image][\/et_pb_column][et_pb_column type=&#8221;3_4&#8243; _builder_version=&#8221;3.25&#8243; custom_padding=&#8221;|||&#8221; [&hellip;]<\/p>\n","protected":false},"author":1,"featured_media":0,"parent":0,"menu_order":0,"comment_status":"closed","ping_status":"closed","template":"","meta":{"_et_pb_use_builder":"on","_et_pb_old_content":"","_et_gb_content_width":""},"_links":{"self":[{"href":"https:\/\/dalmassy.fr\/en\/wp-json\/wp\/v2\/pages\/67"}],"collection":[{"href":"https:\/\/dalmassy.fr\/en\/wp-json\/wp\/v2\/pages"}],"about":[{"href":"https:\/\/dalmassy.fr\/en\/wp-json\/wp\/v2\/types\/page"}],"author":[{"embeddable":true,"href":"https:\/\/dalmassy.fr\/en\/wp-json\/wp\/v2\/users\/1"}],"replies":[{"embeddable":true,"href":"https:\/\/dalmassy.fr\/en\/wp-json\/wp\/v2\/comments?post=67"}],"version-history":[{"count":25,"href":"https:\/\/dalmassy.fr\/en\/wp-json\/wp\/v2\/pages\/67\/revisions"}],"predecessor-version":[{"id":8625,"href":"https:\/\/dalmassy.fr\/en\/wp-json\/wp\/v2\/pages\/67\/revisions\/8625"}],"wp:attachment":[{"href":"https:\/\/dalmassy.fr\/en\/wp-json\/wp\/v2\/media?parent=67"}],"curies":[{"name":"wp","href":"https:\/\/api.w.org\/{rel}","templated":true}]}}