{"id":805,"date":"2018-06-26T11:15:27","date_gmt":"2018-06-26T09:15:27","guid":{"rendered":"http:\/\/villa-corse.fr\/?page_id=805"},"modified":"2020-01-16T20:34:18","modified_gmt":"2020-01-16T19:34:18","slug":"news","status":"publish","type":"page","link":"https:\/\/dalmassy.fr\/en\/news\/","title":{"rendered":"News"},"content":{"rendered":"<p>[et_pb_section fb_built=&#8221;1&#8243; fullwidth=&#8221;on&#8221; _builder_version=&#8221;3.22&#8243;][et_pb_fullwidth_image src=&#8221;https:\/\/dalmassy.fr\/wp-content\/uploads\/2017\/06\/DSC1514-2-1.jpg&#8221; _builder_version=&#8221;4.0.8&#8243; hover_enabled=&#8221;0&#8243; border_style=&#8221;solid&#8221;][\/et_pb_fullwidth_image][\/et_pb_section][et_pb_section fb_built=&#8221;1&#8243; inner_shadow=&#8221;on&#8221; _builder_version=&#8221;3.22&#8243; background_color=&#8221;rgba(62,99,109,0.58)&#8221; use_background_color_gradient=&#8221;on&#8221; background_color_gradient_start=&#8221;#efefef&#8221; background_color_gradient_end=&#8221;#bababa&#8221; parallax=&#8221;on&#8221; parallax_method=&#8221;off&#8221; transparent_background=&#8221;off&#8221;][et_pb_row module_id=&#8221;textaccueil&#8221; _builder_version=&#8221;3.25&#8243; background_color=&#8221;rgba(0,0,0,0.91)&#8221; use_background_color_gradient=&#8221;on&#8221; background_color_gradient_start=&#8221;#191919&#8243; background_color_gradient_end=&#8221;#260300&#8243; background_size=&#8221;initial&#8221; background_position=&#8221;top_left&#8221; background_repeat=&#8221;repeat&#8221; custom_margin=&#8221;||30px|&#8221; custom_padding=&#8221;0px|0px|0px|0px&#8221;][et_pb_column type=&#8221;4_4&#8243; _builder_version=&#8221;3.25&#8243; custom_padding=&#8221;|||&#8221; custom_padding__hover=&#8221;|||&#8221;][et_pb_text _builder_version=&#8221;3.27.4&#8243; text_font=&#8221;Montserrat||||&#8221; text_text_color=&#8221;#ffffff&#8221; text_font_size=&#8221;15&#8243; header_text_color=&#8221;#ffffff&#8221; background_size=&#8221;initial&#8221; background_position=&#8221;top_left&#8221; background_repeat=&#8221;repeat&#8221; background_layout=&#8221;dark&#8221; module_alignment=&#8221;left&#8221; custom_padding=&#8221;30px|30px|30px|30px&#8221; animation_style=&#8221;fade&#8221; animation_duration=&#8221;2000ms&#8221; text_font_size_tablet=&#8221;13px&#8221; text_font_size_phone=&#8221;12px&#8221; text_font_size_last_edited=&#8221;on|phone&#8221; border_style=&#8221;solid&#8221;]<\/p>\n<h2 style=\"text-align: center;\">Bienvenue sur le\u00a0blog de Jean-Pierre Dalmassy<\/h2>\n<p>&nbsp;<\/p>\n<p style=\"text-align: center;\">Jean Pierre Dalmassy est fascin\u00e9 par la musique improvis\u00e9e depuis tr\u00e8s longtemps.<br \/>\nIl est consid\u00e9r\u00e9 comme un chercheur, un innovateur de la batterie.<br \/>\nAvec la sensibilit\u00e9, l\u2019\u00e9motion, la virtuosit\u00e9 et une ind\u00e9pendance de la cloche au pied, Jean Pierre r\u00e9ussit \u00e0 d\u00e9velopper son propre style.<\/p>\n<p>[\/et_pb_text][\/et_pb_column][\/et_pb_row][et_pb_row _builder_version=&#8221;3.25&#8243;][et_pb_column type=&#8221;4_4&#8243; _builder_version=&#8221;3.25&#8243; custom_padding=&#8221;|||&#8221; custom_padding__hover=&#8221;|||&#8221;][et_pb_blog fullwidth=&#8221;off&#8221; posts_number=&#8221;6&#8243; show_author=&#8221;off&#8221; show_categories=&#8221;off&#8221; _builder_version=&#8221;3.17.1&#8243; header_text_color=&#8221;#191919&#8243; body_text_color=&#8221;#191919&#8243; meta_text_color=&#8221;#191919&#8243; pagination_text_color=&#8221;#191919&#8243; background_color=&#8221;#edf000&#8243; use_background_color_gradient=&#8221;on&#8221; background_color_gradient_start=&#8221;#191919&#8243; background_color_gradient_end=&#8221;#260300&#8243;][\/et_pb_blog][\/et_pb_column][\/et_pb_row][\/et_pb_section]<\/p>\n","protected":false},"excerpt":{"rendered":"<p>[et_pb_section fb_built=&#8221;1&#8243; fullwidth=&#8221;on&#8221; _builder_version=&#8221;3.22&#8243;][et_pb_fullwidth_image src=&#8221;https:\/\/dalmassy.fr\/wp-content\/uploads\/2017\/06\/DSC1514-2-1.jpg&#8221; _builder_version=&#8221;4.0.8&#8243; hover_enabled=&#8221;0&#8243; border_style=&#8221;solid&#8221;][\/et_pb_fullwidth_image][\/et_pb_section][et_pb_section fb_built=&#8221;1&#8243; inner_shadow=&#8221;on&#8221; _builder_version=&#8221;3.22&#8243; background_color=&#8221;rgba(62,99,109,0.58)&#8221; use_background_color_gradient=&#8221;on&#8221; background_color_gradient_start=&#8221;#efefef&#8221; background_color_gradient_end=&#8221;#bababa&#8221; parallax=&#8221;on&#8221; parallax_method=&#8221;off&#8221; transparent_background=&#8221;off&#8221;][et_pb_row module_id=&#8221;textaccueil&#8221; _builder_version=&#8221;3.25&#8243; background_color=&#8221;rgba(0,0,0,0.91)&#8221; use_background_color_gradient=&#8221;on&#8221; background_color_gradient_start=&#8221;#191919&#8243; background_color_gradient_end=&#8221;#260300&#8243; background_size=&#8221;initial&#8221; background_position=&#8221;top_left&#8221; background_repeat=&#8221;repeat&#8221; custom_margin=&#8221;||30px|&#8221; custom_padding=&#8221;0px|0px|0px|0px&#8221;][et_pb_column type=&#8221;4_4&#8243; _builder_version=&#8221;3.25&#8243; custom_padding=&#8221;|||&#8221; custom_padding__hover=&#8221;|||&#8221;][et_pb_text _builder_version=&#8221;3.27.4&#8243; text_font=&#8221;Montserrat||||&#8221; text_text_color=&#8221;#ffffff&#8221; text_font_size=&#8221;15&#8243; header_text_color=&#8221;#ffffff&#8221; background_size=&#8221;initial&#8221; background_position=&#8221;top_left&#8221; background_repeat=&#8221;repeat&#8221; background_layout=&#8221;dark&#8221; module_alignment=&#8221;left&#8221; custom_padding=&#8221;30px|30px|30px|30px&#8221; animation_style=&#8221;fade&#8221; animation_duration=&#8221;2000ms&#8221; text_font_size_tablet=&#8221;13px&#8221; text_font_size_phone=&#8221;12px&#8221; text_font_size_last_edited=&#8221;on|phone&#8221; border_style=&#8221;solid&#8221;] Bienvenue sur le\u00a0blog de Jean-Pierre [&hellip;]<\/p>\n","protected":false},"author":1,"featured_media":0,"parent":0,"menu_order":0,"comment_status":"closed","ping_status":"closed","template":"","meta":{"_et_pb_use_builder":"on","_et_pb_old_content":"","_et_gb_content_width":""},"_links":{"self":[{"href":"https:\/\/dalmassy.fr\/en\/wp-json\/wp\/v2\/pages\/805"}],"collection":[{"href":"https:\/\/dalmassy.fr\/en\/wp-json\/wp\/v2\/pages"}],"about":[{"href":"https:\/\/dalmassy.fr\/en\/wp-json\/wp\/v2\/types\/page"}],"author":[{"embeddable":true,"href":"https:\/\/dalmassy.fr\/en\/wp-json\/wp\/v2\/users\/1"}],"replies":[{"embeddable":true,"href":"https:\/\/dalmassy.fr\/en\/wp-json\/wp\/v2\/comments?post=805"}],"version-history":[{"count":12,"href":"https:\/\/dalmassy.fr\/en\/wp-json\/wp\/v2\/pages\/805\/revisions"}],"predecessor-version":[{"id":1791,"href":"https:\/\/dalmassy.fr\/en\/wp-json\/wp\/v2\/pages\/805\/revisions\/1791"}],"wp:attachment":[{"href":"https:\/\/dalmassy.fr\/en\/wp-json\/wp\/v2\/media?parent=805"}],"curies":[{"name":"wp","href":"https:\/\/api.w.org\/{rel}","templated":true}]}}