{"id":904,"date":"2018-09-20T10:26:24","date_gmt":"2018-09-20T08:26:24","guid":{"rendered":"http:\/\/villa-corse.fr\/?page_id=904"},"modified":"2020-02-02T20:27:00","modified_gmt":"2020-02-02T19:27:00","slug":"everyday-miracles","status":"publish","type":"page","link":"https:\/\/dalmassy.fr\/en\/everyday-miracles\/","title":{"rendered":"Everyday Miracles"},"content":{"rendered":"<p>[et_pb_section fb_built=&#8221;1&#8243; fullwidth=&#8221;on&#8221; _builder_version=&#8221;3.22&#8243;][et_pb_fullwidth_image src=&#8221;https:\/\/dalmassy.fr\/wp-content\/uploads\/2019\/11\/Jean-pierre-dalmassy-1024&#215;678.jpg&#8221; _builder_version=&#8221;4.0.8&#8243; hover_enabled=&#8221;0&#8243;][\/et_pb_fullwidth_image][\/et_pb_section][et_pb_section fb_built=&#8221;1&#8243; inner_shadow=&#8221;on&#8221; _builder_version=&#8221;3.22&#8243; background_color=&#8221;rgba(62,99,109,0.58)&#8221; use_background_color_gradient=&#8221;on&#8221; background_color_gradient_start=&#8221;#000000&#8243; background_color_gradient_end=&#8221;#bababa&#8221; parallax=&#8221;on&#8221; parallax_method=&#8221;off&#8221;][et_pb_row column_structure=&#8221;1_4,3_4&#8243; _builder_version=&#8221;3.25&#8243; background_size=&#8221;initial&#8221; background_position=&#8221;top_left&#8221; background_repeat=&#8221;repeat&#8221;][et_pb_column type=&#8221;1_4&#8243; _builder_version=&#8221;3.25&#8243; custom_padding=&#8221;|||&#8221; custom_padding__hover=&#8221;|||&#8221;][et_pb_image src=&#8221;http:\/\/dalmassy.fr\/wp-content\/uploads\/2020\/01\/everyday-miracles-cd-agatha-et-dominique-di-piaz.jpg&#8221; align_tablet=&#8221;center&#8221; align_phone=&#8221;&#8221; align_last_edited=&#8221;on|desktop&#8221; _builder_version=&#8221;4.0.8&#8243; always_center_on_mobile=&#8221;on&#8221;][\/et_pb_image][et_pb_text _builder_version=&#8221;3.27.4&#8243;]<strong>Musiciens:<\/strong><br \/>\nJeff Gardner Piano<br \/>\nDominique di Piazza Basse<br \/>\nJean Pierre Dalmassy Batterie<\/p>\n<p><strong>Distributeur:<\/strong><br \/>\nNocturne<\/p>\n<p><strong>Label:<\/strong><br \/>\nSergent Major<\/p>\n<p><strong>Titres:<\/strong><br \/>\n1 Everyday Miracles<br \/>\n2 Triune<br \/>\n3 Lilian<br \/>\n4 Jacques Track<br \/>\n5 Waiting on yoiu<br \/>\n6 Veils of illusion<br \/>\n7 White Paper<br \/>\n8 Agap\u00e9<br \/>\n9 All the people, all the music<\/p>\n<p><strong>site:<\/strong><br \/>\nwww.jeffgardner.com.br<br \/>\nwww.dominiquedipiazza.com[\/et_pb_text][\/et_pb_column][et_pb_column type=&#8221;3_4&#8243; _builder_version=&#8221;3.25&#8243; custom_padding=&#8221;|||&#8221; custom_padding__hover=&#8221;|||&#8221;][et_pb_text admin_label=&#8221;Text&#8221; _builder_version=&#8221;3.27.4&#8243; background_size=&#8221;initial&#8221; background_position=&#8221;top_left&#8221; background_repeat=&#8221;repeat&#8221; text_orientation=&#8221;center&#8221; module_alignment=&#8221;center&#8221; custom_margin=&#8221;||10px|&#8221; animation_style=&#8221;fade&#8221;]<\/p>\n<h1>Album Agatha &#8220;Everyday Miracles&#8221;<\/h1>\n<p>&nbsp;<\/p>\n<p>\u00abJean Pierre Dalmassy vient de nous livrer un petit bijou: le deuxi\u00e8me album de son trio Agatha, enregistr\u00e9 avec le pianiste Jeff Gardner et le bassiste Dominique Di Piazza. L\u2019\u00e9v\u00e9nement jazz de ce d\u00e9but d&#8217;ann\u00e9e ?\u00bb<br \/>\nBatteur Magazine<\/p>\n<p>&nbsp;[\/et_pb_text][et_pb_image src=&#8221;http:\/\/dalmassy.fr\/wp-content\/uploads\/2020\/01\/Jeff-gardner-1024&#215;576.jpg&#8221; align_tablet=&#8221;center&#8221; align_phone=&#8221;&#8221; align_last_edited=&#8221;on|desktop&#8221; _builder_version=&#8221;4.0.8&#8243; always_center_on_mobile=&#8221;on&#8221;][\/et_pb_image][et_pb_image src=&#8221;http:\/\/dalmassy.fr\/wp-content\/uploads\/2020\/01\/dominique-di-piazza-1024&#215;576.jpg&#8221; align_tablet=&#8221;center&#8221; align_phone=&#8221;&#8221; align_last_edited=&#8221;on|desktop&#8221; _builder_version=&#8221;4.0.8&#8243; always_center_on_mobile=&#8221;on&#8221;][\/et_pb_image][\/et_pb_column][\/et_pb_row][et_pb_row _builder_version=&#8221;3.25&#8243; background_size=&#8221;initial&#8221; background_position=&#8221;top_left&#8221; background_repeat=&#8221;repeat&#8221;][et_pb_column type=&#8221;4_4&#8243; _builder_version=&#8221;3.25&#8243; custom_padding=&#8221;|||&#8221; custom_padding__hover=&#8221;|||&#8221;][et_pb_text _builder_version=&#8221;4.0.8&#8243;]<\/p>\n<h2 style=\"text-align: center;\"><strong>Article Batteur Magazine<\/strong><\/h2>\n<p>Musicien hyperactif sur la sc\u00e8ne Jazz et p\u00e9dagogue pr\u00e9sent sur la plupart des stages et festivals de batterie, Jean Pierre Dalmassy vient de nous livrer un petit bijou: le deuxi\u00e8me album de son trio Agatha, enregistr\u00e9 avec le pianiste Jeff Gardner et le bassiste Dominique Di Piazza.<br \/>L\u2019\u00e9v\u00e9nement jazz de ce d\u00e9but d&#8217;ann\u00e9e ?<\/p>\n<p>Si le jazz est un langage alors Jean Pierre Dalmassy est un v\u00e9ritable po\u00e8te capable d&#8217;assortir rythmes et son avec un sens aigu de la m\u00e9lodie et de la structure. Peu de batteurs savent, comme lui r\u00e9ellement raconter une histoire avec leurs peaux et leurs cymbales, et \u00e9tablir une v\u00e9ritable conversation avec les autres instrumentistes. Jean Pierre surf sur le tempo avec une aisance d\u00e9concertante, qui le place au moins au niveau d&#8217;un Peter Erskine. Il nous semblait urgent de rencontrer ce virtuose pour comprendre sa philosophie. Par\u00e9 pour le swing ?<\/p>\n<ul>\n<li><strong>Comment s&#8217;est form\u00e9 ce trio ?<\/strong><\/li>\n<\/ul>\n<p>En Fait ce trio a d\u00e9j\u00e0 une histoire car il y a eu un premier album avec un bassiste Tha\u00eflandais Paanphum Tzar.<\/p>\n<p>Ce dernier ne s&#8217;entendait pas bien avec Jeff Gardner au niveau de la composition,alors pour ce nouveau disque, j&#8217;ai pens\u00e9 \u00e0 Dominique Di Piazza que je connais depuis six ans. Il fallait absolument que les relations humaines soient bonnes.<\/p>\n<ul>\n<li><strong>Tu Parlais des compositions. Comment avez-vous fonctionn\u00e9 ?<\/strong><\/li>\n<\/ul>\n<p>Nous avons boss\u00e9 via internet. Jeff et moi nous sommes mis d&#8217;accord sur une orientation. Il fallait que le travail de la section rythmique aille dans le m\u00eame sens des th\u00e8mes. Il m&#8217;a donc envoy\u00e9 ses compos, simplement jou\u00e9es au piano. J&#8217;ai ainsi pu poser des batteries, et d\u00e9finir les tourneries.<br \/>Puis, j&#8217;ai fait suivre a Dominique qui \u00e9tait en tourn\u00e9e en Italie.<br \/>Lorsque nous nous sommes rejoints en studio, chacun \u00e9tait au point.<\/p>\n<ul>\n<li><strong>Jeff est Dominique ne s&#8217;\u00e9taient jamais rencontr\u00e9 ?<\/strong><\/li>\n<\/ul>\n<p>Non, jamais et pourtant \u00e7a a march\u00e9.<\/p>\n<ul>\n<li><strong>N&#8217;\u00e9tait-ce pas un peu risqu\u00e9 ?<\/strong><\/li>\n<\/ul>\n<p>Mais le risque c&#8217;est notre m\u00e9tier sans risque, le jazz, perd tout son int\u00e9r\u00eat. Alors oui, il y avait un sacr\u00e9 challenge. Est-ce que nous allions nous trouver autour de la m\u00eame pulsation, et cr\u00e9er un bon v\u00e9hicule pour les \u00e9motions ? Nos parcours sont assez similaires et se rejoignent vers une vision musicale commune, mais il n\u2019emp\u00eache, nous nous sommes t\u00e9l\u00e9phon\u00e9s la veille, et nous nous sommes dit:&lt;&lt;Esp\u00e9rons que tout ira bien&gt;&gt;.<\/p>\n<ul>\n<li><b>Lors des stages, tu as souvent\u00a0affaire a un public rock. Tentes-tu de lui apporter une ouverture suppl\u00e9mentaire\u00a0?<\/b><\/li>\n<\/ul>\n<p>C est l&#8217;id\u00e9e. Quand je fais une master classe avec Walfredo Reyes Jr ou Nick Di Virgilio,c&#8217;est toujours int\u00e9ressant, car cela donne de l&#8217;ouverture. C&#8217;est comme les festivals de jazz, qui \u00e9taient auparavant tr\u00e8s puristes, et qui aujourd&#8217;hui,accueillent m\u00eame des groupes de rock. C&#8217;est bien.<\/p>\n<ul>\n<li><strong>Le jazz n&#8217;est-il pas un peu herm\u00e9tique pour des oreilles non initi\u00e9es ?<\/strong><\/li>\n<\/ul>\n<p>C&#8217;est pour cela que je m&#8217;attache \u00e0 ce que le concept soit toujours tr\u00e8s ludique,et pas trop intello.<br \/>C&#8217;est un \u00e9change,aussi.<br \/>Les jeunes batteurs qui assistent aux stages me permettent de rester connect\u00e9 avec mon \u00e9poque.<\/p>\n<ul>\n<li><strong>Comment pourrais-tu expliquer le r\u00f4le de la batterie dans le jazz ?<\/strong><\/li>\n<\/ul>\n<p>Il y a plusieurs \u00e9tats d&#8217;esprit. Dans Everyday Miracles, il y a des morceaux dans lesquels le tempo est toujours palpable, et d&#8217;autres, plus world o\u00f9 c&#8217;est moins clair. Moi, j&#8217;ai boss\u00e9 un peu tous les styles, donc, \u00e7a va, je me sens toujours \u00e0 la maison. Mais, je ne pourrais pas jouer tout le temps dans l&#8217;esprit du jazz. Finalement, le jazz, c&#8217;est davantage un toucher, et aussi une fa\u00e7on d&#8217;orchestrer la batterie en fonction des autres instruments. Par exemple nous travaillons d\u00e9j\u00e0 sur le prochain disque avec un guitariste am\u00e9ricain tr\u00e8s connu, et bien, je ne joue pas trop sur les toms pour \u00e9viter de bouffer les fr\u00e9quences de son instrument.<br \/>C&#8217;est de l&#8217;arrangement spontan\u00e9 avec la batterie, c&#8217;est tr\u00e8s facile d&#8217;empi\u00e9ter sur le territoire des autres. C&#8217;est un instrument bruyant.<\/p>\n<ul>\n<li><strong>Joues-tu des plans travaill\u00e9s au pr\u00e9alable ou inventes-tu des phras\u00e9s sur l&#8217;instant ?<\/strong><\/li>\n<\/ul>\n<p>Les deux. Il faut fixer un minimum les choses, sinon, on d\u00e9rive trop, et on raconte n&#8217;importe quoi.<br \/>Il y a des codes dans cette musique, et un certain sens de l&#8217;\u00e9coute et du tempo.<br \/>Les choses impr\u00e9vues existent, et sont le r\u00e9sultat de l\u2019interaction entre les musiciens.<br \/>C&#8217;est pour cela qu&#8217;il faut d\u00e9passer la technique,pour pouvoir ce l\u00e2cher, et oublier compl\u00e8tement l&#8217;instrument pendant que l&#8217;on joue.<\/p>\n<ul>\n<li><strong>As-tu d\u00e9j\u00e0 go\u00fbt\u00e9 au jazz plus radical ?<\/strong><\/li>\n<\/ul>\n<p>J&#8217;ai donn\u00e9 dans le jazz exp\u00e9rimental \u00e0 une \u00e9poque, et c&#8217;est de la masturbation.<br \/>Retrouver la m\u00e9lodie a \u00e9t\u00e9 pour moi un grand bonheur.<\/p>\n<ul>\n<li><strong>Tu joues sur Sabian. Ces cymbales sont-elles adapt\u00e9es au jazz ?<\/strong><\/li>\n<\/ul>\n<p>J&#8217;ai trouv\u00e9 un bon \u00e9quilibre dans mon set, et je suis content. Le plus important dans ma musique, c&#8217;est la Ride. J&#8217;en ai demand\u00e9 cinq diff\u00e9rentes pour choisir celle qui a la meilleure d\u00e9finition.<br \/>Avec Vic Firth, on a travaill\u00e9 sur le ping de l&#8217;olive. Bref,tout est une histoire de sonorit\u00e9. C&#8217;est pour cela que nous avons fait des tests &lt;&lt;en aveugle&gt;&gt; dans des conditions d&#8217;enregistrement pour choisir les cymbales. C&#8217;est important, car lorsque l&#8217;on joue sur des disques, il faut avoir un son identifiable.<br \/>C&#8217;est ce qui fait que d&#8217;autres musiciens auront envie de jouer avec toi.<\/p>\n<ul>\n<li><strong>Allez, avoue! Je suis sur que tu as quelques Zildjan K de derri\u00e8re les fagots&#8230;.<\/strong><\/li>\n<\/ul>\n<p>J&#8217;en ai effectivement, dont une extraordinaire.mais je ne les utilise pas.<br \/>Je suis quelqu\u2019un qui ne triche pas.<\/p>\n<p>Pascal Julien<\/p>\n<p>[\/et_pb_text][\/et_pb_column][\/et_pb_row][et_pb_row module_id=&#8221;textaccueil&#8221; _builder_version=&#8221;3.25&#8243; background_color=&#8221;rgba(0,0,0,0.91)&#8221; use_background_color_gradient=&#8221;on&#8221; background_color_gradient_start=&#8221;#191919&#8243; background_color_gradient_end=&#8221;#260300&#8243; background_size=&#8221;initial&#8221; background_position=&#8221;top_left&#8221; background_repeat=&#8221;repeat&#8221; custom_margin=&#8221;||30px|&#8221; custom_padding=&#8221;15px|0px|0px|0px&#8221;][et_pb_column type=&#8221;4_4&#8243; _builder_version=&#8221;3.25&#8243; custom_padding=&#8221;|||&#8221; custom_padding__hover=&#8221;|||&#8221;][et_pb_audio audio=&#8221;http:\/\/dalmassy.fr\/wp-content\/uploads\/2020\/01\/01-everyday-miracles.mp3&#8243; title=&#8221;Everyday Miracle&#8221; artist_name=&#8221;Agatha&#8221; album_name=&#8221;Everyday Miracle&#8221; image_url=&#8221;http:\/\/villa-corse.fr\/wp-content\/uploads\/2018\/09\/everyday-miracles-cd-agatha-et-dominique-di-piaz.jpg&#8221; _builder_version=&#8221;4.0.8&#8243; background_layout=&#8221;light&#8221;][\/et_pb_audio][et_pb_audio audio=&#8221;http:\/\/dalmassy.fr\/wp-content\/uploads\/2020\/01\/02-triune-mali.mp3&#8243; title=&#8221;Triune Mali&#8221; artist_name=&#8221;Agatha&#8221; album_name=&#8221;Everyday Miracle&#8221; image_url=&#8221;http:\/\/villa-corse.fr\/wp-content\/uploads\/2018\/09\/everyday-miracles-cd-agatha-et-dominique-di-piaz.jpg&#8221; _builder_version=&#8221;4.0.8&#8243; background_layout=&#8221;light&#8221;][\/et_pb_audio][et_pb_audio audio=&#8221;http:\/\/dalmassy.fr\/wp-content\/uploads\/2020\/01\/07-white-paper.mp3&#8243; title=&#8221;White Paper&#8221; artist_name=&#8221;Agatha&#8221; album_name=&#8221;Everyday Miracle&#8221; image_url=&#8221;http:\/\/villa-corse.fr\/wp-content\/uploads\/2018\/09\/everyday-miracles-cd-agatha-et-dominique-di-piaz.jpg&#8221; _builder_version=&#8221;4.0.8&#8243; background_layout=&#8221;light&#8221;][\/et_pb_audio][\/et_pb_column][\/et_pb_row][\/et_pb_section]<\/p>\n","protected":false},"excerpt":{"rendered":"<p>[et_pb_section fb_built=&#8221;1&#8243; fullwidth=&#8221;on&#8221; _builder_version=&#8221;3.22&#8243;][et_pb_fullwidth_image src=&#8221;https:\/\/dalmassy.fr\/wp-content\/uploads\/2019\/11\/Jean-pierre-dalmassy-1024&#215;678.jpg&#8221; _builder_version=&#8221;4.0.8&#8243; hover_enabled=&#8221;0&#8243;][\/et_pb_fullwidth_image][\/et_pb_section][et_pb_section fb_built=&#8221;1&#8243; inner_shadow=&#8221;on&#8221; _builder_version=&#8221;3.22&#8243; background_color=&#8221;rgba(62,99,109,0.58)&#8221; use_background_color_gradient=&#8221;on&#8221; background_color_gradient_start=&#8221;#000000&#8243; background_color_gradient_end=&#8221;#bababa&#8221; parallax=&#8221;on&#8221; parallax_method=&#8221;off&#8221;][et_pb_row column_structure=&#8221;1_4,3_4&#8243; _builder_version=&#8221;3.25&#8243; background_size=&#8221;initial&#8221; background_position=&#8221;top_left&#8221; background_repeat=&#8221;repeat&#8221;][et_pb_column type=&#8221;1_4&#8243; _builder_version=&#8221;3.25&#8243; custom_padding=&#8221;|||&#8221; custom_padding__hover=&#8221;|||&#8221;][et_pb_image src=&#8221;http:\/\/dalmassy.fr\/wp-content\/uploads\/2020\/01\/everyday-miracles-cd-agatha-et-dominique-di-piaz.jpg&#8221; align_tablet=&#8221;center&#8221; align_phone=&#8221;&#8221; align_last_edited=&#8221;on|desktop&#8221; _builder_version=&#8221;4.0.8&#8243; always_center_on_mobile=&#8221;on&#8221;][\/et_pb_image][et_pb_text _builder_version=&#8221;3.27.4&#8243;]Musiciens: Jeff Gardner Piano Dominique di Piazza Basse Jean Pierre Dalmassy Batterie Distributeur: Nocturne Label: Sergent Major Titres: 1 Everyday Miracles 2 Triune 3 [&hellip;]<\/p>\n","protected":false},"author":1,"featured_media":0,"parent":0,"menu_order":0,"comment_status":"closed","ping_status":"closed","template":"","meta":{"_et_pb_use_builder":"on","_et_pb_old_content":"<p>[et_pb_section bb_built=\"1\" next_background_color=\"#000000\"][et_pb_row][\/et_pb_row][\/et_pb_section][et_pb_section bb_built=\"1\" fullwidth=\"on\" _builder_version=\"3.0.106\" next_background_color=\"rgba(62,99,109,0.58)\" prev_background_color=\"#000000\"][et_pb_fullwidth_image src=\"http:\/\/villa-corse.fr\/wp-content\/uploads\/2017\/06\/DSC1514-CopierB.jpg\" _builder_version=\"3.0.106\" \/][\/et_pb_section][et_pb_section bb_built=\"1\" background_color=\"rgba(62,99,109,0.58)\" inner_shadow=\"on\" _builder_version=\"3.0.106\" use_background_color_gradient=\"on\" background_color_gradient_start=\"#efefef\" background_color_gradient_end=\"#bababa\" parallax=\"on\" parallax_method=\"off\" prev_background_color=\"#ffffff\"][et_pb_row custom_padding=\"15px|0px|0px|0px\" custom_margin=\"||30px|\" background_color=\"rgba(0,0,0,0.91)\" module_id=\"textaccueil\" _builder_version=\"3.0.106\" use_background_color_gradient=\"on\" background_color_gradient_start=\"#191919\" background_color_gradient_end=\"#260300\" background_size=\"initial\" background_position=\"top_left\" background_repeat=\"repeat\"][et_pb_column type=\"4_4\"][et_pb_text admin_label=\"Text\" _builder_version=\"3.0.106\" background_size=\"initial\" background_position=\"top_left\" background_repeat=\"repeat\" text_orientation=\"center\" module_alignment=\"center\" custom_margin=\"||10px|\" animation_style=\"fade\" background_layout=\"light\"]<\/p><h1>\u00a0<\/h1><h2>Souvenir Cannes Musique Passion<\/h2><h2>Stage de Batterie Unibats<\/h2><p>[gallery]<\/p><p>[\/et_pb_text][et_pb_audio _builder_version=\"3.0.106\" \/][\/et_pb_column][\/et_pb_row][\/et_pb_section]<\/p>","_et_gb_content_width":""},"_links":{"self":[{"href":"https:\/\/dalmassy.fr\/en\/wp-json\/wp\/v2\/pages\/904"}],"collection":[{"href":"https:\/\/dalmassy.fr\/en\/wp-json\/wp\/v2\/pages"}],"about":[{"href":"https:\/\/dalmassy.fr\/en\/wp-json\/wp\/v2\/types\/page"}],"author":[{"embeddable":true,"href":"https:\/\/dalmassy.fr\/en\/wp-json\/wp\/v2\/users\/1"}],"replies":[{"embeddable":true,"href":"https:\/\/dalmassy.fr\/en\/wp-json\/wp\/v2\/comments?post=904"}],"version-history":[{"count":3,"href":"https:\/\/dalmassy.fr\/en\/wp-json\/wp\/v2\/pages\/904\/revisions"}],"predecessor-version":[{"id":2159,"href":"https:\/\/dalmassy.fr\/en\/wp-json\/wp\/v2\/pages\/904\/revisions\/2159"}],"wp:attachment":[{"href":"https:\/\/dalmassy.fr\/en\/wp-json\/wp\/v2\/media?parent=904"}],"curies":[{"name":"wp","href":"https:\/\/api.w.org\/{rel}","templated":true}]}}