{"id":928,"date":"2018-09-20T11:39:16","date_gmt":"2018-09-20T09:39:16","guid":{"rendered":"http:\/\/villa-corse.fr\/?page_id=928"},"modified":"2020-01-10T16:44:51","modified_gmt":"2020-01-10T15:44:51","slug":"andaura","status":"publish","type":"page","link":"https:\/\/dalmassy.fr\/en\/andaura\/","title":{"rendered":"Andaura"},"content":{"rendered":"<p>[et_pb_section fb_built=&#8221;1&#8243; fullwidth=&#8221;on&#8221; _builder_version=&#8221;3.22&#8243;][et_pb_fullwidth_image src=&#8221;http:\/\/villa-corse.fr\/wp-content\/uploads\/2017\/06\/DSC1514-CopierB.jpg&#8221; _builder_version=&#8221;3.0.106&#8243;][\/et_pb_fullwidth_image][\/et_pb_section][et_pb_section fb_built=&#8221;1&#8243; inner_shadow=&#8221;on&#8221; _builder_version=&#8221;3.22&#8243; background_color=&#8221;rgba(62,99,109,0.58)&#8221; use_background_color_gradient=&#8221;on&#8221; background_color_gradient_start=&#8221;#000000&#8243; background_color_gradient_end=&#8221;#bababa&#8221; parallax=&#8221;on&#8221; parallax_method=&#8221;off&#8221;][et_pb_row column_structure=&#8221;1_4,3_4&#8243; _builder_version=&#8221;3.25&#8243; background_size=&#8221;initial&#8221; background_position=&#8221;top_left&#8221; background_repeat=&#8221;repeat&#8221;][et_pb_column type=&#8221;1_4&#8243; _builder_version=&#8221;3.25&#8243; custom_padding=&#8221;|||&#8221; custom_padding__hover=&#8221;|||&#8221;][et_pb_image src=&#8221;http:\/\/dalmassy.fr\/wp-content\/uploads\/2020\/01\/Andaura.jpg&#8221; align_tablet=&#8221;center&#8221; align_phone=&#8221;&#8221; align_last_edited=&#8221;on|desktop&#8221; admin_label=&#8221;Image&#8221; _builder_version=&#8221;4.0.8&#8243; always_center_on_mobile=&#8221;on&#8221;][\/et_pb_image][et_pb_text _builder_version=&#8221;3.27.4&#8243;]<strong>Musiciens:<\/strong><br \/>\nJean Claude Selig Guitare<br \/>\nAlain Giubergia Basse<br \/>\nJean Pierre Dalmassy Batterie<\/p>\n<p><strong>Distribution:<\/strong><br \/>\nEmi music Angleterre<\/p>\n<p><strong>Label:<\/strong><br \/>\nSergent Major<\/p>\n<p><strong>Titres:<\/strong><br \/>\n1 Airportzone<br \/>\n2 Mirage<br \/>\n3 New York<br \/>\n4 Rebond<br \/>\n5 Mister Pick<br \/>\n6 Impression<br \/>\n7 Insolite<br \/>\n8 R\u00e9solution<br \/>\n9 Regard<br \/>\n10 Contraste[\/et_pb_text][\/et_pb_column][et_pb_column type=&#8221;3_4&#8243; _builder_version=&#8221;3.25&#8243; custom_padding=&#8221;|||&#8221; custom_padding__hover=&#8221;|||&#8221;][et_pb_text admin_label=&#8221;Text&#8221; _builder_version=&#8221;3.27.4&#8243; background_size=&#8221;initial&#8221; background_position=&#8221;top_left&#8221; background_repeat=&#8221;repeat&#8221; text_orientation=&#8221;center&#8221; module_alignment=&#8221;center&#8221; custom_margin=&#8221;||10px|&#8221; animation_style=&#8221;fade&#8221;]<\/p>\n<h1><strong>Andaura<\/strong><\/h1>\n<p>&nbsp;<\/p>\n<p>Le groupe ANDAURA est un trio form\u00e9 de Jean Claude Selig aux guitares Alain Giubergia \u00e0 la basse et de Jean Pierre Dalmassy \u00e0 la batterie.<\/p>\n<p>Les trois musiciens qui se connaissent depuis longtemps ont d\u00e9cid\u00e9 en 2012 de repartir dans une nouvelle aventure.<\/p>\n<p>Tr\u00e8s sensibles au destin de la plan\u00e8te et des \u00eatres qui l&#8217;habitent tous les trois r\u00eavent l&#8217;existence d&#8217;ANDAURA sorte de s\u0153ur jumelle de la Terre intacte de toute pollution et sur laquelle il n&#8217;existe ni destruction ni souffrance.<\/p>\n<p>Dans Mirage leur dernier album il abordent avec bonheur un grand nombre de styles musicaux o\u00f9 le rock, le blues, le funk croisent les musiques latine et n\u00e9o classique. Comme une respiration, un engagement total, la musique de ce trio est une urgence ou le bonheur de jouer ensemble est palpable.<\/p>\n<h3>Enregistr\u00e9e en &#8216;Direct live&#8217;<\/h3>\n<p>L&#8217;\u00e9nergie et la prise de risque est saisissante. (Airportzone). La guitare de Jean Claude chante la vie dans tous ses contrastes: d\u00e9licate, s\u00e9rieuse, lyrique (Mirage). Une harmonie tr\u00e8s personnelle (Impression), des climats surprenants. (Insolite)<\/p>\n<p>La coh\u00e9sion du groupe est tr\u00e8s r\u00e9ussie. Alain et Jean Pierre nous propose une rythmique solide avec une technique instrumentale tr\u00e8s ma\u00eetris\u00e9e. (rock,latin ,blues ,n\u00e9o classique etc&#8230;)<\/p>\n<p>Le groupe <strong><em>Andaura <\/em><\/strong>c &#8216;est aussi le respect de notre plan\u00e8te,un regard pos\u00e9 sur l&#8217;humanit\u00e9.<\/p>\n<p>&nbsp;[\/et_pb_text][et_pb_image src=&#8221;http:\/\/dalmassy.fr\/wp-content\/uploads\/2020\/01\/jean-claude-Selig-1.jpg&#8221; align_tablet=&#8221;center&#8221; align_phone=&#8221;&#8221; align_last_edited=&#8221;on|desktop&#8221; admin_label=&#8221;Image&#8221; _builder_version=&#8221;4.0.8&#8243; always_center_on_mobile=&#8221;on&#8221;][\/et_pb_image][et_pb_image src=&#8221;http:\/\/dalmassy.fr\/wp-content\/uploads\/2020\/01\/Alain-Giubergia.jpg&#8221; align_tablet=&#8221;center&#8221; align_phone=&#8221;&#8221; align_last_edited=&#8221;on|desktop&#8221; _builder_version=&#8221;4.0.8&#8243; always_center_on_mobile=&#8221;on&#8221;][\/et_pb_image][\/et_pb_column][\/et_pb_row][et_pb_row module_id=&#8221;textaccueil&#8221; _builder_version=&#8221;3.25&#8243; background_color=&#8221;rgba(0,0,0,0.91)&#8221; use_background_color_gradient=&#8221;on&#8221; background_color_gradient_start=&#8221;#191919&#8243; background_color_gradient_end=&#8221;#260300&#8243; background_size=&#8221;initial&#8221; background_position=&#8221;top_left&#8221; background_repeat=&#8221;repeat&#8221; custom_margin=&#8221;||30px|&#8221; custom_padding=&#8221;15px|0px|0px|0px&#8221;][et_pb_column type=&#8221;4_4&#8243; _builder_version=&#8221;3.25&#8243; custom_padding=&#8221;|||&#8221; custom_padding__hover=&#8221;|||&#8221;][et_pb_audio audio=&#8221;http:\/\/dalmassy.fr\/wp-content\/uploads\/2020\/01\/01-Airportzone.mp3&#8243; title=&#8221;Airport Zone&#8221; artist_name=&#8221;Andaura&#8221; album_name=&#8221;Mirage&#8221; image_url=&#8221;http:\/\/villa-corse.fr\/wp-content\/uploads\/2018\/09\/Andaura-Medium.jpg&#8221; _builder_version=&#8221;4.0.8&#8243; background_layout=&#8221;light&#8221;][\/et_pb_audio][et_pb_audio audio=&#8221;http:\/\/dalmassy.fr\/wp-content\/uploads\/2020\/01\/02-Mirage.mp3&#8243; title=&#8221;Mirage&#8221; artist_name=&#8221;Andaura&#8221; album_name=&#8221;Mirage&#8221; image_url=&#8221;http:\/\/villa-corse.fr\/wp-content\/uploads\/2018\/09\/Andaura-Medium.jpg&#8221; _builder_version=&#8221;4.0.8&#8243; background_layout=&#8221;light&#8221;][\/et_pb_audio][et_pb_audio audio=&#8221;http:\/\/dalmassy.fr\/wp-content\/uploads\/2020\/01\/04-Rebond.mp3&#8243; title=&#8221;Rebond&#8221; artist_name=&#8221;Andaura&#8221; album_name=&#8221;Mirage&#8221; image_url=&#8221;http:\/\/villa-corse.fr\/wp-content\/uploads\/2018\/09\/Andaura-Medium.jpg&#8221; _builder_version=&#8221;4.0.8&#8243; background_layout=&#8221;light&#8221;][\/et_pb_audio][et_pb_audio audio=&#8221;http:\/\/dalmassy.fr\/wp-content\/uploads\/2020\/01\/07-Insolite.mp3&#8243; title=&#8221;Insolite&#8221; artist_name=&#8221;Andaura&#8221; album_name=&#8221;Mirage&#8221; image_url=&#8221;http:\/\/villa-corse.fr\/wp-content\/uploads\/2018\/09\/Andaura-Medium.jpg&#8221; _builder_version=&#8221;4.0.8&#8243; background_layout=&#8221;light&#8221;][\/et_pb_audio][\/et_pb_column][\/et_pb_row][\/et_pb_section]<\/p>\n","protected":false},"excerpt":{"rendered":"<p>[et_pb_section fb_built=&#8221;1&#8243; fullwidth=&#8221;on&#8221; _builder_version=&#8221;3.22&#8243;][et_pb_fullwidth_image src=&#8221;http:\/\/villa-corse.fr\/wp-content\/uploads\/2017\/06\/DSC1514-CopierB.jpg&#8221; _builder_version=&#8221;3.0.106&#8243;][\/et_pb_fullwidth_image][\/et_pb_section][et_pb_section fb_built=&#8221;1&#8243; inner_shadow=&#8221;on&#8221; _builder_version=&#8221;3.22&#8243; background_color=&#8221;rgba(62,99,109,0.58)&#8221; use_background_color_gradient=&#8221;on&#8221; background_color_gradient_start=&#8221;#000000&#8243; background_color_gradient_end=&#8221;#bababa&#8221; parallax=&#8221;on&#8221; parallax_method=&#8221;off&#8221;][et_pb_row column_structure=&#8221;1_4,3_4&#8243; _builder_version=&#8221;3.25&#8243; background_size=&#8221;initial&#8221; background_position=&#8221;top_left&#8221; background_repeat=&#8221;repeat&#8221;][et_pb_column type=&#8221;1_4&#8243; _builder_version=&#8221;3.25&#8243; custom_padding=&#8221;|||&#8221; custom_padding__hover=&#8221;|||&#8221;][et_pb_image src=&#8221;http:\/\/dalmassy.fr\/wp-content\/uploads\/2020\/01\/Andaura.jpg&#8221; align_tablet=&#8221;center&#8221; align_phone=&#8221;&#8221; align_last_edited=&#8221;on|desktop&#8221; admin_label=&#8221;Image&#8221; _builder_version=&#8221;4.0.8&#8243; always_center_on_mobile=&#8221;on&#8221;][\/et_pb_image][et_pb_text _builder_version=&#8221;3.27.4&#8243;]Musiciens: Jean Claude Selig Guitare Alain Giubergia Basse Jean Pierre Dalmassy Batterie Distribution: Emi music Angleterre Label: Sergent Major Titres: 1 Airportzone 2 Mirage [&hellip;]<\/p>\n","protected":false},"author":1,"featured_media":0,"parent":0,"menu_order":0,"comment_status":"closed","ping_status":"closed","template":"","meta":{"_et_pb_use_builder":"on","_et_pb_old_content":"","_et_gb_content_width":""},"_links":{"self":[{"href":"https:\/\/dalmassy.fr\/en\/wp-json\/wp\/v2\/pages\/928"}],"collection":[{"href":"https:\/\/dalmassy.fr\/en\/wp-json\/wp\/v2\/pages"}],"about":[{"href":"https:\/\/dalmassy.fr\/en\/wp-json\/wp\/v2\/types\/page"}],"author":[{"embeddable":true,"href":"https:\/\/dalmassy.fr\/en\/wp-json\/wp\/v2\/users\/1"}],"replies":[{"embeddable":true,"href":"https:\/\/dalmassy.fr\/en\/wp-json\/wp\/v2\/comments?post=928"}],"version-history":[{"count":4,"href":"https:\/\/dalmassy.fr\/en\/wp-json\/wp\/v2\/pages\/928\/revisions"}],"predecessor-version":[{"id":1676,"href":"https:\/\/dalmassy.fr\/en\/wp-json\/wp\/v2\/pages\/928\/revisions\/1676"}],"wp:attachment":[{"href":"https:\/\/dalmassy.fr\/en\/wp-json\/wp\/v2\/media?parent=928"}],"curies":[{"name":"wp","href":"https:\/\/api.w.org\/{rel}","templated":true}]}}