{"id":939,"date":"2018-09-20T11:58:38","date_gmt":"2018-09-20T09:58:38","guid":{"rendered":"http:\/\/villa-corse.fr\/?page_id=939"},"modified":"2020-01-10T19:50:05","modified_gmt":"2020-01-10T18:50:05","slug":"relations","status":"publish","type":"page","link":"https:\/\/dalmassy.fr\/en\/relations\/","title":{"rendered":"Relations"},"content":{"rendered":"<p>[et_pb_section fb_built=&#8221;1&#8243; fullwidth=&#8221;on&#8221; _builder_version=&#8221;3.22&#8243;][et_pb_fullwidth_image src=&#8221;http:\/\/dalmassy.fr\/wp-content\/uploads\/2019\/11\/Jean-pierre-dalmassy.jpg&#8221; _builder_version=&#8221;4.0.8&#8243;][\/et_pb_fullwidth_image][\/et_pb_section][et_pb_section fb_built=&#8221;1&#8243; inner_shadow=&#8221;on&#8221; _builder_version=&#8221;3.22&#8243; background_color=&#8221;rgba(62,99,109,0.58)&#8221; use_background_color_gradient=&#8221;on&#8221; background_color_gradient_start=&#8221;#000000&#8243; background_color_gradient_end=&#8221;#bababa&#8221; parallax=&#8221;on&#8221; parallax_method=&#8221;off&#8221;][et_pb_row column_structure=&#8221;1_4,3_4&#8243; _builder_version=&#8221;3.25&#8243; background_size=&#8221;initial&#8221; background_position=&#8221;top_left&#8221; background_repeat=&#8221;repeat&#8221;][et_pb_column type=&#8221;1_4&#8243; _builder_version=&#8221;3.25&#8243; custom_padding=&#8221;|||&#8221; custom_padding__hover=&#8221;|||&#8221;][et_pb_image src=&#8221;http:\/\/dalmassy.fr\/wp-content\/uploads\/2019\/12\/cd_relation-1.jpg&#8221; align_tablet=&#8221;center&#8221; align_phone=&#8221;&#8221; align_last_edited=&#8221;on|desktop&#8221; _builder_version=&#8221;4.0.8&#8243; always_center_on_mobile=&#8221;on&#8221;][\/et_pb_image][et_pb_text _builder_version=&#8221;4.0.8&#8243;]<\/p>\n<p><strong>Musiciens:<\/strong><br \/>Didier Chasteau pianio(Canada)<br \/>Gilbert Rov\u00e8re \u00abBibi\u00bb basse ( prix Django Reinhart)<br \/>Jean Pierre Dalmassy batterie<\/p>\n<p><strong>Titres:<\/strong><br \/>1 Strange<br \/>2 Extase<br \/>3 Little Victoria<br \/>4 Titi<br \/>5 Maintenant<br \/>6 JP<br \/>7 Epiph\u00e8re (drum solo)<br \/>8 For You<br \/>9 Sweet<br \/>10 Auberge du Condat<br \/>11 F.Malgache<br \/>12 Rencontre<\/p>\n<p>[\/et_pb_text][\/et_pb_column][et_pb_column type=&#8221;3_4&#8243; _builder_version=&#8221;3.25&#8243; custom_padding=&#8221;|||&#8221; custom_padding__hover=&#8221;|||&#8221;][et_pb_text admin_label=&#8221;Text&#8221; _builder_version=&#8221;4.0.8&#8243; background_size=&#8221;initial&#8221; background_position=&#8221;top_left&#8221; background_repeat=&#8221;repeat&#8221; text_orientation=&#8221;center&#8221; module_alignment=&#8221;center&#8221; custom_margin=&#8221;||10px|&#8221; animation_style=&#8221;fade&#8221;]<\/p>\n<h1>Un album de l\u00e9gende \u00abRelations\u00bb<\/h1>\n<p>&nbsp;<\/p>\n<p>Enregistr\u00e9 par trois musiciens de notre r\u00e9gion, dont le niveau est largement de dimension nationale, cet album confirme la r\u00e9elle valeur des instrumentistes du Sud-Est.<br \/>La c\u00f4te garde sa vocation de creuset de talents, et Didier CHASTEAU (piano), Jean-Pierre DALMASSY (batterie) et Gilbert &lt;&lt; Bibi &gt;&gt; ROVERE (basse), tous bien install\u00e9s en haut de la hi\u00e9rarchie de leur instrument illustrent ce principe de mani\u00e8re incontestable.<\/p>\n<p>D\u00e9bordant d&#8217;inventivit\u00e9 et de sensibilit\u00e9, cette production UB de facture classique, tendance Jazz-fusion, d\u00e9gage un indiscutable plaisir de jouer.<br \/>&lt;&lt; RELATIONS &gt;&gt; r\u00e9sume parfaitement I&#8217;ambiance de complicit\u00e9 et 1&#8217;\u00e9troite communication reliant les trois musiciens.<\/p>\n<p>Sur les douze titres, instrumentaux, neuf sont sign\u00e9s CHASTEAU, compI\u00e9t\u00e9s par un arrangement d&#8217;un traditionnel malgache par Gilbert ROVERE, une collaboration CHASTEAU-DALMASSY, enfin &lt;&lt; Epiphere &gt;&gt;.<\/p>\n<p>Ecrit pour la batterie par Jean-Pierre DALMASSY, \u00e9galement producteur ex\u00e9cutif et qui a d\u00e9di\u00e9 cet album \u00e0 son p\u00e8re Pierrot. Enregistr\u00e9 et mix\u00e9 \u00e0 NICE par Francis GAVET (Digital rendez-vous), ce disque est une belle r\u00e9ussite.<\/p>\n<p>&nbsp;<\/p>\n<p>[\/et_pb_text][et_pb_image src=&#8221;http:\/\/dalmassy.fr\/wp-content\/uploads\/2019\/12\/Didier-chasteau-e1578682032403.png&#8221; _builder_version=&#8221;4.0.8&#8243; hover_enabled=&#8221;0&#8243; always_center_on_mobile=&#8221;on&#8221;][\/et_pb_image][et_pb_image src=&#8221;http:\/\/dalmassy.fr\/wp-content\/uploads\/2020\/01\/Gilbert-Rov\u00e8re2.jpg&#8221; _builder_version=&#8221;4.0.8&#8243;][\/et_pb_image][et_pb_image disabled_on=&#8221;on|on|on&#8221; admin_label=&#8221;Image&#8221; _builder_version=&#8221;4.0.8&#8243; always_center_on_mobile=&#8221;on&#8221; disabled=&#8221;on&#8221; ab_subject=&#8221;on&#8221; ab_subject_id=&#8221;2&#8243;][\/et_pb_image][\/et_pb_column][\/et_pb_row][et_pb_row module_id=&#8221;textaccueil&#8221; _builder_version=&#8221;3.25&#8243; background_color=&#8221;rgba(0,0,0,0.91)&#8221; use_background_color_gradient=&#8221;on&#8221; background_color_gradient_start=&#8221;#191919&#8243; background_color_gradient_end=&#8221;#260300&#8243; background_size=&#8221;initial&#8221; background_position=&#8221;top_left&#8221; background_repeat=&#8221;repeat&#8221; custom_margin=&#8221;||30px|&#8221; custom_padding=&#8221;15px|0px|0px|0px&#8221; collapsed=&#8221;off&#8221;][et_pb_column type=&#8221;4_4&#8243; _builder_version=&#8221;3.25&#8243; custom_padding=&#8221;|||&#8221; custom_padding__hover=&#8221;|||&#8221;][et_pb_audio audio=&#8221;http:\/\/dalmassy.fr\/wp-content\/uploads\/2020\/01\/Strange.mp3&#8243; title=&#8221;Strange&#8221; artist_name=&#8221;CHASTEAU-ROVERE-DALMASSY &#8221; album_name=&#8221;Relations&#8221; image_url=&#8221;http:\/\/villa-corse.fr\/wp-content\/uploads\/2018\/09\/cd_relation.jpg&#8221; _builder_version=&#8221;4.0.8&#8243; background_layout=&#8221;light&#8221;][\/et_pb_audio][et_pb_audio audio=&#8221;http:\/\/dalmassy.fr\/wp-content\/uploads\/2020\/01\/jp.mp3&#8243; title=&#8221;JP&#8221; artist_name=&#8221;CHASTEAU-ROVERE-DALMASSY &#8221; album_name=&#8221;Relations&#8221; image_url=&#8221;http:\/\/villa-corse.fr\/wp-content\/uploads\/2018\/09\/cd_relation.jpg&#8221; _builder_version=&#8221;4.0.8&#8243; background_layout=&#8221;light&#8221;][\/et_pb_audio][et_pb_audio audio=&#8221;http:\/\/dalmassy.fr\/wp-content\/uploads\/2020\/01\/Extase.mp3&#8243; title=&#8221;Extase&#8221; artist_name=&#8221;CHASTEAU-ROVERE-DALMASSY &#8221; album_name=&#8221;Relations&#8221; image_url=&#8221;http:\/\/villa-corse.fr\/wp-content\/uploads\/2018\/09\/cd_relation.jpg&#8221; _builder_version=&#8221;4.0.8&#8243; background_layout=&#8221;light&#8221;][\/et_pb_audio][\/et_pb_column][\/et_pb_row][\/et_pb_section]<\/p>\n","protected":false},"excerpt":{"rendered":"<p>[et_pb_section fb_built=&#8221;1&#8243; fullwidth=&#8221;on&#8221; _builder_version=&#8221;3.22&#8243;][et_pb_fullwidth_image src=&#8221;http:\/\/dalmassy.fr\/wp-content\/uploads\/2019\/11\/Jean-pierre-dalmassy.jpg&#8221; _builder_version=&#8221;4.0.8&#8243;][\/et_pb_fullwidth_image][\/et_pb_section][et_pb_section fb_built=&#8221;1&#8243; inner_shadow=&#8221;on&#8221; _builder_version=&#8221;3.22&#8243; background_color=&#8221;rgba(62,99,109,0.58)&#8221; use_background_color_gradient=&#8221;on&#8221; background_color_gradient_start=&#8221;#000000&#8243; background_color_gradient_end=&#8221;#bababa&#8221; parallax=&#8221;on&#8221; parallax_method=&#8221;off&#8221;][et_pb_row column_structure=&#8221;1_4,3_4&#8243; _builder_version=&#8221;3.25&#8243; background_size=&#8221;initial&#8221; background_position=&#8221;top_left&#8221; background_repeat=&#8221;repeat&#8221;][et_pb_column type=&#8221;1_4&#8243; _builder_version=&#8221;3.25&#8243; custom_padding=&#8221;|||&#8221; custom_padding__hover=&#8221;|||&#8221;][et_pb_image src=&#8221;http:\/\/dalmassy.fr\/wp-content\/uploads\/2019\/12\/cd_relation-1.jpg&#8221; align_tablet=&#8221;center&#8221; align_phone=&#8221;&#8221; align_last_edited=&#8221;on|desktop&#8221; _builder_version=&#8221;4.0.8&#8243; always_center_on_mobile=&#8221;on&#8221;][\/et_pb_image][et_pb_text _builder_version=&#8221;4.0.8&#8243;] Musiciens:Didier Chasteau pianio(Canada)Gilbert Rov\u00e8re \u00abBibi\u00bb basse ( prix Django Reinhart)Jean Pierre Dalmassy batterie Titres:1 Strange2 Extase3 Little Victoria4 Titi5 Maintenant6 JP7 Epiph\u00e8re (drum solo)8 [&hellip;]<\/p>\n","protected":false},"author":1,"featured_media":0,"parent":0,"menu_order":0,"comment_status":"closed","ping_status":"closed","template":"","meta":{"_et_pb_use_builder":"on","_et_pb_old_content":"","_et_gb_content_width":""},"_links":{"self":[{"href":"https:\/\/dalmassy.fr\/en\/wp-json\/wp\/v2\/pages\/939"}],"collection":[{"href":"https:\/\/dalmassy.fr\/en\/wp-json\/wp\/v2\/pages"}],"about":[{"href":"https:\/\/dalmassy.fr\/en\/wp-json\/wp\/v2\/types\/page"}],"author":[{"embeddable":true,"href":"https:\/\/dalmassy.fr\/en\/wp-json\/wp\/v2\/users\/1"}],"replies":[{"embeddable":true,"href":"https:\/\/dalmassy.fr\/en\/wp-json\/wp\/v2\/comments?post=939"}],"version-history":[{"count":16,"href":"https:\/\/dalmassy.fr\/en\/wp-json\/wp\/v2\/pages\/939\/revisions"}],"predecessor-version":[{"id":1771,"href":"https:\/\/dalmassy.fr\/en\/wp-json\/wp\/v2\/pages\/939\/revisions\/1771"}],"wp:attachment":[{"href":"https:\/\/dalmassy.fr\/en\/wp-json\/wp\/v2\/media?parent=939"}],"curies":[{"name":"wp","href":"https:\/\/api.w.org\/{rel}","templated":true}]}}