{"id":993,"date":"2017-06-12T10:32:30","date_gmt":"2017-06-12T08:32:30","guid":{"rendered":"http:\/\/villa-corse.fr\/?page_id=2"},"modified":"2026-01-26T20:54:29","modified_gmt":"2026-01-26T19:54:29","slug":"stage-residence","status":"publish","type":"page","link":"https:\/\/dalmassy.fr\/en\/stage-residence\/","title":{"rendered":"Stage R\u00e9sidence"},"content":{"rendered":"<p>[et_pb_section fb_built=&#8221;1&#8243; admin_label=&#8221;section&#8221; _builder_version=&#8221;4.9.1&#8243; background_color=&#8221;#545454&#8243;][et_pb_row _builder_version=&#8221;4.9.1&#8243; _module_preset=&#8221;default&#8221; custom_margin=&#8221;-46px|auto|-41px|auto||&#8221; custom_padding=&#8221;37px|||||&#8221;][et_pb_column type=&#8221;4_4&#8243; _builder_version=&#8221;4.9.1&#8243; _module_preset=&#8221;default&#8221;][et_pb_code _builder_version=&#8221;4.9.1&#8243; _module_preset=&#8221;default&#8221;]<\/p>\n<div class=\"drum-marquee-container\"><!-- [et_pb_line_break_holder] -->    <\/p>\n<div class=\"drum-marquee-text\"><!-- [et_pb_line_break_holder] -->        \ud83d\udd34 NOUVEAU : L&#8217;exp\u00e9rience Drum Privil\u00e8ge s&#8217;invite chez vous ! Jean-Pierre Dalmassy se d\u00e9place dans votre studio pour un stage en r\u00e9sidence. <!-- [et_pb_line_break_holder] -->        <a href=\"#residence-concept\" style=\"color: #FFD700; text-decoration: underline; margin-left: 15px;\">D\u00e9couvrir le concept \u2193<\/a><!-- [et_pb_line_break_holder] -->    <\/div>\n<p><!-- [et_pb_line_break_holder] --><\/div>\n<p><!-- [et_pb_line_break_holder] --><!-- [et_pb_line_break_holder] --><\/p>\n<style><!-- [et_pb_line_break_holder] -->.drum-marquee-container {<!-- [et_pb_line_break_holder] -->    width: 100%;<!-- [et_pb_line_break_holder] -->    background-color: #000000;<!-- [et_pb_line_break_holder] -->    color: #ffffff;<!-- [et_pb_line_break_holder] -->    padding: 12px 0;<!-- [et_pb_line_break_holder] -->    overflow: hidden;<!-- [et_pb_line_break_holder] -->    position: relative;<!-- [et_pb_line_break_holder] -->    font-family: 'Helvetica Neue', Helvetica, Arial, sans-serif;<!-- [et_pb_line_break_holder] -->    font-weight: bold;<!-- [et_pb_line_break_holder] -->    border-bottom: 2px solid #FFD700;<!-- [et_pb_line_break_holder] -->}<!-- [et_pb_line_break_holder] --><!-- [et_pb_line_break_holder] -->.drum-marquee-text {<!-- [et_pb_line_break_holder] -->    display: inline-block;<!-- [et_pb_line_break_holder] -->    white-space: nowrap;<!-- [et_pb_line_break_holder] -->    animation: scroll-text 25s linear infinite;<!-- [et_pb_line_break_holder] -->    font-size: 16px;<!-- [et_pb_line_break_holder] -->}<!-- [et_pb_line_break_holder] --><!-- [et_pb_line_break_holder] -->@keyframes scroll-text {<!-- [et_pb_line_break_holder] -->    from { transform: translateX(100%); }<!-- [et_pb_line_break_holder] -->    to { transform: translateX(-100%); }<!-- [et_pb_line_break_holder] -->}<!-- [et_pb_line_break_holder] --><!-- [et_pb_line_break_holder] -->\/* Pause au survol pour faciliter la lecture sur ordinateur *\/<!-- [et_pb_line_break_holder] -->.drum-marquee-container:hover .drum-marquee-text {<!-- [et_pb_line_break_holder] -->    animation-play-state: paused;<!-- [et_pb_line_break_holder] -->}<!-- [et_pb_line_break_holder] --><\/style>\n<p>[\/et_pb_code][\/et_pb_column][\/et_pb_row][\/et_pb_section][et_pb_section fb_built=&#8221;1&#8243; _builder_version=&#8221;4.9.1&#8243; _module_preset=&#8221;default&#8221; background_color=&#8221;rgba(76,76,76,0.72)&#8221; use_background_color_gradient=&#8221;on&#8221; background_color_gradient_start=&#8221;#515151&#8243; background_color_gradient_end=&#8221;#bababa&#8221; parallax=&#8221;on&#8221; parallax_method=&#8221;off&#8221; custom_padding=&#8221;||0px|||&#8221;][et_pb_row _builder_version=&#8221;4.9.1&#8243; _module_preset=&#8221;default&#8221; background_color=&#8221;rgba(0,0,0,0.91)&#8221; use_background_color_gradient=&#8221;on&#8221; background_color_gradient_start=&#8221;#191919&#8243; background_color_gradient_end=&#8221;#260300&#8243; background_size=&#8221;initial&#8221; background_position=&#8221;top_left&#8221; background_repeat=&#8221;repeat&#8221; min_height=&#8221;503.3px&#8221; custom_padding=&#8221;||0px|||&#8221;][et_pb_column type=&#8221;4_4&#8243; _builder_version=&#8221;4.9.1&#8243; _module_preset=&#8221;default&#8221;][et_pb_cta title=&#8221; &#8221; button_url=&#8221;https:\/\/dalmassy.fr\/contact\/&#8221; button_text=&#8221;Renseignez-Vous !&#8221; button_text_last_edited=&#8221;off|desktop&#8221; _builder_version=&#8221;4.9.1&#8243; _module_preset=&#8221;default&#8221; background_color=&#8221;RGBA(0,0,0,0)&#8221; custom_button=&#8221;on&#8221; button_text_color=&#8221;#E02B20&#8243; module_alignment=&#8221;center&#8221; min_height=&#8221;519.6px&#8221; custom_margin=&#8221;-41px||-10px|||&#8221; animation_style=&#8221;fade&#8221; text_shadow_style=&#8221;preset1&#8243; button_text__hover_enabled=&#8221;off|desktop&#8221;]<\/p>\n<h1 class=\"western\" style=\"text-align: center;\"><span style=\"color: #ffcc00;\"><b><\/b><\/span><\/h1>\n<h1 class=\"western\" style=\"text-align: center;\"><span style=\"color: #ffcc00;\"><b>L\u2019Exp\u00e9rience R\u00e9sidence : <\/b><\/span><\/h1>\n<h1 class=\"western\" style=\"text-align: center;\"><span style=\"color: #ffcc00;\"><b>&#8220;Un Pro chez Vous&#8221;<\/b><\/span><\/h1>\n<p><span style=\"font-size: large;\"><b>Une rencontre artistique unique : je me d\u00e9place dans votre univers.<\/b><\/span><\/p>\n<p>Vous souhaitez b\u00e9n\u00e9ficier de mon enseignement sans quitter votre studio ? Je vous propose une formule innovante :<\/p>\n<p><b>un stage de 2 jours \u00e0 domicile au tarif habituel de mes stages \u00e0 Vence.<\/b><\/p>\n<h3 class=\"western\" style=\"text-align: center;\"><span style=\"color: #ffcc00;\"><b>Le Concept : Devenez l&#8217;Ambassadeur de ma venue<\/b><\/span><\/h3>\n<p>Pour b\u00e9n\u00e9ficier de ce tarif &#8220;Idem Vence Paca&#8221; chez vous, le stage doit \u00eatre coupl\u00e9 \u00e0 un \u00e9v\u00e9nement<\/p>\n<p>(Masterclass ou D\u00e9monstration) dans une structure de votre ville.<\/p>\n<p style=\"text-align: center;\"><span style=\"color: #ffcc00;\"><b>Trois mani\u00e8res d&#8217;organiser cette rencontre :<\/b><\/span><\/p>\n<ul>\n<li style=\"text-align: center;\"><b>L\u2019Ambassadeur :<\/b><\/li>\n<li style=\"text-align: center;\"><b><\/b> Vous faites le lien avec une \u00e9cole de musique, un conservatoire ou un magasin local pour organiser une intervention publique.<\/li>\n<li style=\"text-align: center;\"><b>Le Cadeau d&#8217;Exception :<\/b><\/li>\n<li style=\"text-align: center;\">\u00a0 \u00a0 Vous offrez \u00e0 votre enfant une progression fulgurante sur son propre instrument, avec le soutien d&#8217;une structure locale.<\/li>\n<li style=\"text-align: center;\"><b>Le Coaching Premium :<\/b><\/li>\n<li style=\"text-align: center;\">Vous optimisez votre jeu, votre son et votre positionnement directement sur votre batterie personnelle.<span style=\"font-size: 14px;\">\u00a0<\/span><\/li>\n<\/ul>\n<h2 style=\"text-align: center;\"><\/h2>\n<p style=\"text-align: center;\">\n<p>[\/et_pb_cta][et_pb_text _builder_version=&#8221;4.9.1&#8243; _module_preset=&#8221;default&#8221; background_color=&#8221;#230500&#8243;]<\/p>\n<h3 style=\"text-align: center;\"><span style=\"color: #ffcc00;\">Master Class et D\u00e9monstration avec <\/span><\/h3>\n<p style=\"text-align: center;\"><span style=\"color: #ffcc00;\">Photo 1 Billy Cobham, 2 Peter Erskine,3\u00a0 Gavin Harrison, 4 Mike Terrana\u00a0<\/span><\/p>\n<p>[\/et_pb_text][et_pb_gallery gallery_ids=&#8221;1046,1082,1047,1081&#8243; show_title_and_caption=&#8221;off&#8221; show_pagination=&#8221;off&#8221; _builder_version=&#8221;4.9.1&#8243; _module_preset=&#8221;default&#8221; custom_margin=&#8221;||-27px|||&#8221;][\/et_pb_gallery][et_pb_text _builder_version=&#8221;4.9.1&#8243; _module_preset=&#8221;default&#8221; text_orientation=&#8221;center&#8221; module_alignment=&#8221;center&#8221; custom_margin=&#8221;||-59px|||&#8221; custom_padding=&#8221;3px||0px|||&#8221;]<\/p>\n<h4 style=\"text-align: center;\"><\/h4>\n<h3 style=\"text-align: center;\"><span style=\"color: #ffcc00;\">Logistique &#038; Budget :<\/span><\/h3>\n<h4 style=\"text-align: center;\"><span style=\"color: #ffcc00;\">Une organisation partag\u00e9e<\/span><\/h4>\n<p>&nbsp;<\/p>\n<p style=\"text-align: center;\">Pour rendre ce d\u00e9placement possible, l&#8217;effort est r\u00e9parti entre le stagiaire et la structure d&#8217;accueil.<\/p>\n<h4 class=\"western\" style=\"text-align: center;\"><span style=\"color: #ffcc00;\"><b>1. Pour le Stagiaire (L&#8217;\u00e9l\u00e8ve)<\/b><\/span><\/h4>\n<ul>\n<li style=\"text-align: center;\"><b>Enseignement :<\/b> Tarif <b>identique<\/b> \u00e0 un stage de 2 jours \u00e0 Vence.<\/li>\n<li style=\"text-align: center;\"><b>Convivialit\u00e9 :<\/b> Prise en charge de la restauration (petit-d\u00e9jeuner, d\u00e9jeuner, d\u00eener) pour favoriser l&#8217;\u00e9change.<\/li>\n<\/ul>\n<h4 class=\"western\" style=\"text-align: center;\"><span style=\"color: #ffcc00;\"><b>2. Pour le Partenaire local (\u00c9cole, Magasin, Conservatoire)<\/b><\/span><\/h4>\n<p style=\"text-align: center;\">La structure qui b\u00e9n\u00e9ficie de la Masterclass ou de la d\u00e9monstration prend en charge les frais d&#8217;organisation :<\/p>\n<p style=\"text-align: center;\"><span style=\"color: #ffcc00;\"><strong>Important:<\/strong><\/span><em> &#8220;Je peux avec mes contacts et mes sponsors,<\/em><\/p>\n<p style=\"text-align: center;\"><em>vous aider \u00e0 trouver un partenaire .&#8221;<\/em><\/p>\n<ul>\n<li><b>Transport &#038; H\u00e9bergement :<\/b> Frais de voyage (train\/avion) et nuit\u00e9e d&#8217;h\u00f4tel (pour le repos de l&#8217;artiste).<\/li>\n<li><b>Restauration :<\/b> Prise en charge des repas durant l&#8217;\u00e9v\u00e9nement.<\/li>\n<li><b>Participation aux frais :<\/b> Si l&#8217;\u00e9v\u00e9nement ne fait pas l&#8217;objet d&#8217;un cachet artistique, la structure d&#8217;accueil participe obligatoirement au d\u00e9fraiement (transport et h\u00e9bergement).<\/li>\n<\/ul>\n<p><span style=\"font-size: large;\"><\/span><\/p>\n<p><span style=\"font-size: large;\"><\/span><\/p>\n<p><span style=\"font-size: large;\">\u00a0 \u00a0 <\/span><span style=\"font-size: large;\"><\/span><\/p>\n<p>[\/et_pb_text][et_pb_divider _builder_version=&#8221;4.9.1&#8243; _module_preset=&#8221;default&#8221;][\/et_pb_divider][et_pb_text _builder_version=&#8221;4.9.1&#8243; _module_preset=&#8221;default&#8221; background_color=&#8221;#230500&#8243; animation_style=&#8221;slide&#8221;]<\/p>\n<h3 class=\"western\" style=\"text-align: center;\"><span style=\"color: #ffcc00;\"><b>Pourquoi choisir le format R\u00e9sidence ?<\/b><\/span><\/h3>\n<ul>\n<li style=\"text-align: center;\"><b>Confort :<\/b> Vous travaillez sur votre propre mat\u00e9riel, dans votre environnement.<\/li>\n<li style=\"text-align: center;\"><b>\u00c9conomie :<\/b> Pas de frais de transport ni d&#8217;h\u00f4tel pour vous vers Vence.<\/li>\n<li style=\"text-align: center;\"><b>Rayonnement :<\/b> Vous dynamisez la vie musicale de votre ville en cr\u00e9ant un \u00e9v\u00e9nement d&#8217;exception.<\/li>\n<\/ul>\n<p style=\"text-align: center;\"><span style=\"color: #ffcc00;\"><b>Une initiative soutenue par mes partenaires :<\/b><\/span><\/p>\n<h4 style=\"text-align: center;\"><span style=\"color: #ffcc00;\"><i>\u00a0Pearl | Sabian | Vic Firth | Evans<\/i><\/span><\/h4>\n<h3 class=\"western\" style=\"text-align: center;\"><\/h3>\n<ul style=\"text-align: center;\"><\/ul>\n<p>[\/et_pb_text][et_pb_divider _builder_version=&#8221;4.9.1&#8243; _module_preset=&#8221;default&#8221;][\/et_pb_divider][et_pb_button button_url=&#8221;https:\/\/dalmassy.fr\/contact\/&#8221; button_text=&#8221;CONTACTEZ-MOI POUR ORGANISER VOTRE STAGE  &#8221; button_alignment=&#8221;center&#8221; _builder_version=&#8221;4.9.1&#8243; _module_preset=&#8221;default&#8221; custom_button=&#8221;on&#8221; button_text_size=&#8221;18px&#8221; button_text_color=&#8221;#E02B20&#8243; background_layout=&#8221;dark&#8221; custom_margin=&#8221;-46px|||||&#8221;][\/et_pb_button][et_pb_wc_gallery _builder_version=&#8221;4.9.1&#8243; _module_preset=&#8221;default&#8221;][\/et_pb_wc_gallery][\/et_pb_column][\/et_pb_row][\/et_pb_section][et_pb_section fb_built=&#8221;1&#8243; fullwidth=&#8221;on&#8221; _builder_version=&#8221;3.22&#8243;][et_pb_fullwidth_image src=&#8221;http:\/\/villa-corse.fr\/wp-content\/uploads\/2017\/06\/DSC1514-Copier-2-400.jpg&#8221; _builder_version=&#8221;3.0.87&#8243; border_style=&#8221;solid&#8221;][\/et_pb_fullwidth_image][\/et_pb_section]<\/p>\n","protected":false},"excerpt":{"rendered":"<p>[et_pb_section fb_built=&#8221;1&#8243; admin_label=&#8221;section&#8221; _builder_version=&#8221;4.9.1&#8243; background_color=&#8221;#545454&#8243;][et_pb_row _builder_version=&#8221;4.9.1&#8243; _module_preset=&#8221;default&#8221; custom_margin=&#8221;-46px|auto|-41px|auto||&#8221; custom_padding=&#8221;37px|||||&#8221;][et_pb_column type=&#8221;4_4&#8243; _builder_version=&#8221;4.9.1&#8243; _module_preset=&#8221;default&#8221;][et_pb_code _builder_version=&#8221;4.9.1&#8243; _module_preset=&#8221;default&#8221;] \ud83d\udd34 NOUVEAU : L&#8217;exp\u00e9rience Drum Privil\u00e8ge s&#8217;invite chez vous ! Jean-Pierre Dalmassy se d\u00e9place dans votre studio pour un stage en r\u00e9sidence. D\u00e9couvrir le concept \u2193 [\/et_pb_code][\/et_pb_column][\/et_pb_row][\/et_pb_section][et_pb_section fb_built=&#8221;1&#8243; _builder_version=&#8221;4.9.1&#8243; _module_preset=&#8221;default&#8221; background_color=&#8221;rgba(76,76,76,0.72)&#8221; use_background_color_gradient=&#8221;on&#8221; background_color_gradient_start=&#8221;#515151&#8243; background_color_gradient_end=&#8221;#bababa&#8221; parallax=&#8221;on&#8221; parallax_method=&#8221;off&#8221; custom_padding=&#8221;||0px|||&#8221;][et_pb_row _builder_version=&#8221;4.9.1&#8243; _module_preset=&#8221;default&#8221; background_color=&#8221;rgba(0,0,0,0.91)&#8221; use_background_color_gradient=&#8221;on&#8221; [&hellip;]<\/p>\n","protected":false},"author":1,"featured_media":0,"parent":0,"menu_order":0,"comment_status":"closed","ping_status":"closed","template":"","meta":{"_et_pb_use_builder":"on","_et_pb_old_content":"Voici un exemple de page. Elle est diff\u00e9rente d\u2019un article de blog, en cela qu\u2019elle restera \u00e0 la m\u00eame place, et s\u2019affichera dans le menu de navigation de votre site (en fonction de votre th\u00e8me). La plupart des gens commencent par \u00e9crire une page \u00ab \u00c0 Propos \u00bb qui les pr\u00e9sente aux visiteurs potentiels du site. Vous pourriez y \u00e9crire quelque chose de ce tenant :\n\n<blockquote>Bonjour ! Je suis un m\u00e9canicien qui aspire \u00e0 devenir un acteur, et voici mon blog. J\u2019habite \u00e0 Bordeaux, j\u2019ai un super chien baptis\u00e9 Russell, et j\u2019aime la vodka-ananas (ainsi que regarder la pluie tomber).<\/blockquote>\n\n...ou bien quelque chose comme \u00e7a :\n\n<blockquote>La soci\u00e9t\u00e9 123 Machin Truc a \u00e9t\u00e9 cr\u00e9\u00e9e en 1971, et n\u2019a cess\u00e9 de proposer au public des machins-trucs de qualit\u00e9 depuis lors. Situ\u00e9e \u00e0 Saint-Remy-en-Bouzemont-Saint-Genest-et-Isson, 123 Machin Truc emploie 2 000 personnes, et fabrique toutes sortes de bidules super pour la communaut\u00e9 bouzemontoise.<\/blockquote>\n\n\u00c9tant donn\u00e9 que vous \u00eates un nouvel utilisateur de WordPress, vous devriez vous rendre sur votre <a href=\"http:\/\/villa-corse.fr\/wp-admin\/\">Tableau de bord<\/a> pour effacer la pr\u00e9sente page, et cr\u00e9er de nouvelles pages avec votre propre contenu. Amusez-vous bien !","_et_gb_content_width":""},"_links":{"self":[{"href":"https:\/\/dalmassy.fr\/en\/wp-json\/wp\/v2\/pages\/993"}],"collection":[{"href":"https:\/\/dalmassy.fr\/en\/wp-json\/wp\/v2\/pages"}],"about":[{"href":"https:\/\/dalmassy.fr\/en\/wp-json\/wp\/v2\/types\/page"}],"author":[{"embeddable":true,"href":"https:\/\/dalmassy.fr\/en\/wp-json\/wp\/v2\/users\/1"}],"replies":[{"embeddable":true,"href":"https:\/\/dalmassy.fr\/en\/wp-json\/wp\/v2\/comments?post=993"}],"version-history":[{"count":22,"href":"https:\/\/dalmassy.fr\/en\/wp-json\/wp\/v2\/pages\/993\/revisions"}],"predecessor-version":[{"id":8692,"href":"https:\/\/dalmassy.fr\/en\/wp-json\/wp\/v2\/pages\/993\/revisions\/8692"}],"wp:attachment":[{"href":"https:\/\/dalmassy.fr\/en\/wp-json\/wp\/v2\/media?parent=993"}],"curies":[{"name":"wp","href":"https:\/\/api.w.org\/{rel}","templated":true}]}}