{"id":995,"date":"2018-10-01T17:33:20","date_gmt":"2018-10-01T15:33:20","guid":{"rendered":"http:\/\/villa-corse.fr\/?page_id=993"},"modified":"2020-02-02T20:28:37","modified_gmt":"2020-02-02T19:28:37","slug":"le-reve-de-la-foret","status":"publish","type":"page","link":"https:\/\/dalmassy.fr\/en\/agatha\/le-reve-de-la-foret\/","title":{"rendered":"Le R\u00eave de la For\u00eat"},"content":{"rendered":"<p>[et_pb_section fb_built=&#8221;1&#8243; fullwidth=&#8221;on&#8221; _builder_version=&#8221;3.22&#8243;][et_pb_fullwidth_image src=&#8221;https:\/\/dalmassy.fr\/wp-content\/uploads\/2019\/11\/Jean-pierre-dalmassy-1024&#215;678.jpg&#8221; _builder_version=&#8221;4.0.8&#8243; hover_enabled=&#8221;0&#8243;][\/et_pb_fullwidth_image][\/et_pb_section][et_pb_section fb_built=&#8221;1&#8243; inner_shadow=&#8221;on&#8221; _builder_version=&#8221;3.22&#8243; background_color=&#8221;rgba(62,99,109,0.58)&#8221; use_background_color_gradient=&#8221;on&#8221; background_color_gradient_start=&#8221;#000000&#8243; background_color_gradient_end=&#8221;#bababa&#8221; parallax=&#8221;on&#8221; parallax_method=&#8221;off&#8221;][et_pb_row column_structure=&#8221;1_4,3_4&#8243; _builder_version=&#8221;3.25&#8243; background_size=&#8221;initial&#8221; background_position=&#8221;top_left&#8221; background_repeat=&#8221;repeat&#8221;][et_pb_column type=&#8221;1_4&#8243; _builder_version=&#8221;3.25&#8243; custom_padding=&#8221;|||&#8221; custom_padding__hover=&#8221;|||&#8221;][et_pb_image src=&#8221;http:\/\/dalmassy.fr\/wp-content\/uploads\/2020\/01\/Agatha-Le-r\u00e8ve-de-la-Foret.jpg&#8221; align_tablet=&#8221;center&#8221; align_phone=&#8221;&#8221; align_last_edited=&#8221;on|desktop&#8221; _builder_version=&#8221;4.0.8&#8243; always_center_on_mobile=&#8221;on&#8221;][\/et_pb_image][et_pb_text _builder_version=&#8221;3.27.4&#8243;]<strong>Musiciens:<\/strong><br \/>\nJeff Gardner Piano<br \/>\nTzar Paanphum Basse<br \/>\nJean Pierre Dalmassy Batterie<\/p>\n<p><strong>Label:<\/strong><br \/>\nSergent Major<\/p>\n<p><strong>Titres:<\/strong><br \/>\n1 After Talk<br \/>\n2 Blue Nice<br \/>\n3 Song for You<br \/>\n4 Waltz<br \/>\n5 Over Time<br \/>\n6 Le r\u00eave de la For\u00eat<br \/>\n7 L\u00e9gende d&#8217;une \u00eele<br \/>\n8 Swamp fire<br \/>\n9 Lazy Moon<\/p>\n<p>Site :<br \/>\nwww.jeffgardner.com.br[\/et_pb_text][\/et_pb_column][et_pb_column type=&#8221;3_4&#8243; _builder_version=&#8221;3.25&#8243; custom_padding=&#8221;|||&#8221; custom_padding__hover=&#8221;|||&#8221;][et_pb_text admin_label=&#8221;Text&#8221; _builder_version=&#8221;3.27.4&#8243; background_size=&#8221;initial&#8221; background_position=&#8221;top_left&#8221; background_repeat=&#8221;repeat&#8221; text_orientation=&#8221;center&#8221; module_alignment=&#8221;center&#8221; custom_margin=&#8221;||10px|&#8221; animation_style=&#8221;fade&#8221;]<\/p>\n<h1>Album Agatha \u00abLe R\u00eave de la For\u00eat\u00bb<\/h1>\n<p>&nbsp;<\/p>\n<p><strong>&lt;&lt;Un beau r\u00eave original et inspir\u00e9, une musique \u00e9tonnante, raffin\u00e9e. Un disque \u00e0 \u00e9couter pour \u00e9couter son c\u0153ur.&gt;&gt;<\/strong><\/p>\n<p>Les trois musiciens d\u2019Agatha (J-P Dalmassy \u00e0 la batterie, Jeff Gardner au piano et Tzar Paanphum \u00e0 la basse), r\u00e9ussissent \u00e0 produire une musique \u00e9tonnante, raffin\u00e9e, faite de bruissements furtifs, de clapotis \u00e9tincelants, de sourdes volutes incantatoires d\u00e9rivantes en suspension sous une canop\u00e9e aussi mystique qu\u2019envo\u00fbtante.<\/p>\n<p>Et puis des voix montent du fond des entrailles de la terre, de bien nobles et tragiques polyphonies qui s\u2019annoncent au rythme infernal de la course folle et des tr\u00e9pidations d\u2019une faune gigantesque.<\/p>\n<p>Est-ce le feu qui gronde, est-ce la voix des divinit\u00e9s enfouies et depuis trop longtemps ignor\u00e9es, qui se l\u00e8vent ? Ecoutez ce chant plan\u00e9taire, venu d\u2019une sph\u00e8re qui serait \u00e0 la fois la n\u00f4tre et celle d\u2019un autre monde, plus ancien, parall\u00e8le.<\/p>\n<p>Ce sont, entrem\u00eal\u00e9es, les l\u00e9gendes d\u2019Asie, la complainte secr\u00e8te d\u2019un p\u00eacheur d\u2019Afrique, la po\u00e9sie\u00a0postmoderne et les rumeurs babyloniennes des villes aux gratte-ciel illumin\u00e9s.<\/p>\n<p>Par quel miracle cette potion hasardeuse faite des cultures et des influences aussi diverses que celle de Jean-Pierre Dalmassy, ce batteur \u201cfrenchie\u201d au mart\u00e8lement, au groove fulgurant et chaotique, Jeff Gardner cet \u00e9l\u00e9gant pianiste am\u00e9ricain aux envol\u00e9es teint\u00e9es de\u00a0 notes bleues \u00e0 la Mc Coy\u00a0Tyner et Tzar Paanphum, ce bassiste tha\u00ef aux six cordes anim\u00e9es d\u2019un lyrisme et d\u2019une spiritualit\u00e9 universels; par quel enchantement cette musique finit-elle par s\u2019insinuer et nous envahir le cortex d\u2019un fluide aussi doux, aussi r\u00e9parateur et dispensateur d\u2019espoirs infinis ?<\/p>\n<p>Je ne sais. Je ne saurais dire non plus s\u2019il faut ranger ce disque dans le bac r\u00e9serv\u00e9 au Jazz, car j\u2019ai l\u2019impression que se serait r\u00e9ducteur vis-\u00e0-vis de ce r\u00eave sonore que l\u2019on pourrait \u00e9galement qualifier de World Music, ou de toute autre appellation vaguement contr\u00f4l\u00e9e\u2026 non, ce n\u2019est rien que de la musique d\u2019humain.<br \/>\nUn disque \u00e0 \u00e9couter pour \u00e9couter son c\u0153ur.<\/p>\n<p>Dom Corrieras<\/p>\n<p>&nbsp;[\/et_pb_text][et_pb_image src=&#8221;http:\/\/dalmassy.fr\/wp-content\/uploads\/2020\/01\/Tzar-Paanphum-e1578677892829.jpg&#8221; align=&#8221;center&#8221; align_tablet=&#8221;center&#8221; align_phone=&#8221;&#8221; align_last_edited=&#8221;on|desktop&#8221; _builder_version=&#8221;4.0.8&#8243; always_center_on_mobile=&#8221;on&#8221;][\/et_pb_image][et_pb_image src=&#8221;http:\/\/dalmassy.fr\/wp-content\/uploads\/2020\/01\/Jeff_Gardner-e1578678408567.jpg&#8221; align=&#8221;center&#8221; align_tablet=&#8221;center&#8221; align_phone=&#8221;&#8221; align_last_edited=&#8221;on|desktop&#8221; _builder_version=&#8221;4.0.8&#8243; always_center_on_mobile=&#8221;on&#8221;][\/et_pb_image][\/et_pb_column][\/et_pb_row][et_pb_row module_id=&#8221;textaccueil&#8221; _builder_version=&#8221;3.25&#8243; background_color=&#8221;rgba(0,0,0,0.91)&#8221; use_background_color_gradient=&#8221;on&#8221; background_color_gradient_start=&#8221;#191919&#8243; background_color_gradient_end=&#8221;#260300&#8243; background_size=&#8221;initial&#8221; background_position=&#8221;top_left&#8221; background_repeat=&#8221;repeat&#8221; custom_margin=&#8221;||30px|&#8221; custom_padding=&#8221;15px|0px|0px|0px&#8221;][et_pb_column type=&#8221;4_4&#8243; _builder_version=&#8221;3.25&#8243; custom_padding=&#8221;|||&#8221; custom_padding__hover=&#8221;|||&#8221;][et_pb_audio audio=&#8221;http:\/\/dalmassy.fr\/wp-content\/uploads\/2020\/01\/06-Le-r\u00eave-de-la-for\u00eat.mp3&#8243; title=&#8221;Le R\u00eave de la For\u00eat&#8221; artist_name=&#8221;Agatha&#8221; album_name=&#8221;Le R\u00eave de la For\u00eat&#8221; image_url=&#8221;http:\/\/villa-corse.fr\/wp-content\/uploads\/2018\/09\/Agatha-Le-r\u00e8ve-de-la-Foret.jpg&#8221; _builder_version=&#8221;4.0.8&#8243; background_layout=&#8221;light&#8221;][\/et_pb_audio][et_pb_audio audio=&#8221;http:\/\/dalmassy.fr\/wp-content\/uploads\/2020\/01\/05-Over-Time.mp3&#8243; title=&#8221;Over Time&#8221; artist_name=&#8221;Agatha&#8221; album_name=&#8221;Le R\u00e8ve de la For\u00e8t&#8221; image_url=&#8221;http:\/\/villa-corse.fr\/wp-content\/uploads\/2018\/09\/Agatha-Le-r\u00e8ve-de-la-Foret.jpg&#8221; _builder_version=&#8221;4.0.8&#8243; background_layout=&#8221;light&#8221;][\/et_pb_audio][et_pb_audio audio=&#8221;http:\/\/dalmassy.fr\/wp-content\/uploads\/2020\/01\/04-Waltz-3.mp3&#8243; title=&#8221;Song for You&#8221; artist_name=&#8221;Agatha&#8221; album_name=&#8221;Le R\u00e8ve de la For\u00e8t&#8221; image_url=&#8221;http:\/\/villa-corse.fr\/wp-content\/uploads\/2018\/09\/Agatha-Le-r\u00e8ve-de-la-Foret.jpg&#8221; _builder_version=&#8221;4.0.8&#8243; background_layout=&#8221;light&#8221;][\/et_pb_audio][et_pb_audio audio=&#8221;http:\/\/dalmassy.fr\/wp-content\/uploads\/2020\/01\/07-L\u00e9gende-dune-\u00eele.mp3&#8243; title=&#8221;L\u00e9gende d&#8217;une \u00eele &#8221; artist_name=&#8221;Agatha&#8221; album_name=&#8221;Le R\u00eave de la For\u00eat&#8221; image_url=&#8221;http:\/\/villa-corse.fr\/wp-content\/uploads\/2018\/09\/Agatha-Le-r\u00e8ve-de-la-Foret.jpg&#8221; _builder_version=&#8221;4.0.8&#8243; background_layout=&#8221;light&#8221;][\/et_pb_audio][\/et_pb_column][\/et_pb_row][\/et_pb_section]<\/p>\n","protected":false},"excerpt":{"rendered":"<p>[et_pb_section fb_built=&#8221;1&#8243; fullwidth=&#8221;on&#8221; _builder_version=&#8221;3.22&#8243;][et_pb_fullwidth_image src=&#8221;https:\/\/dalmassy.fr\/wp-content\/uploads\/2019\/11\/Jean-pierre-dalmassy-1024&#215;678.jpg&#8221; _builder_version=&#8221;4.0.8&#8243; hover_enabled=&#8221;0&#8243;][\/et_pb_fullwidth_image][\/et_pb_section][et_pb_section fb_built=&#8221;1&#8243; inner_shadow=&#8221;on&#8221; _builder_version=&#8221;3.22&#8243; background_color=&#8221;rgba(62,99,109,0.58)&#8221; use_background_color_gradient=&#8221;on&#8221; background_color_gradient_start=&#8221;#000000&#8243; background_color_gradient_end=&#8221;#bababa&#8221; parallax=&#8221;on&#8221; parallax_method=&#8221;off&#8221;][et_pb_row column_structure=&#8221;1_4,3_4&#8243; _builder_version=&#8221;3.25&#8243; background_size=&#8221;initial&#8221; background_position=&#8221;top_left&#8221; background_repeat=&#8221;repeat&#8221;][et_pb_column type=&#8221;1_4&#8243; _builder_version=&#8221;3.25&#8243; custom_padding=&#8221;|||&#8221; custom_padding__hover=&#8221;|||&#8221;][et_pb_image src=&#8221;http:\/\/dalmassy.fr\/wp-content\/uploads\/2020\/01\/Agatha-Le-r\u00e8ve-de-la-Foret.jpg&#8221; align_tablet=&#8221;center&#8221; align_phone=&#8221;&#8221; align_last_edited=&#8221;on|desktop&#8221; _builder_version=&#8221;4.0.8&#8243; always_center_on_mobile=&#8221;on&#8221;][\/et_pb_image][et_pb_text _builder_version=&#8221;3.27.4&#8243;]Musiciens: Jeff Gardner Piano Tzar Paanphum Basse Jean Pierre Dalmassy Batterie Label: Sergent Major Titres: 1 After Talk 2 Blue Nice 3 Song for [&hellip;]<\/p>\n","protected":false},"author":1,"featured_media":0,"parent":964,"menu_order":0,"comment_status":"closed","ping_status":"closed","template":"","meta":{"_et_pb_use_builder":"on","_et_pb_old_content":"","_et_gb_content_width":""},"_links":{"self":[{"href":"https:\/\/dalmassy.fr\/en\/wp-json\/wp\/v2\/pages\/995"}],"collection":[{"href":"https:\/\/dalmassy.fr\/en\/wp-json\/wp\/v2\/pages"}],"about":[{"href":"https:\/\/dalmassy.fr\/en\/wp-json\/wp\/v2\/types\/page"}],"author":[{"embeddable":true,"href":"https:\/\/dalmassy.fr\/en\/wp-json\/wp\/v2\/users\/1"}],"replies":[{"embeddable":true,"href":"https:\/\/dalmassy.fr\/en\/wp-json\/wp\/v2\/comments?post=995"}],"version-history":[{"count":10,"href":"https:\/\/dalmassy.fr\/en\/wp-json\/wp\/v2\/pages\/995\/revisions"}],"predecessor-version":[{"id":2160,"href":"https:\/\/dalmassy.fr\/en\/wp-json\/wp\/v2\/pages\/995\/revisions\/2160"}],"up":[{"embeddable":true,"href":"https:\/\/dalmassy.fr\/en\/wp-json\/wp\/v2\/pages\/964"}],"wp:attachment":[{"href":"https:\/\/dalmassy.fr\/en\/wp-json\/wp\/v2\/media?parent=995"}],"curies":[{"name":"wp","href":"https:\/\/api.w.org\/{rel}","templated":true}]}}