{"id":1378,"date":"2019-12-10T15:22:25","date_gmt":"2019-12-10T14:22:25","guid":{"rendered":"http:\/\/dalmassy.fr\/?post_type=product&#038;p=1378"},"modified":"2025-11-22T19:23:49","modified_gmt":"2025-11-22T18:23:49","slug":"ghost-notes","status":"publish","type":"product","link":"https:\/\/dalmassy.fr\/en\/produit\/ghost-notes\/","title":{"rendered":"Les Ghost Notes dans le Rock et le Funk."},"content":{"rendered":"<p>[et_pb_section fb_built=&#8221;1&#8243; _builder_version=&#8221;3.22&#8243; custom_padding=&#8221;0px||||false|false&#8221;][et_pb_row _builder_version=&#8221;4.0.8&#8243; use_background_color_gradient=&#8221;on&#8221; background_color_gradient_start=&#8221;#d6d6d6&#8243; background_color_gradient_end=&#8221;#d6d6d6&#8243; background_size=&#8221;initial&#8221; background_position=&#8221;top_left&#8221; background_repeat=&#8221;repeat&#8221; width=&#8221;100%&#8221; custom_padding=&#8221;0px||0px||false|false&#8221;][et_pb_column type=&#8221;4_4&#8243; _builder_version=&#8221;3.25&#8243; custom_padding=&#8221;|||&#8221; custom_padding__hover=&#8221;|||&#8221;][et_pb_wc_breadcrumb product=&#8221;1378&#8243; breadcrumb_home_text=&#8221;Bonjour !&#8221; _builder_version=&#8221;4.0.8&#8243; body_font=&#8221;|||on|||||&#8221; body_text_color=&#8221;#ffffff&#8221; background_color=&#8221;#160602&#8243;][\/et_pb_wc_breadcrumb][et_pb_wc_cart_notice _builder_version=&#8221;4.0.8&#8243; body_text_color=&#8221;#565656&#8243; custom_button=&#8221;on&#8221; button_border_width=&#8221;3px&#8221; button_border_color=&#8221;#565656&#8243; border_color_all=&#8221;#565656&#8243;][\/et_pb_wc_cart_notice][\/et_pb_column][\/et_pb_row][et_pb_row column_structure=&#8221;1_2,1_2&#8243; _builder_version=&#8221;3.25&#8243; background_size=&#8221;initial&#8221; background_position=&#8221;top_left&#8221; background_repeat=&#8221;repeat&#8221; width=&#8221;100%&#8221; custom_padding=&#8221;0px||||false|false&#8221;][et_pb_column type=&#8221;1_2&#8243; _builder_version=&#8221;3.25&#8243; custom_padding=&#8221;|||&#8221; custom_padding__hover=&#8221;|||&#8221;][et_pb_wc_images _builder_version=&#8221;4.0.8&#8243; custom_margin=&#8221;30px||||false|false&#8221;][\/et_pb_wc_images][\/et_pb_column][et_pb_column type=&#8221;1_2&#8243; _builder_version=&#8221;3.25&#8243; custom_padding=&#8221;|||&#8221; custom_padding__hover=&#8221;|||&#8221;][et_pb_wc_title _builder_version=&#8221;4.0.8&#8243; header_text_color=&#8221;#ffffff&#8221;][\/et_pb_wc_title][et_pb_wc_rating product=&#8221;1378&#8243; _builder_version=&#8221;4.0.8&#8243; background_color=&#8221;#ffffff&#8221;][\/et_pb_wc_rating][et_pb_wc_price _builder_version=&#8221;4.0.8&#8243; body_text_color=&#8221;#000000&#8243; before_sale_price_text_color=&#8221;#000000&#8243; sale_price_text_color=&#8221;#e02b20&#8243;][\/et_pb_wc_price][et_pb_wc_description _builder_version=&#8221;4.0.8&#8243; body_font=&#8221;|600||on|||||&#8221; body_text_color=&#8221;#000000&#8243; header_text_color=&#8221;#000000&#8243; background_color=&#8221;#ffffff&#8221;][\/et_pb_wc_description][et_pb_wc_add_to_cart _builder_version=&#8221;3.0.47&#8243;][\/et_pb_wc_add_to_cart][et_pb_wc_meta _builder_version=&#8221;3.0.47&#8243;][\/et_pb_wc_meta][\/et_pb_column][\/et_pb_row][et_pb_row _builder_version=&#8221;3.25&#8243; use_background_color_gradient=&#8221;on&#8221; background_color_gradient_start=&#8221;#ffffff&#8221; background_color_gradient_end=&#8221;#ffffff&#8221; background_size=&#8221;initial&#8221; background_position=&#8221;top_left&#8221; background_repeat=&#8221;repeat&#8221; width=&#8221;100%&#8221;][et_pb_column type=&#8221;4_4&#8243; _builder_version=&#8221;3.25&#8243; custom_padding=&#8221;|||&#8221; custom_padding__hover=&#8221;|||&#8221;][et_pb_wc_tabs include_tabs=&#8221;|additional_information|reviews&#8221; _builder_version=&#8221;4.0.8&#8243; body_text_color=&#8221;#000000&#8243;] [\/et_pb_wc_tabs][et_pb_wc_upsells icon_hover_color=&#8221;#000000&#8243; hover_overlay_color=&#8221;#e02b20&#8243; _builder_version=&#8221;3.0.47&#8243; title_text_color=&#8221;#8300e9&#8243; rating_text_align=&#8221;left&#8221; rating_text_color=&#8221;#e02b20&#8243; rating_font_size=&#8221;8px&#8221; rating_letter_spacing=&#8221;7px&#8221; product_title_text_color=&#8221;#8300e9&#8243; border_color_all_image=&#8221;rgba(0,0,0,0)&#8221;][\/et_pb_wc_upsells][et_pb_wc_related_products sale_badge_color=&#8221;#e02b20&#8243; _builder_version=&#8221;4.0.8&#8243; title_text_color=&#8221;#191919&#8243; rating_text_color=&#8221;#edf000&#8243; rating_font_size=&#8221;9px&#8221; rating_letter_spacing=&#8221;8px&#8221; product_title_text_color=&#8221;#2d2d2d&#8221; price_text_color=&#8221;#282828&#8243; sale_badge_text_color=&#8221;#ffffff&#8221; sale_price_text_color=&#8221;#141414&#8243; animation_style=&#8221;fade&#8221;][\/et_pb_wc_related_products][\/et_pb_column][\/et_pb_row][\/et_pb_section]<\/p>\n","protected":false},"excerpt":{"rendered":"<p><span style=\"color: #000000;\"><strong><span style=\"font-size: large;\">Bloc : Les Ghost-Notes dans le Rock et le Funk.<\/span><\/strong><\/span><\/p>\n<p><strong>(80 Rythmes et +)<\/strong><\/p>\n<p><span style=\"font-size: medium; color: #000000;\">Les Ghost-Notes sont des notes qui <strong>enrichissent vos rythmes.<\/strong><\/span><\/p>\n<p><span style=\"font-size: medium; color: #000000;\">Tr\u00e8s utilis\u00e9es dans le Funk, elles sont jou\u00e9es tr\u00e8s piano. <\/span><\/p>\n<p><span style=\"color: #000000;\">La difficult\u00e9 (des exercices) est<strong> progressive.<\/strong><\/span><\/p>\n<p><span style=\"color: #000000;\">Niveau moyen, interm\u00e9diaire et avanc\u00e9.<\/span><\/p>\n<p><span style=\"color: #000000;\"><strong>\u00a0Ind\u00e9pendance de la grosse caisse avec les Ghost-Notes.<\/strong><\/span><\/p>\n<p><span style=\"color: #000000;\">Dans cette \u00e9tude vous trouverez :<\/span><\/p>\n<p><span style=\"color: #000000;\"><strong>1\u00e8re partie<\/strong><\/span><\/p>\n<p><span style=\"color: #000000;\">Charleston \u00e0 la croche + Ghost-Notes + le son de votre After Beat.<\/span><\/p>\n<p><span style=\"color: #000000;\"><strong>2\u00e8me partie<\/strong><\/span><\/p>\n<p><span style=\"color: #000000;\">Nous allons \u00e9tudier des<strong> Grooves utilis\u00e9s par des grands batteurs (Denis Chambers, Benny Greb etc)<\/strong><\/span><\/p>\n<p><span style=\"color: #000000;\"><strong>3\u00e8me partie<\/strong><\/span><\/p>\n<p><span style=\"color: #000000;\">Accents sur le charleston + Ghost-Notes + ind\u00e9pendance grosse caisse.<\/span><\/p>\n<p><span style=\"color: #000000;\"><strong>Pour suivre votre \u00e9volution<\/strong><\/span><\/p>\n<p><span style=\"color: #000000;\">Vous pouvez <strong>nous envoyer une vid\u00e9o<\/strong> et nous poser <strong>des questions<\/strong> sur ce site.(<span lang=\"zxx\"><u><a style=\"color: #000000;\" href=\"http:\/\/www.dalmassy.fr\/\">www.dalmassy.fr<\/a><\/u><\/span>)<\/span><\/p>\n<p><span style=\"color: #000000;\">Le but de ce Bloc est de<strong> progresser rapidement.<\/strong><\/span><\/p>\n<p><span style=\"color: #000000;\">Vous y trouverez aussi des conseils pour jouer correctement les exercices.<\/span><\/p>\n<p><span style=\"color: #000000;\"><strong>Vous avez des questions!<\/strong><\/span><\/p>\n<p><span style=\"color: #000000;\">Contactez nous sur <strong>WhatsApp.<\/strong><\/span><\/p>\n<p><span style=\"color: #000000;\"><strong>Bonne Batterie\u00a0!<\/strong><\/span><\/p>\n<p>&nbsp;<\/p>\n","protected":false},"featured_media":2216,"comment_status":"open","ping_status":"closed","template":"","meta":{"_et_pb_use_builder":"on","_et_pb_old_content":"<span style=\"color: #0000ff\"><strong><span style=\"font-size: large\">Bloc : Les Ghost-Notes dans le Rock et le Funk.<\/span><\/strong><\/span>\r\n\r\n<span style=\"font-size: medium;color: #0000ff\">Les Ghost-Notes sont des notes qui <strong>enrichissent vos rythmes.<\/strong><\/span>\r\n\r\n<span style=\"font-size: medium;color: #0000ff\">Tr\u00e8s utilis\u00e9es dans le Funk, elles sont jou\u00e9es tr\u00e8s piano. <\/span>\r\n\r\n<span style=\"color: #0000ff\">La difficult\u00e9 (des exercices) est<strong> progressive.<\/strong><\/span>\r\n\r\n<span style=\"color: #0000ff\">Niveau moyen, interm\u00e9diaire et avanc\u00e9.<\/span>\r\n\r\n<span style=\"color: #0000ff\">Pour travailler ce Bloc , vous devez avoir<strong> une bonne ind\u00e9pendance \u00e0 la grosse caisse.<\/strong><\/span>\r\n\r\n<span style=\"color: #0000ff\">Dans cette \u00e9tude vous trouverez :<\/span>\r\n\r\n<span style=\"color: #0000ff\"><strong>1\u00e8re partie<\/strong><\/span>\r\n\r\n<span style=\"color: #0000ff\">Charleston \u00e0 la croche + Ghost-Notes + Travail du son de votre After Beat.<\/span>\r\n\r\n<span style=\"color: #0000ff\"><strong>2\u00e8me partie<\/strong><\/span>\r\n\r\n<span style=\"color: #0000ff\">Nous allons \u00e9tudier des<strong> Grooves utilis\u00e9s par des grands batteurs (Denis Chambers, Benny Greb etc)<\/strong><\/span>\r\n\r\n<span style=\"color: #0000ff\"><strong>3\u00e8me partie<\/strong><\/span>\r\n\r\n<span style=\"color: #0000ff\">Accents sur le charleston + Ghost-Notes + ind\u00e9pendance grosse caisse.<\/span>\r\n\r\n<span style=\"color: #0000ff\"><strong>Pour suivre votre \u00e9volution<\/strong><\/span>\r\n\r\n<span style=\"color: #0000ff\">Vous pouvez <strong>nous envoyer une vid\u00e9o<\/strong> et nous poser <strong>des questions<\/strong> sur ce site.(<span lang=\"zxx\"><u><a style=\"color: #0000ff\" href=\"http:\/\/www.dalmassy.fr\/\">www.dalmassy.fr<\/a><\/u><\/span>)<\/span>\r\n\r\n<span style=\"color: #0000ff\">Le but de ce Bloc est de<strong> progresser rapidement.<\/strong><\/span>\r\n\r\n<span style=\"color: #0000ff\">Vous y trouverez aussi des conseils pour jouer correctement les exercices.<\/span>\r\n\r\n<span style=\"color: #0000ff\"><strong>Vous avez des questions!<\/strong><\/span>\r\n\r\n<span style=\"color: #0000ff\">Contactez nous sur <strong>WhatsApp.<\/strong><\/span>\r\n\r\n<span style=\"color: #0000ff\"><strong>Bonne Batterie\u00a0!<\/strong><\/span>\r\n\r\n&nbsp;","_et_gb_content_width":""},"product_cat":[67,108],"product_tag":[65,64,63],"_links":{"self":[{"href":"https:\/\/dalmassy.fr\/en\/wp-json\/wp\/v2\/product\/1378"}],"collection":[{"href":"https:\/\/dalmassy.fr\/en\/wp-json\/wp\/v2\/product"}],"about":[{"href":"https:\/\/dalmassy.fr\/en\/wp-json\/wp\/v2\/types\/product"}],"replies":[{"embeddable":true,"href":"https:\/\/dalmassy.fr\/en\/wp-json\/wp\/v2\/comments?post=1378"}],"wp:featuredmedia":[{"embeddable":true,"href":"https:\/\/dalmassy.fr\/en\/wp-json\/wp\/v2\/media\/2216"}],"wp:attachment":[{"href":"https:\/\/dalmassy.fr\/en\/wp-json\/wp\/v2\/media?parent=1378"}],"wp:term":[{"taxonomy":"product_cat","embeddable":true,"href":"https:\/\/dalmassy.fr\/en\/wp-json\/wp\/v2\/product_cat?post=1378"},{"taxonomy":"product_tag","embeddable":true,"href":"https:\/\/dalmassy.fr\/en\/wp-json\/wp\/v2\/product_tag?post=1378"}],"curies":[{"name":"wp","href":"https:\/\/api.w.org\/{rel}","templated":true}]}}