{"id":2439,"date":"2021-01-16T22:53:16","date_gmt":"2021-01-16T21:53:16","guid":{"rendered":"https:\/\/dalmassy.fr\/?post_type=product&#038;p=2439"},"modified":"2025-11-22T19:23:28","modified_gmt":"2025-11-22T18:23:28","slug":"cursus-2","status":"publish","type":"product","link":"https:\/\/dalmassy.fr\/en\/produit\/cursus-2\/","title":{"rendered":"R\u00e9servez votre Stage de Batterie DUO 2 jours"},"content":{"rendered":"","protected":false},"excerpt":{"rendered":"<h3 style=\"text-align: center;\"><span style=\"color: #ff0000;\">R\u00e9server votre Stage de Batterie <\/span><\/h3>\n<h3 style=\"text-align: center;\"><span style=\"color: #ff0000;\">Drumprivil\u00e8ge de 2 jours en DUO<\/span><\/h3>\n<p style=\"text-align: center;\"><span style=\"color: #ff0000;\">Tarif: 220\u20ac<\/span><\/p>\n<p style=\"text-align: center;\"><span style=\"color: #000000;\">Un d\u00e9p\u00f4t de 30 % non remboursable \/ <\/span><\/p>\n<p style=\"text-align: center;\"><span style=\"color: #000000;\">non transf\u00e9rable est demand\u00e9 au moment de la r\u00e9servation.<\/span><\/p>\n<p style=\"text-align: center;\"><span style=\"color: #000000;\">Vous devez payer un Accompte 70\u20ac pour votre R\u00e9servation\u00a0<\/span><\/p>\n<p style=\"text-align: center;\"><span style=\"color: #000000;\">Le solde de 150\u20ac devra \u00eatre pay\u00e9 le premier jour du Stage\u00a0<\/span><\/p>\n<p style=\"text-align: center;\"><span style=\"color: #000000;\">Merci!<\/span><\/p>\n<p>&nbsp;<\/p>\n","protected":false},"featured_media":3196,"comment_status":"open","ping_status":"closed","template":"","meta":{"_et_pb_use_builder":"off","_et_pb_old_content":"","_et_gb_content_width":""},"product_cat":[95],"product_tag":[85,83,84],"_links":{"self":[{"href":"https:\/\/dalmassy.fr\/en\/wp-json\/wp\/v2\/product\/2439"}],"collection":[{"href":"https:\/\/dalmassy.fr\/en\/wp-json\/wp\/v2\/product"}],"about":[{"href":"https:\/\/dalmassy.fr\/en\/wp-json\/wp\/v2\/types\/product"}],"replies":[{"embeddable":true,"href":"https:\/\/dalmassy.fr\/en\/wp-json\/wp\/v2\/comments?post=2439"}],"wp:featuredmedia":[{"embeddable":true,"href":"https:\/\/dalmassy.fr\/en\/wp-json\/wp\/v2\/media\/3196"}],"wp:attachment":[{"href":"https:\/\/dalmassy.fr\/en\/wp-json\/wp\/v2\/media?parent=2439"}],"wp:term":[{"taxonomy":"product_cat","embeddable":true,"href":"https:\/\/dalmassy.fr\/en\/wp-json\/wp\/v2\/product_cat?post=2439"},{"taxonomy":"product_tag","embeddable":true,"href":"https:\/\/dalmassy.fr\/en\/wp-json\/wp\/v2\/product_tag?post=2439"}],"curies":[{"name":"wp","href":"https:\/\/api.w.org\/{rel}","templated":true}]}}