{"id":8016,"date":"2022-01-05T12:15:23","date_gmt":"2022-01-05T11:15:23","guid":{"rendered":"https:\/\/dalmassy.fr\/?post_type=product&#038;p=8016"},"modified":"2025-11-22T19:23:28","modified_gmt":"2025-11-22T18:23:28","slug":"reserver-votre-stage-de-batterie-3-jours","status":"publish","type":"product","link":"https:\/\/dalmassy.fr\/en\/produit\/reserver-votre-stage-de-batterie-3-jours\/","title":{"rendered":"R\u00e9server votre Stage de Batterie INDIVIDUEL 1 jours"},"content":{"rendered":"","protected":false},"excerpt":{"rendered":"<h3 style=\"text-align: center;\"><span style=\"color: #ff0000;\">R\u00e9server votre Stage de Batterie <\/span><\/h3>\n<h3 style=\"text-align: center;\"><span style=\"color: #ff0000;\">Drumprivil\u00e8ge de 1 jours Individuel<\/span><\/h3>\n<p style=\"text-align: center;\"><span style=\"color: #ff0000;\">Tarif: 165\u20ac<\/span><\/p>\n<p style=\"text-align: center;\"><span style=\"color: #000000;\">Un d\u00e9p\u00f4t de 30 % non remboursable \/ <\/span><\/p>\n<p style=\"text-align: center;\"><span style=\"color: #000000;\">non transf\u00e9rable est demand\u00e9 au moment de la r\u00e9servation.<\/span><\/p>\n<p style=\"text-align: center;\"><span style=\"color: #000000;\">Vous devez payer un Accompte 50\u20ac pour votre R\u00e9servation\u00a0<\/span><\/p>\n<p style=\"text-align: center;\"><span style=\"color: #000000;\">Le solde de 115\u20ac devra \u00eatre pay\u00e9 le premier jour du Stage\u00a0<\/span><\/p>\n<p style=\"text-align: center;\"><span style=\"color: #000000;\">Merci!<\/span><\/p>\n","protected":false},"featured_media":8026,"comment_status":"open","ping_status":"closed","template":"","meta":{"_et_pb_use_builder":"","_et_pb_old_content":"","_et_gb_content_width":""},"product_cat":[95],"product_tag":[],"_links":{"self":[{"href":"https:\/\/dalmassy.fr\/en\/wp-json\/wp\/v2\/product\/8016"}],"collection":[{"href":"https:\/\/dalmassy.fr\/en\/wp-json\/wp\/v2\/product"}],"about":[{"href":"https:\/\/dalmassy.fr\/en\/wp-json\/wp\/v2\/types\/product"}],"replies":[{"embeddable":true,"href":"https:\/\/dalmassy.fr\/en\/wp-json\/wp\/v2\/comments?post=8016"}],"wp:featuredmedia":[{"embeddable":true,"href":"https:\/\/dalmassy.fr\/en\/wp-json\/wp\/v2\/media\/8026"}],"wp:attachment":[{"href":"https:\/\/dalmassy.fr\/en\/wp-json\/wp\/v2\/media?parent=8016"}],"wp:term":[{"taxonomy":"product_cat","embeddable":true,"href":"https:\/\/dalmassy.fr\/en\/wp-json\/wp\/v2\/product_cat?post=8016"},{"taxonomy":"product_tag","embeddable":true,"href":"https:\/\/dalmassy.fr\/en\/wp-json\/wp\/v2\/product_tag?post=8016"}],"curies":[{"name":"wp","href":"https:\/\/api.w.org\/{rel}","templated":true}]}}