{"id":8021,"date":"2022-01-05T16:01:50","date_gmt":"2022-01-05T15:01:50","guid":{"rendered":"https:\/\/dalmassy.fr\/?post_type=product&#038;p=8021"},"modified":"2025-11-22T19:22:34","modified_gmt":"2025-11-22T18:22:34","slug":"reserver-votre-stage-de-batterie-drumprivilege-de-4-jours","status":"publish","type":"product","link":"https:\/\/dalmassy.fr\/en\/produit\/reserver-votre-stage-de-batterie-drumprivilege-de-4-jours\/","title":{"rendered":"R\u00e9server votre Stage de Batterie INDIVIDUEL 2 jours"},"content":{"rendered":"","protected":false},"excerpt":{"rendered":"<h3 style=\"text-align: center;\"><span style=\"color: #ff0000;\">R\u00e9server votre Stage de Batterie <\/span><\/h3>\n<h3 style=\"text-align: center;\"><span style=\"color: #ff0000;\">Drumprivil\u00e8ge de 2 jours Individuel<\/span><\/h3>\n<p style=\"text-align: center;\"><span style=\"color: #ff0000;\">Tarif: 280\u20ac<\/span><\/p>\n<p style=\"text-align: center;\"><span style=\"color: #000000;\">Un d\u00e9p\u00f4t de 30 % non remboursable \/ <\/span><\/p>\n<p style=\"text-align: center;\"><span style=\"color: #000000;\">non transf\u00e9rable est demand\u00e9 au moment de la r\u00e9servation.<\/span><\/p>\n<p style=\"text-align: center;\"><span style=\"color: #000000;\">Vous devez payer un Accompte 80\u20ac pour votre R\u00e9servation\u00a0<\/span><\/p>\n<p style=\"text-align: center;\"><span style=\"color: #000000;\">Le solde de 200\u20ac devra \u00eatre pay\u00e9 le premier jour du Stage\u00a0<\/span><\/p>\n<p style=\"text-align: center;\"><span style=\"color: #000000;\">Merci!<\/span><\/p>\n","protected":false},"featured_media":8022,"comment_status":"open","ping_status":"closed","template":"","meta":{"_et_pb_use_builder":"off","_et_pb_old_content":"\u00a0\r\n\r\n\u00a0","_et_gb_content_width":""},"product_cat":[95],"product_tag":[96],"_links":{"self":[{"href":"https:\/\/dalmassy.fr\/en\/wp-json\/wp\/v2\/product\/8021"}],"collection":[{"href":"https:\/\/dalmassy.fr\/en\/wp-json\/wp\/v2\/product"}],"about":[{"href":"https:\/\/dalmassy.fr\/en\/wp-json\/wp\/v2\/types\/product"}],"replies":[{"embeddable":true,"href":"https:\/\/dalmassy.fr\/en\/wp-json\/wp\/v2\/comments?post=8021"}],"wp:featuredmedia":[{"embeddable":true,"href":"https:\/\/dalmassy.fr\/en\/wp-json\/wp\/v2\/media\/8022"}],"wp:attachment":[{"href":"https:\/\/dalmassy.fr\/en\/wp-json\/wp\/v2\/media?parent=8021"}],"wp:term":[{"taxonomy":"product_cat","embeddable":true,"href":"https:\/\/dalmassy.fr\/en\/wp-json\/wp\/v2\/product_cat?post=8021"},{"taxonomy":"product_tag","embeddable":true,"href":"https:\/\/dalmassy.fr\/en\/wp-json\/wp\/v2\/product_tag?post=8021"}],"curies":[{"name":"wp","href":"https:\/\/api.w.org\/{rel}","templated":true}]}}